{"id":719,"date":"2010-06-25T12:54:44","date_gmt":"2010-06-25T12:54:44","guid":{"rendered":"https:\/\/www.gruene-hessen.de\/partei\/"},"modified":"2025-06-11T15:45:18","modified_gmt":"2025-06-11T13:45:18","slug":"spenden","status":"publish","type":"page","link":"https:\/\/www.gruene-hessen.de\/partei\/spenden\/","title":{"rendered":"Unterst\u00fctze die Arbeit von B\u00dcNDNIS 90\/DIE GR\u00dcNEN Hessen"},"content":{"rendered":"\n<p>Du findest <strong>gr\u00fcne Politik<\/strong> wichtig und bist der Meinung, Hessen muss noch viel gr\u00fcner werden? Wir freuen uns \u00fcber <strong>Deine Unterst\u00fctzung und Deine Spende<\/strong>. Jeder Beitrag ist wertvoll! Vielen Dank!<\/p>\n\n\n\n<!-- twingle -->\n<script type=\"text\/javascript\">\n\t(function() {\n\t\tvar u=\"https:\/\/spenden.twingle.de\/embed\/bundnis-90-die-grunen-hessen\/allgemeine-spende\/tw644a3c3971746\/widget\";\n\t\tvar id = '_' + Math.random().toString(36).substr(2, 9);\n\t\tvar d=document, g=d.createElement('script'), s=d.getElementsByTagName('script')[0];\n\t\tdocument.write('<div id=\"twingle-public-embed-' + id + '\"><\/div>');\n\t\tg.type='text\/javascript'; g.async=true; g.defer=true; g.src=u+'\/'+id; s.parentNode.insertBefore(g,s);\n\t})();\n<\/script>\n<!-- twingle -->\n\n\n\n<hr class=\"wp-block-separator has-alpha-channel-opacity\" \/>\n\n\n\n<div class=\"wp-block-columns is-layout-flex wp-container-corecolumns-is-layout-9d6595d7 wp-block-columns-is-layout-flex\">\n<div class=\"wp-block-column has-text-color has-background is-layout-flow wp-block-column-is-layout-flow\" style=\"color:#0a321e;background-color:#008939;padding-top:var(--wp--preset--spacing--50);padding-right:var(--wp--preset--spacing--50);padding-bottom:var(--wp--preset--spacing--50);padding-left:var(--wp--preset--spacing--50)\">\n<p class=\"has-text-align-center has-white-color has-text-color has-link-color wp-elements-cd618af41de413560cbf6beb4e10217b\">Wenn Du <strong>per \u00dcberweisung <\/strong>spenden m\u00f6chtest:<\/p>\n\n\n\n<p class=\"has-text-align-center has-white-color has-text-color has-link-color wp-elements-410885d1a6b29cd7067bec8ec75135cb\">Empf\u00e4nger: B\u00dcNDNIS 90\/DIE GR\u00dcNEN Hessen<br>IBAN: DE28 5105 0015 0101 2645 64<br>Nassauische Sparkasse Wiesbaden<br>Verwendungszweck: Spende <br><br>Vielen Dank f\u00fcr deine Unterst\u00fctzung!<\/p>\n<\/div>\n\n\n\n<div class=\"wp-block-column has-white-color has-text-color has-background is-layout-flow wp-block-column-is-layout-flow\" style=\"background-color:#0a321e;padding-top:var(--wp--preset--spacing--50);padding-right:var(--wp--preset--spacing--50);padding-bottom:var(--wp--preset--spacing--50);padding-left:var(--wp--preset--spacing--50)\">\n<p class=\"has-text-align-center has-white-color has-text-color\"><strong>Ansprechpartnerin<\/strong> <\/p>\n\n\n\n<p class=\"has-text-align-center has-white-color has-text-color\">Marieke Aland <br>0611 989 2055<br><a href=\"mailto:spenden@gruene-hessen.de\" title=\"spenden@gruene-hessen.de\">spenden@gruene-hessen.de<\/a><\/p>\n\n\n\n<p class=\"has-text-align-center\"><br>Bei Fragen hilft dir gerne <a href=\"https:\/\/www.gruene-hessen.de\/partei\/unsere-landesgeschaeftsstelle\/\" target=\"_blank\" rel=\"noreferrer noopener\">Marieke Aland<\/a> weiter. <\/p>\n<\/div>\n<\/div>\n\n\n\n<p><\/p>\n\n\n\n<div class=\"wp-block-columns has-white-color has-text-color has-background is-layout-flex wp-container-corecolumns-is-layout-01629885 wp-block-columns-is-layout-flex\" style=\"background-color:#0ba1dd;padding-top:var(--wp--preset--spacing--50);padding-right:var(--wp--preset--spacing--50);padding-bottom:var(--wp--preset--spacing--50);padding-left:var(--wp--preset--spacing--50)\">\n<div class=\"wp-block-column is-layout-flow wp-block-column-is-layout-flow\">\n<p class=\"has-text-align-center\">M\u00f6chtest du Mitglied werden? <a href=\"https:\/\/www.gruene.de\/mitglied-werden\">Hier <\/a>geht\u00b4s zur Online-Anmeldung!<\/p>\n<\/div>\n<\/div>\n\n\n\n<div style=\"height:50px\" aria-hidden=\"true\" class=\"wp-block-spacer\"><\/div>\n\n\n\n<h2 class=\"wp-block-heading\">FAQ<\/h2>\n\n\n\n<div style=\"height:30px\" aria-hidden=\"true\" class=\"wp-block-spacer\"><\/div>\n\n\n\n<div data-schema-only=\"false\" class=\"wp-block-aioseo-faq\"><h3 class=\"aioseo-faq-block-question\">Ich m\u00f6chte Mitglied werden<\/h3><div class=\"aioseo-faq-block-answer\">\n\n<p>Gerne! Hier geht\u2019s zur Anmeldung: <a href=\"https:\/\/www.gruene.de\/mitglied-werden\" target=\"_blank\" rel=\"noopener\" title=\"\">https:\/\/www.gruene.de\/mitglied-werden<\/a>. Herzlich Willkommen!<\/p>\n\n\n<p><\/p>\n\n\n<p><\/p>\n\n<\/div><\/div>\n\n\n\n<div data-schema-only=\"false\" class=\"wp-block-aioseo-faq\"><h3 class=\"aioseo-faq-block-question\"><strong>Wie kann ich die Gr\u00fcnen bei mir vor Ort unterst\u00fctzen?<\/strong><\/h3><div class=\"aioseo-faq-block-answer\">\n\n<p>Melde dich gerne vor Ort bei <a href=\"https:\/\/www.gruene-hessen.de\/partei\/gruene-vor-ort-in-hessen\/\" target=\"_blank\" rel=\"noopener\" title=\"unseren Kreis- und Ortsverb\u00e4nden\">unseren Kreis- und Ortsverb\u00e4nden<\/a> und frag nach deren Pl\u00e4nen &amp; deinen M\u00f6glichkeiten.<\/p>\n\n\n<p><\/p>\n\n\n<p><\/p>\n\n<\/div><\/div>\n\n\n\n<div data-schema-only=\"false\" class=\"wp-block-aioseo-faq\"><h3 class=\"aioseo-faq-block-question\"><strong>Was kann ich dar\u00fcber hinaus tun?<\/strong><\/h3><div class=\"aioseo-faq-block-answer\">\n\n<p>Wir freuen uns, wenn Du uns auf unseren Social Media Kan\u00e4len folgst, die Inhalte teilst und mit uns in den Dialog gehst. Zu unseren Kan\u00e4len: <a href=\"https:\/\/www.instagram.com\/gruenehessen\/\" target=\"_blank\" rel=\"noopener\" title=\"Instagram\">Instagram<\/a>, <u><a href=\"https:\/\/www.facebook.com\/gruenehessen\" target=\"_blank\" rel=\"noopener\" title=\"Facebook\">Facebook<\/a><\/u> und <a href=\"https:\/\/twitter.com\/gruenehessen\" target=\"_blank\" rel=\"noopener\" title=\"Twitter \"><u>Twitter<\/u> <\/a><\/p>\n\n\n<p><\/p>\n\n\n<p><\/p>\n\n<\/div><\/div>\n\n\n\n<div data-schema-only=\"false\" class=\"wp-block-aioseo-faq\"><h3 class=\"aioseo-faq-block-question\"><strong>Parteispenden sind steuerlich absetzbar<\/strong><\/h3><div class=\"aioseo-faq-block-answer\">\n\n<p>Parteispenden werden vom Gesetzgeber als Beitrag zur St\u00e4rkung des demokratischen Gemeinwesens steuerlich beg\u00fcnstigt. Dies gilt f\u00fcr s\u00e4mtliche Zuwendungen: also neben Spenden auch Mitgliedsbeitr\u00e4ge und Mandatstr\u00e4gerbeitr\u00e4ge.<\/p>\n\n\n<p><\/p>\n\n\n<p><\/p>\n\n<\/div><\/div>\n\n\n\n<div data-schema-only=\"false\" class=\"wp-block-aioseo-faq\"><h3 class=\"aioseo-faq-block-question\"><strong>Spendenquittung<\/strong><\/h3><div class=\"aioseo-faq-block-answer\">\n\n<p>F\u00fcr Zuwendungen bis 300 \u20ac ben\u00f6tigst Du keine Zuwendungsbest\u00e4tigung f\u00fcr das Finanzamt. Ein Kontoauszug reicht! Alle Spender*innen, die mindestens 50 \u20ac im Jahr gespendet haben, erhalten von uns automatisch Anfang des kommenden Jahres eine Zuwendungsbest\u00e4tigung, sofern uns eine Adresse vorliegt. Diese belegt alle Spenden, die im Vorjahr get\u00e4tigt wurden.<\/p>\n\n\n<p><\/p>\n\n\n<p><\/p>\n\n<\/div><\/div>\n\n\n\n<div data-schema-only=\"false\" class=\"wp-block-aioseo-faq\"><h3 class=\"aioseo-faq-block-question\"><strong>Wie mache ich Spenden und Mitgliedsbeitr\u00e4ge an Parteien bei der Steuer geltend?<\/strong><\/h3><div class=\"aioseo-faq-block-answer\">\n\n<p>Die Zuwendungsbest\u00e4tigung oder den Kontoauszug kannst Du bei deiner Steuererkl\u00e4rung einreichen. Die zu zahlende Einkommenssteuer wird durch die Zuwendung an eine Partei um die H\u00e4lfte des gespendeten Beitrags reduziert. Das hei\u00dft, wenn Du 100 \u20ac gespendet hast, reduziert sich Deine zu zahlende Einkommenssteuer um 50 \u20ac. Spenden gibst Du im \u201eMantelbogen\u201c der Erkl\u00e4rung an. <\/p>\n\n\n<p>Diese Regelung gilt bei Einzelpersonen bis zu einem maximalem Spendenbeitrag von 1.650 \u20ac sowie bis 3.300 \u20ac bei Zusammen-Veranlagungen. Bei Spendensummen, die dar\u00fcber hinaus gehen, reduziert der \u00fcbersteigende Betrag das zu versteuernde Einkommen. Im Gesetz nachlesbar: Absetzbarkeit nach \u00a734g EstG und \u00a710 Abs. 2 EstG. <\/p>\n\n\n<p><\/p>\n\n\n<p><\/p>\n\n<\/div><\/div>\n\n\n\n<div data-schema-only=\"false\" class=\"wp-block-aioseo-faq\"><h3 class=\"aioseo-faq-block-question\">Parteispenden von Kapitalgesellschaften<\/h3><div class=\"aioseo-faq-block-answer\">\n\n<p>Steuerlich nicht beg\u00fcnstigt sind Parteispenden von Kapitalgesellschaften. Spenden von Personengesellschaften sind im Rahmen der oben genannten H\u00f6chstbeitr\u00e4ge absetzbar, wenn die Spende namentlich durch einen Gesellschafter erfolgt. Hier helfen Steuerberater*innen weiter.<\/p>\n\n\n<p><\/p>\n\n\n<p><\/p>\n\n<\/div><\/div>\n\n\n\n<div data-schema-only=\"false\" class=\"wp-block-aioseo-faq\"><h3 class=\"aioseo-faq-block-question\"><strong>Staatliche Unterst\u00fctzung f\u00fcr Partei-Spenden <\/strong><\/h3><div class=\"aioseo-faq-block-answer\">\n\n<p>Im Rahmen der Staatlichen Parteienfinanzierung werden Spenden von Privatpersonen finanziell beg\u00fcnstigt. Bis j\u00e4hrlich 3.300 \u20ac je Spender*in erhalten die Gr\u00fcnen Hessen 0,45 \u20ac je gespendeten Euro.&nbsp; <\/p>\n\n\n<p><\/p>\n\n<\/div><\/div>\n\n\n\n<div data-schema-only=\"false\" class=\"wp-block-aioseo-faq\"><h3 class=\"aioseo-faq-block-question\"><strong>Transparenz schafft Vertrauen <\/strong><\/h3><div class=\"aioseo-faq-block-answer\">\n\n<p>Als erste Partei ver\u00f6ffentlicht B\u00dcNDNIS 90\/DIE GR\u00dcNEN auch alle Spendeneinnahmen der letzten f\u00fcnf Jahre an gr\u00fcne Kreisverb\u00e4nde. Diese sind immer einsehbar unter: <a href=\"https:\/\/www.gruene.de\/service\/spenden-und-transparenz\" target=\"_blank\" rel=\"noopener\" title=\"\">https:\/\/www.gruene.de\/service\/spenden-und-transparenz<\/a>. Weiterhin findest Du dort auch Einnahmen aus Sponsoring-Vertr\u00e4gen und den Gr\u00fcnen Spenden-Kodex sowie <a href=\"https:\/\/www.gruene-hessen.de\/partei\/gruene-programme\/satzung-ordnungen-statute\/\" target=\"_blank\" rel=\"noopener\" title=\"\">Statuten, Ordnungen und die Satzung<\/a> von B\u00dcNDNIS 90\/DIE GR\u00dcNEN Hessen.<\/p>\n\n\n<p><\/p>\n\n<\/div><\/div>\n\n\n\n<div data-schema-only=\"false\" class=\"wp-block-aioseo-faq\"><h3 class=\"aioseo-faq-block-question\"><strong>Datenschutz <\/strong><\/h3><div class=\"aioseo-faq-block-answer\">\n\n<p>Der Schutz Eurer Daten ist uns sehr wichtig! In <a href=\"https:\/\/www.gruene-hessen.de\/datenschutzerklaerung\/\" target=\"_blank\" rel=\"noopener\" title=\"unsere Bestimmungen\">unsere Bestimmungen<\/a> kannst Du mehr dar\u00fcber nachlasen.  <\/p>\n\n\n<p><\/p>\n\n<\/div><\/div>\n","protected":false},"excerpt":{"rendered":"<p>Du findest gr\u00fcne Politik wichtig und bist der Meinung, Hessen muss noch viel gr\u00fcner werden? Wir freuen uns \u00fcber Deine Unterst\u00fctzung und Deine Spende. Jeder Beitrag ist wertvoll! Vielen Dank! Wenn Du per \u00dcberweisung spenden m\u00f6chtest: Empf\u00e4nger: B\u00dcNDNIS 90\/DIE GR\u00dcNEN HessenIBAN: DE28 5105 0015 0101 2645 64Nassauische Sparkasse WiesbadenVerwendungszweck: Spende Vielen Dank f\u00fcr deine Unterst\u00fctzung! [&hellip;]<\/p>\n","protected":false},"author":95,"featured_media":0,"parent":0,"menu_order":0,"comment_status":"open","ping_status":"open","template":"","meta":{"_acf_changed":false,"ngg_post_thumbnail":0,"footnotes":""},"class_list":["post-719","page","type-page","status-publish","hentry"],"acf":[],"yoast_head":"<!-- This site is optimized with the Yoast SEO plugin v27.4 - https:\/\/yoast.com\/product\/yoast-seo-wordpress\/ -->\n<title>Unterst\u00fctze B\u00dcNDNIS 90\/DIE GR\u00dcNEN Hessen mit deiner Spende<\/title>\n<meta name=\"description\" content=\"Hilf dabei, Hessen GR\u00dcNer zu machen und unterst\u00fctze die Arbeit mit deiner Spende. Jeder Beitrag hilft, jede Spende ist wertvoll!\" \/>\n<meta name=\"robots\" content=\"index, follow, max-snippet:-1, max-image-preview:large, max-video-preview:-1\" \/>\n<link rel=\"canonical\" href=\"https:\/\/www.gruene-hessen.de\/partei\/spenden\/\" \/>\n<meta property=\"og:locale\" content=\"de_DE\" \/>\n<meta property=\"og:type\" content=\"article\" \/>\n<meta property=\"og:title\" content=\"Unterst\u00fctze B\u00dcNDNIS 90\/DIE GR\u00dcNEN Hessen mit deiner Spende\" \/>\n<meta property=\"og:description\" content=\"Hilf dabei, Hessen GR\u00dcNer zu machen und unterst\u00fctze die Arbeit mit deiner Spende. Jeder Beitrag hilft, jede Spende ist wertvoll!\" \/>\n<meta property=\"og:url\" content=\"https:\/\/www.gruene-hessen.de\/partei\/spenden\/\" \/>\n<meta property=\"og:site_name\" content=\"Landesverband B\u00dcNDNIS 90\/DIE GR\u00dcNEN Hessen\" \/>\n<meta property=\"article:modified_time\" content=\"2025-06-11T13:45:18+00:00\" \/>\n<meta name=\"twitter:card\" content=\"summary_large_image\" \/>\n<meta name=\"twitter:label1\" content=\"Gesch\u00e4tzte Lesezeit\" \/>\n\t<meta name=\"twitter:data1\" content=\"3\u00a0Minuten\" \/>\n<script type=\"application\/ld+json\" class=\"yoast-schema-graph\">{\"@context\":\"https:\\\/\\\/schema.org\",\"@graph\":[{\"@type\":\"WebPage\",\"@id\":\"https:\\\/\\\/www.gruene-hessen.de\\\/partei\\\/spenden\\\/\",\"url\":\"https:\\\/\\\/www.gruene-hessen.de\\\/partei\\\/spenden\\\/\",\"name\":\"Unterst\u00fctze B\u00dcNDNIS 90\\\/DIE GR\u00dcNEN Hessen mit deiner Spende\",\"isPartOf\":{\"@id\":\"https:\\\/\\\/www.gruene-hessen.de\\\/partei\\\/#website\"},\"datePublished\":\"2010-06-25T12:54:44+00:00\",\"dateModified\":\"2025-06-11T13:45:18+00:00\",\"description\":\"Hilf dabei, Hessen GR\u00dcNer zu machen und unterst\u00fctze die Arbeit mit deiner Spende. Jeder Beitrag hilft, jede Spende ist wertvoll!\",\"breadcrumb\":{\"@id\":\"https:\\\/\\\/www.gruene-hessen.de\\\/partei\\\/spenden\\\/#breadcrumb\"},\"inLanguage\":\"de\",\"potentialAction\":[{\"@type\":\"ReadAction\",\"target\":[\"https:\\\/\\\/www.gruene-hessen.de\\\/partei\\\/spenden\\\/\"]}]},{\"@type\":\"BreadcrumbList\",\"@id\":\"https:\\\/\\\/www.gruene-hessen.de\\\/partei\\\/spenden\\\/#breadcrumb\",\"itemListElement\":[{\"@type\":\"ListItem\",\"position\":1,\"name\":\"Startseite\",\"item\":\"https:\\\/\\\/www.gruene-hessen.de\\\/partei\\\/\"},{\"@type\":\"ListItem\",\"position\":2,\"name\":\"Unterst\u00fctze die Arbeit von B\u00dcNDNIS 90\\\/DIE GR\u00dcNEN Hessen\"}]},{\"@type\":\"WebSite\",\"@id\":\"https:\\\/\\\/www.gruene-hessen.de\\\/partei\\\/#website\",\"url\":\"https:\\\/\\\/www.gruene-hessen.de\\\/partei\\\/\",\"name\":\"Landesverband B\u00dcNDNIS 90\\\/DIE GR\u00dcNEN Hessen\",\"description\":\"\",\"potentialAction\":[{\"@type\":\"SearchAction\",\"target\":{\"@type\":\"EntryPoint\",\"urlTemplate\":\"https:\\\/\\\/www.gruene-hessen.de\\\/partei\\\/?s={search_term_string}\"},\"query-input\":{\"@type\":\"PropertyValueSpecification\",\"valueRequired\":true,\"valueName\":\"search_term_string\"}}],\"inLanguage\":\"de\"}]}<\/script>\n<!-- \/ Yoast SEO plugin. -->","yoast_head_json":{"title":"Unterst\u00fctze B\u00dcNDNIS 90\/DIE GR\u00dcNEN Hessen mit deiner Spende","description":"Hilf dabei, Hessen GR\u00dcNer zu machen und unterst\u00fctze die Arbeit mit deiner Spende. Jeder Beitrag hilft, jede Spende ist wertvoll!","robots":{"index":"index","follow":"follow","max-snippet":"max-snippet:-1","max-image-preview":"max-image-preview:large","max-video-preview":"max-video-preview:-1"},"canonical":"https:\/\/www.gruene-hessen.de\/partei\/spenden\/","og_locale":"de_DE","og_type":"article","og_title":"Unterst\u00fctze B\u00dcNDNIS 90\/DIE GR\u00dcNEN Hessen mit deiner Spende","og_description":"Hilf dabei, Hessen GR\u00dcNer zu machen und unterst\u00fctze die Arbeit mit deiner Spende. Jeder Beitrag hilft, jede Spende ist wertvoll!","og_url":"https:\/\/www.gruene-hessen.de\/partei\/spenden\/","og_site_name":"Landesverband B\u00dcNDNIS 90\/DIE GR\u00dcNEN Hessen","article_modified_time":"2025-06-11T13:45:18+00:00","twitter_card":"summary_large_image","twitter_misc":{"Gesch\u00e4tzte Lesezeit":"3\u00a0Minuten"},"schema":{"@context":"https:\/\/schema.org","@graph":[{"@type":"WebPage","@id":"https:\/\/www.gruene-hessen.de\/partei\/spenden\/","url":"https:\/\/www.gruene-hessen.de\/partei\/spenden\/","name":"Unterst\u00fctze B\u00dcNDNIS 90\/DIE GR\u00dcNEN Hessen mit deiner Spende","isPartOf":{"@id":"https:\/\/www.gruene-hessen.de\/partei\/#website"},"datePublished":"2010-06-25T12:54:44+00:00","dateModified":"2025-06-11T13:45:18+00:00","description":"Hilf dabei, Hessen GR\u00dcNer zu machen und unterst\u00fctze die Arbeit mit deiner Spende. Jeder Beitrag hilft, jede Spende ist wertvoll!","breadcrumb":{"@id":"https:\/\/www.gruene-hessen.de\/partei\/spenden\/#breadcrumb"},"inLanguage":"de","potentialAction":[{"@type":"ReadAction","target":["https:\/\/www.gruene-hessen.de\/partei\/spenden\/"]}]},{"@type":"BreadcrumbList","@id":"https:\/\/www.gruene-hessen.de\/partei\/spenden\/#breadcrumb","itemListElement":[{"@type":"ListItem","position":1,"name":"Startseite","item":"https:\/\/www.gruene-hessen.de\/partei\/"},{"@type":"ListItem","position":2,"name":"Unterst\u00fctze die Arbeit von B\u00dcNDNIS 90\/DIE GR\u00dcNEN Hessen"}]},{"@type":"WebSite","@id":"https:\/\/www.gruene-hessen.de\/partei\/#website","url":"https:\/\/www.gruene-hessen.de\/partei\/","name":"Landesverband B\u00dcNDNIS 90\/DIE GR\u00dcNEN Hessen","description":"","potentialAction":[{"@type":"SearchAction","target":{"@type":"EntryPoint","urlTemplate":"https:\/\/www.gruene-hessen.de\/partei\/?s={search_term_string}"},"query-input":{"@type":"PropertyValueSpecification","valueRequired":true,"valueName":"search_term_string"}}],"inLanguage":"de"}]}},"_links":{"self":[{"href":"https:\/\/www.gruene-hessen.de\/partei\/wp-json\/wp\/v2\/pages\/719","targetHints":{"allow":["GET"]}}],"collection":[{"href":"https:\/\/www.gruene-hessen.de\/partei\/wp-json\/wp\/v2\/pages"}],"about":[{"href":"https:\/\/www.gruene-hessen.de\/partei\/wp-json\/wp\/v2\/types\/page"}],"author":[{"embeddable":true,"href":"https:\/\/www.gruene-hessen.de\/partei\/wp-json\/wp\/v2\/users\/95"}],"replies":[{"embeddable":true,"href":"https:\/\/www.gruene-hessen.de\/partei\/wp-json\/wp\/v2\/comments?post=719"}],"version-history":[{"count":81,"href":"https:\/\/www.gruene-hessen.de\/partei\/wp-json\/wp\/v2\/pages\/719\/revisions"}],"predecessor-version":[{"id":26375,"href":"https:\/\/www.gruene-hessen.de\/partei\/wp-json\/wp\/v2\/pages\/719\/revisions\/26375"}],"wp:attachment":[{"href":"https:\/\/www.gruene-hessen.de\/partei\/wp-json\/wp\/v2\/media?parent=719"}],"curies":[{"name":"wp","href":"https:\/\/api.w.org\/{rel}","templated":true}]}}