{"id":24845,"date":"2023-01-18T08:04:28","date_gmt":"2023-01-18T07:04:28","guid":{"rendered":"https:\/\/www.gruene-hessen.de\/partei\/?page_id=24845"},"modified":"2025-02-24T15:46:37","modified_gmt":"2025-02-24T14:46:37","slug":"unsere-landesgeschaeftsstelle","status":"publish","type":"page","link":"https:\/\/www.gruene-hessen.de\/partei\/unsere-landesgeschaeftsstelle\/","title":{"rendered":"Unsere Landesgesch\u00e4ftsstelle"},"content":{"rendered":"\n<p>Herzlich willkommen in der Landesgesch\u00e4ftsstelle (LGS) von B\u00dcNDNIS 90\/DIE GR\u00dcNEN Hessen. Wir Mitarbeiter*innen bilden ein engagiertes Team, das den hessischen Landesverband organisiert und entwickelt, sowie Themen und Ziele der Partei nach au\u00dfen kommuniziert.<\/p>\n\n\n\n<p>Wir unterst\u00fctzen den Landesvorstand und unsere Gliederungen organisatorisch und inhaltlich bei ihrer Arbeit. Wir realisieren Veranstaltungen, Parteitage und Wahlk\u00e4mpfe und sind Anlaufstelle f\u00fcr Menschen innerhalb und au\u00dferhalb der Partei, die mit uns zusammen Hessen gestalten wollen.<\/p>\n\n\n\n<p>Neben unserem Team befindet sich in den R\u00e4umen in der Mainzer Stra\u00dfe 75 auch die Gesch\u00e4ftsstelle der <a title=\"\" href=\"https:\/\/www.gak-hessen.de\/\" target=\"_blank\" rel=\"noopener\">GR\u00dcNEN und Alternativen in den Kommunalvertretungen Hessen e.V. (GAK)<\/a>.<\/p>\n\n\n\n<div style=\"height:100px\" aria-hidden=\"true\" class=\"wp-block-spacer\"><\/div>\n\n\n\n<div class=\"wp-block-columns lgs-info-wrapper is-layout-flex wp-container-corecolumns-is-layout-9d6595d7 wp-block-columns-is-layout-flex\">\n<div class=\"wp-block-column is-layout-flow wp-block-column-is-layout-flow\">\n<p class=\"has-text-align-center\"><strong>Servicezeiten<\/strong><\/p>\n\n\n\n<p>Montag bis Freitag: 9:00 bis 13:00 Uhr <\/p>\n\n\n\n<p><em>W\u00e4hrend Wahlk\u00e4mpfen und im Vorfeld von Veranstaltungen kann die Beantwortung einzelner Anfragen etwas l\u00e4nger dauern. Wir bitten hierf\u00fcr um Verst\u00e4ndnis!<\/em><\/p>\n<\/div>\n\n\n\n<div class=\"wp-block-column is-layout-flow wp-block-column-is-layout-flow\">\n<p class=\"has-text-align-center\"><strong>Adresse<\/strong><\/p>\n\n\n\n<p>B\u00dcNDNIS 90\/DIE GR\u00dcNEN Hessen<br>Mainzer Stra\u00dfe 75<br>65189 Wiesbaden<\/p>\n\n\n\n<p>Tel.: 0611 98920-0<br>Fax: 0611 98920-33 <br>E-Mail: <a href=\"mailto:landesverband@gruene-hessen.de\">landesverband@gruene- hessen.de<\/a><\/p>\n<\/div>\n\n\n\n<div class=\"wp-block-column is-layout-flow wp-block-column-is-layout-flow\">\n<p class=\"has-text-align-center\"><strong>GR\u00dcNE Jobs<\/strong><\/p>\n\n\n\n<p>Du m\u00f6chtest mit uns die Welt ver\u00e4ndern und Teil unseres motivierten Teams werden?<\/p>\n\n\n\n<div class=\"wp-block-buttons is-layout-flex wp-block-buttons-is-layout-flex\">\n<div class=\"wp-block-button\"><a class=\"wp-block-button__link wp-element-button\" href=\"https:\/\/www.gruene-hessen.de\/partei\/unsere-landesgeschaeftsstelle\/gruene-jobs\/\">Stellenausschreibung<\/a><\/div>\n<\/div>\n\n\n\n<div class=\"wp-block-buttons is-layout-flex wp-block-buttons-is-layout-flex\">\n<div class=\"wp-block-button\"><a class=\"wp-block-button__link wp-element-button\" href=\"https:\/\/www.gruene-hessen.de\/partei\/unsere-landesgeschaeftsstelle\/praktikum-in-der-landesgeschaeftsstelle\/\">Praktika<\/a><\/div>\n<\/div>\n<\/div>\n<\/div>\n\n\n\n<div style=\"height:100px\" aria-hidden=\"true\" class=\"wp-block-spacer\"><\/div>\n\n\n\n<div class=\"wp-block-group hessen-filter-manager team-info\"><div class=\"wp-block-group__inner-container is-layout-constrained wp-block-group-is-layout-constrained\">\n<div class=\"wp-block-columns filter-teams is-layout-flex wp-container-corecolumns-is-layout-9d6595d7 wp-block-columns-is-layout-flex\">\n<div class=\"wp-block-column is-layout-flow wp-block-column-is-layout-flow\">\n<p class=\"filter-team aktiv\">Team<\/p>\n<\/div>\n\n\n\n<div class=\"wp-block-column is-layout-flow wp-block-column-is-layout-flow\">\n<p class=\"filter-presseanfragen\">Presseanfragen<\/p>\n<\/div>\n\n\n\n<div class=\"wp-block-column is-layout-flow wp-block-column-is-layout-flow\">\n<p class=\"filter-ombudsperson\">Ombudspersonen<\/p>\n<\/div>\n\n\n\n<div class=\"wp-block-column is-layout-flow wp-block-column-is-layout-flow\">\n<p class=\"filter-anfahrt\">Anfahrt<\/p>\n<\/div>\n<\/div>\n\n\n\n<div class=\"wp-block-group filter-team-content\"><div class=\"wp-block-group__inner-container is-layout-constrained wp-block-group-is-layout-constrained\"><div class=\"personen-loop\"><article><div class=\"personen-portrait\" style=\"background-image:url(https:\/\/www.gruene-hessen.de\/partei\/files\/2019\/09\/DSC_0028-360x250.jpg)\"><\/div><p class=\"personen-name\">B\u00e4rbel Hartmann<\/p><p class=\"personen-bezeichnung\">Landesgesch\u00e4ftsf\u00fchrerin<\/p><p class=\"personen-email\"><a href=\"mailto:baerbel.hartmann@gruene-hessen.de\">baerbel.hartmann@gruene-hessen.de<\/a><\/p><p class=\"personen-telefon\"><a href=\"tel:0611 98920-12\">0611 98920-12<\/a><\/p><\/article><article><div class=\"personen-portrait\" style=\"background-image:url(https:\/\/www.gruene-hessen.de\/partei\/files\/2017\/08\/Platzhalter-150x150.jpg)\"><\/div><p class=\"personen-name\">Yvonne Windel<\/p><p class=\"personen-bezeichnung\">Vorstandsreferentin<\/p><p class=\"personen-email\"><a href=\"mailto:yvonne.windel@gruene-hessen.de\">yvonne.windel@gruene-hessen.de<\/a><\/p><p class=\"personen-telefon\"><a href=\"tel:0611 98920-11\">0611 98920-11<\/a><\/p><\/article><article><div class=\"personen-portrait\" style=\"background-image:url(https:\/\/www.gruene-hessen.de\/partei\/files\/2017\/08\/Platzhalter-150x150.jpg)\"><\/div><p class=\"personen-name\">Alexander Unrath<\/p><p class=\"personen-bezeichnung\">Referent der GAK Hessen e.V.<\/p><p class=\"personen-email\"><a href=\"mailto:alexander.unrath@gruene-hessen.de\">alexander.unrath@gruene-hessen.de<\/a><\/p><p class=\"personen-telefon\"><a href=\"tel:0611 98920-16\">0611 98920-16<\/a><\/p><\/article><\/div>\n<\/div><\/div>\n\n\n\n<div class=\"wp-block-group filter-presseanfragen-content\"><div class=\"wp-block-group__inner-container is-layout-constrained wp-block-group-is-layout-constrained\">\n<p>Sie sind <strong style=\"color:#E6007E\">Pressevertreter*in <\/strong>und m\u00f6chten uns kontaktieren? Bitte wenden Sie sich an: <i class=\"fa-regular fa-envelope\"><\/i> <a href=\"mailto:presse@gruene-hessen.de\">presse@gruene-hessen.de<\/a><\/p>\n<\/div><\/div>\n\n\n\n<div class=\"wp-block-group filter-ombudsperson-content\"><div class=\"wp-block-group__inner-container is-layout-constrained wp-block-group-is-layout-constrained\"><div class=\"personen-loop\"><article><div class=\"personen-portrait\" style=\"background-image:url(https:\/\/www.gruene-hessen.de\/partei\/files\/2017\/08\/Platzhalter-150x150.jpg)\"><\/div><p class=\"personen-name\">Julia<\/p><p class=\"personen-bezeichnung\">Ombudsstelle<\/p><p class=\"personen-email\"><a href=\"mailto:ombudsperson1@gruene-hessen.de\">ombudsperson1@gruene-hessen.de<\/a><\/p><\/article><article><div class=\"personen-portrait\" style=\"background-image:url(https:\/\/www.gruene-hessen.de\/partei\/files\/2017\/08\/Platzhalter-150x150.jpg)\"><\/div><p class=\"personen-name\">Robert<\/p><p class=\"personen-bezeichnung\">Ombudsstelle<\/p><p class=\"personen-email\"><a href=\"mailto:ombudsperson2@gruene-hessen.de\">ombudsperson2@gruene-hessen.de<\/a><\/p><\/article><\/div>\n\n\n\n<div style=\"height:30px\" aria-hidden=\"true\" class=\"wp-block-spacer\"><\/div>\n\n\n\n<p><em>Menschen, die in unserem Umfeld sexualisierte Gewalt oder Diskriminierung in jeglicher Form erfahren haben &#8211; egal ob als Mitglied, als Mitarbeiter*in oder als Besucher*in -, bieten wir mit unserer Ombudsstelle einen gesch\u00fctzten Rahmen, in dem sie sich anvertrauen k\u00f6nnen und die als zentrale Ansprechpartnerin fungiert. Das Ombudsteam ist deine unabh\u00e4ngige Anlaufstelle im Landesverband.<\/em><\/p>\n<\/div><\/div>\n\n\n\n<div class=\"wp-block-group filter-anfahrt-content\"><div class=\"wp-block-group__inner-container is-layout-constrained wp-block-group-is-layout-constrained\">\n<p>Die Landesgesch\u00e4ftsstelle liegt nur wenige Gehminuten vom Hauptbahnhof in Wiesbaden entfernt. Wenden sie sich vor dem Haupteingang nach rechts und folgen  wieder nach rechts der Gartenfeldstra\u00dfe bis zur Mainzer Stra\u00dfe. Rechter Hand befindet sich die Landesgesch\u00e4ftsstelle.<\/p>\n\n\n\n<br><small><a href=\"https:\/\/www.openstreetmap.org\/?mlat=50.067534&amp;mlon=8.248874#map=19\/50.067534\/8.248874\">Auf der Karte anzeigen<\/a><\/small>\n<\/div><\/div>\n<\/div><\/div>\n\n\n\n<div style=\"height:100px\" aria-hidden=\"true\" class=\"wp-block-spacer\"><\/div>\n\n\n\n<div class=\"wp-block-group hessen-filter-manager team-kategorie\"><div class=\"wp-block-group__inner-container is-layout-constrained wp-block-group-is-layout-constrained\">\n<div class=\"wp-block-columns is-layout-flex wp-container-corecolumns-is-layout-9d6595d7 wp-block-columns-is-layout-flex\">\n<div class=\"wp-block-column is-layout-flow wp-block-column-is-layout-flow\">\n<p class=\"filter-kommunikation aktiv\">Kommunikation<\/p>\n<\/div>\n\n\n\n<div class=\"wp-block-column is-layout-flow wp-block-column-is-layout-flow\">\n<p class=\"filter-organisation\">Organisation<\/p>\n<\/div>\n\n\n\n<div class=\"wp-block-column is-layout-flow wp-block-column-is-layout-flow\">\n<p class=\"filter-finanzen\">Finanzen<\/p>\n<\/div>\n\n\n\n<div class=\"wp-block-column is-layout-flow wp-block-column-is-layout-flow\">\n<p class=\"filter-projektarbeit\">Projektarbeit<\/p>\n<\/div>\n\n\n\n<div class=\"wp-block-column is-layout-flow wp-block-column-is-layout-flow\">\n<p class=\"filter-wahlkampf\">Wahlkampf<\/p>\n<\/div>\n<\/div>\n\n\n\n<div class=\"wp-block-group filter-kommunikation-content\"><div class=\"wp-block-group__inner-container is-layout-constrained wp-block-group-is-layout-constrained\"><div class=\"personen-loop\"><article><div class=\"personen-portrait\" style=\"background-image:url(https:\/\/www.gruene-hessen.de\/partei\/files\/2017\/08\/Platzhalter-150x150.jpg)\"><\/div><p class=\"personen-name\">Marieke Aland<\/p><p class=\"personen-bezeichnung\">Fundraising & Netzwerkarbeit<\/p><p class=\"personen-email\"><a href=\"mailto:marieke.aland@gruene-hessen.de\">marieke.aland@gruene-hessen.de<\/a><\/p><p class=\"personen-telefon\"><a href=\"tel:0611 98920-55\">0611 98920-55<\/a><\/p><\/article><article><div class=\"personen-portrait\" style=\"background-image:url(https:\/\/www.gruene-hessen.de\/partei\/files\/2017\/08\/Platzhalter-150x150.jpg)\"><\/div><p class=\"personen-name\">Patrycja Kaczmarek<\/p><p class=\"personen-bezeichnung\">Referentin f\u00fcr Social Media<\/p><p class=\"personen-email\"><a href=\"mailto:socialmedia@gruene-hessen.de\">socialmedia@gruene-hessen.de<\/a><\/p><p class=\"personen-telefon\"><a href=\"tel:0611 98920-20\">0611 98920-20<\/a><\/p><\/article><article><div class=\"personen-portrait\" style=\"background-image:url(https:\/\/www.gruene-hessen.de\/partei\/files\/2017\/08\/Platzhalter-150x150.jpg)\"><\/div><p class=\"personen-name\">Jan Klein<\/p><p class=\"personen-bezeichnung\">Social Media Content Creator<\/p><p class=\"personen-email\"><a href=\"mailto:socialmedia@gruene-hessen.de\">socialmedia@gruene-hessen.de<\/a><\/p><p class=\"personen-telefon\"><a href=\"tel:0611 98920-22\">0611 98920-22<\/a><\/p><\/article><article><div class=\"personen-portrait\" style=\"background-image:url(https:\/\/www.gruene-hessen.de\/partei\/files\/2017\/08\/Platzhalter-150x150.jpg)\"><\/div><p class=\"personen-name\">Simon Scherer<\/p><p class=\"personen-bezeichnung\">Social Media Support Gliederungen<\/p><p class=\"personen-email\"><a href=\"mailto:socialmedia@gruene-hessen.de\">socialmedia@gruene-hessen.de<\/a><\/p><p class=\"personen-telefon\"><a href=\"tel:0611 98920-21\">0611 98920-21<\/a><\/p><\/article><\/div>\n<\/div><\/div>\n\n\n\n<div class=\"wp-block-group filter-organisation-content\"><div class=\"wp-block-group__inner-container is-layout-constrained wp-block-group-is-layout-constrained\"><div class=\"personen-loop\"><article><div class=\"personen-portrait\" style=\"background-image:url(https:\/\/www.gruene-hessen.de\/partei\/files\/2017\/08\/Platzhalter-150x150.jpg)\"><\/div><p class=\"personen-name\">Andrea Wacker-Hempel<\/p><p class=\"personen-bezeichnung\">Kommunalreferat<\/p><p class=\"personen-email\"><a href=\"mailto:andrea.wacker-hempel@gruene-hessen.de\">andrea.wacker-hempel@gruene-hessen.de<\/a><\/p><p class=\"personen-telefon\"><a href=\"tel:0611 98920-15\">0611 98920-15<\/a><\/p><\/article><article><div class=\"personen-portrait\" style=\"background-image:url(https:\/\/www.gruene-hessen.de\/partei\/files\/2017\/08\/Platzhalter-150x150.jpg)\"><\/div><p class=\"personen-name\">Karen Lischka<\/p><p class=\"personen-bezeichnung\">Referentin Parteiorganisation (ab 20. Oktober in Elternzeit)<\/p><p class=\"personen-email\"><a href=\"mailto:karen.lischka@gruene-hessen.de\">karen.lischka@gruene-hessen.de<\/a><\/p><p class=\"personen-telefon\"><a href=\"tel:0611 98920-14\">0611 98920-14<\/a><\/p><\/article><article><div class=\"personen-portrait\" style=\"background-image:url(https:\/\/www.gruene-hessen.de\/partei\/files\/2017\/08\/Platzhalter-150x150.jpg)\"><\/div><p class=\"personen-name\">Susanne G\u00f6bel<\/p><p class=\"personen-bezeichnung\">Mitglieder- und Gremienverwaltung<\/p><p class=\"personen-email\"><a href=\"mailto:susanne.goebel@gruene-hessen.de\">susanne.goebel@gruene-hessen.de<\/a><\/p><p class=\"personen-telefon\"><a href=\"tel:0611 98920-19\">0611 98920-19<\/a><\/p><\/article><article><div class=\"personen-portrait\" style=\"background-image:url(https:\/\/www.gruene-hessen.de\/partei\/files\/2017\/08\/Platzhalter-150x150.jpg)\"><\/div><p class=\"personen-name\">Anna-Katrin Deninger<\/p><p class=\"personen-bezeichnung\">B\u00fcroorganisation und Sekretariat<\/p><p class=\"personen-email\"><a href=\"mailto:anna.deninger@gruene-hessen.de\">anna.deninger@gruene-hessen.de<\/a><\/p><p class=\"personen-telefon\"><a href=\"tel:0611 98920-10\">0611 98920-10<\/a><\/p><\/article><article><div class=\"personen-portrait\" style=\"background-image:url(https:\/\/www.gruene-hessen.de\/partei\/files\/2017\/08\/Platzhalter-150x150.jpg)\"><\/div><p class=\"personen-name\">Andreas Schidlowski<\/p><p class=\"personen-bezeichnung\">IT & Administration<\/p><p class=\"personen-email\"><a href=\"mailto:andreas.schidlowski@gruene-hessen.de\">andreas.schidlowski@gruene-hessen.de<\/a><\/p><p class=\"personen-telefon\"><a href=\"tel:0611 98920-27\">0611 98920-27<\/a><\/p><\/article><article><div class=\"personen-portrait\" style=\"background-image:url(https:\/\/www.gruene-hessen.de\/partei\/files\/2017\/08\/Platzhalter-150x150.jpg)\"><\/div><p class=\"personen-name\">Fanny Sackis<\/p><p class=\"personen-bezeichnung\">Wahlkampfmanagerin Kommunalwahl 2026, Referentin Parteiorganisation<\/p><p class=\"personen-email\"><a href=\"mailto:fanny.sackis@gruene-hessen.de\">fanny.sackis@gruene-hessen.de<\/a><\/p><p class=\"personen-telefon\"><a href=\"tel:0611 98920-23\">0611 98920-23<\/a><\/p><\/article><article><div class=\"personen-portrait\" style=\"background-image:url(https:\/\/www.gruene-hessen.de\/partei\/files\/2017\/08\/Platzhalter-150x150.jpg)\"><\/div><p class=\"personen-name\">Christin Sauer<\/p><p class=\"personen-bezeichnung\">Referentin f\u00fcr politische Strategie\r\nund Organisationsentwicklung<\/p><p class=\"personen-email\"><a href=\"mailto:Christin.Sauer@gruene-hessen.de\">Christin.Sauer@gruene-hessen.de<\/a><\/p><p class=\"personen-telefon\"><a href=\"tel:0611 98920-29\">0611 98920-29<\/a><\/p><\/article><\/div>\n<\/div><\/div>\n\n\n\n<div class=\"wp-block-group filter-finanzen-content\"><div class=\"wp-block-group__inner-container is-layout-constrained wp-block-group-is-layout-constrained\"><div class=\"personen-loop\"><article><div class=\"personen-portrait\" style=\"background-image:url(https:\/\/www.gruene-hessen.de\/partei\/files\/2017\/08\/Platzhalter-150x150.jpg)\"><\/div><p class=\"personen-name\">Jutta Reithofer<\/p><p class=\"personen-bezeichnung\">Leiterin Finanzen und Organisation<\/p><p class=\"personen-email\"><a href=\"mailto:jutta.reithofer@gruene-hessen.de\">jutta.reithofer@gruene-hessen.de<\/a><\/p><p class=\"personen-telefon\"><a href=\"tel:0611 98920-18\">0611 98920-18<\/a><\/p><\/article><article><div class=\"personen-portrait\" style=\"background-image:url(https:\/\/www.gruene-hessen.de\/partei\/files\/2017\/08\/Platzhalter-150x150.jpg)\"><\/div><p class=\"personen-name\">Manuela Bach<\/p><p class=\"personen-bezeichnung\">Finanzbuchhaltung<\/p><p class=\"personen-email\"><a href=\"mailto:manuela.bach@gruene-hessen.de\">manuela.bach@gruene-hessen.de<\/a><\/p><p class=\"personen-telefon\"><a href=\"tel:0611 98920-17\">0611 98920-17<\/a><\/p><\/article><article><div class=\"personen-portrait\" style=\"background-image:url(https:\/\/www.gruene-hessen.de\/partei\/files\/2017\/08\/Platzhalter-150x150.jpg)\"><\/div><p class=\"personen-name\">Dorothea Markhoff<\/p><p class=\"personen-bezeichnung\">Kreisverbandsbuchhaltung<\/p><p class=\"personen-email\"><a href=\"mailto:dorothea.markhoff@gruene-hessen.de\">dorothea.markhoff@gruene-hessen.de<\/a><\/p><p class=\"personen-telefon\"><a href=\"tel:0611 98920-25\">0611 98920-25<\/a><\/p><\/article><\/div>\n<\/div><\/div>\n\n\n\n<div class=\"wp-block-group filter-projektarbeit-content\"><div class=\"wp-block-group__inner-container is-layout-constrained wp-block-group-is-layout-constrained\"><div class=\"personen-loop\"><article><div class=\"personen-portrait\" style=\"background-image:url(https:\/\/www.gruene-hessen.de\/partei\/files\/2017\/08\/Platzhalter-150x150.jpg)\"><\/div><p class=\"personen-name\">Daniela Kornm\u00fcller-Bolte<\/p><p class=\"personen-bezeichnung\">Sherpa-Projekt<\/p><p class=\"personen-email\"><a href=\"mailto:daniela.kornmueller@gruene-hessen.de\">daniela.kornmueller@gruene-hessen.de<\/a><\/p><p class=\"personen-telefon\"><a href=\"tel:0611 98920-26\">0611 98920-26<\/a><\/p><\/article><\/div>\n<\/div><\/div>\n\n\n\n<div class=\"wp-block-group filter-wahlkampf-content\"><div class=\"wp-block-group__inner-container is-layout-constrained wp-block-group-is-layout-constrained\"><div class=\"personen-loop\"><article><div class=\"personen-portrait\" style=\"background-image:url(https:\/\/www.gruene-hessen.de\/partei\/files\/2017\/08\/Platzhalter-150x150.jpg)\"><\/div><p class=\"personen-name\">Fanny Sackis<\/p><p class=\"personen-bezeichnung\">Wahlkampfmanagerin Kommunalwahl 2026, Referentin Parteiorganisation<\/p><p class=\"personen-email\"><a href=\"mailto:fanny.sackis@gruene-hessen.de\">fanny.sackis@gruene-hessen.de<\/a><\/p><p class=\"personen-telefon\"><a href=\"tel:0611 98920-23\">0611 98920-23<\/a><\/p><\/article><\/div>\n<\/div><\/div>\n<\/div><\/div>\n","protected":false},"excerpt":{"rendered":"<p>Herzlich willkommen in der Landesgesch\u00e4ftsstelle (LGS) von B\u00dcNDNIS 90\/DIE GR\u00dcNEN Hessen. Wir Mitarbeiter*innen bilden ein engagiertes Team, das den hessischen Landesverband organisiert und entwickelt, sowie Themen und Ziele der Partei nach au\u00dfen kommuniziert. Wir unterst\u00fctzen den Landesvorstand und unsere Gliederungen organisatorisch und inhaltlich bei ihrer Arbeit. Wir realisieren Veranstaltungen, Parteitage und Wahlk\u00e4mpfe und sind Anlaufstelle [&hellip;]<\/p>\n","protected":false},"author":92,"featured_media":0,"parent":0,"menu_order":0,"comment_status":"closed","ping_status":"closed","template":"","meta":{"_acf_changed":false,"ngg_post_thumbnail":0,"footnotes":""},"class_list":["post-24845","page","type-page","status-publish","hentry"],"acf":[],"yoast_head":"<!-- This site is optimized with the Yoast SEO plugin v27.3 - https:\/\/yoast.com\/product\/yoast-seo-wordpress\/ -->\n<title>Unsere Landesgesch\u00e4ftsstelle - Landesverband B\u00dcNDNIS 90\/DIE GR\u00dcNEN Hessen<\/title>\n<meta name=\"robots\" content=\"index, follow, max-snippet:-1, max-image-preview:large, max-video-preview:-1\" \/>\n<link rel=\"canonical\" href=\"https:\/\/www.gruene-hessen.de\/partei\/unsere-landesgeschaeftsstelle\/\" \/>\n<meta property=\"og:locale\" content=\"de_DE\" \/>\n<meta property=\"og:type\" content=\"article\" \/>\n<meta property=\"og:title\" content=\"Unsere Landesgesch\u00e4ftsstelle - Landesverband B\u00dcNDNIS 90\/DIE GR\u00dcNEN Hessen\" \/>\n<meta property=\"og:description\" content=\"Herzlich willkommen in der Landesgesch\u00e4ftsstelle (LGS) von B\u00dcNDNIS 90\/DIE GR\u00dcNEN Hessen. Wir Mitarbeiter*innen bilden ein engagiertes Team, das den hessischen Landesverband organisiert und entwickelt, sowie Themen und Ziele der Partei nach au\u00dfen kommuniziert. Wir unterst\u00fctzen den Landesvorstand und unsere Gliederungen organisatorisch und inhaltlich bei ihrer Arbeit. Wir realisieren Veranstaltungen, Parteitage und Wahlk\u00e4mpfe und sind Anlaufstelle [&hellip;]\" \/>\n<meta property=\"og:url\" content=\"https:\/\/www.gruene-hessen.de\/partei\/unsere-landesgeschaeftsstelle\/\" \/>\n<meta property=\"og:site_name\" content=\"Landesverband B\u00dcNDNIS 90\/DIE GR\u00dcNEN Hessen\" \/>\n<meta property=\"article:modified_time\" content=\"2025-02-24T14:46:37+00:00\" \/>\n<meta name=\"twitter:card\" content=\"summary_large_image\" \/>\n<meta name=\"twitter:label1\" content=\"Gesch\u00e4tzte Lesezeit\" \/>\n\t<meta name=\"twitter:data1\" content=\"2\u00a0Minuten\" \/>\n<script type=\"application\/ld+json\" class=\"yoast-schema-graph\">{\"@context\":\"https:\\\/\\\/schema.org\",\"@graph\":[{\"@type\":\"WebPage\",\"@id\":\"https:\\\/\\\/www.gruene-hessen.de\\\/partei\\\/unsere-landesgeschaeftsstelle\\\/\",\"url\":\"https:\\\/\\\/www.gruene-hessen.de\\\/partei\\\/unsere-landesgeschaeftsstelle\\\/\",\"name\":\"Unsere Landesgesch\u00e4ftsstelle - Landesverband B\u00dcNDNIS 90\\\/DIE GR\u00dcNEN Hessen\",\"isPartOf\":{\"@id\":\"https:\\\/\\\/www.gruene-hessen.de\\\/partei\\\/#website\"},\"datePublished\":\"2023-01-18T07:04:28+00:00\",\"dateModified\":\"2025-02-24T14:46:37+00:00\",\"breadcrumb\":{\"@id\":\"https:\\\/\\\/www.gruene-hessen.de\\\/partei\\\/unsere-landesgeschaeftsstelle\\\/#breadcrumb\"},\"inLanguage\":\"de\",\"potentialAction\":[{\"@type\":\"ReadAction\",\"target\":[\"https:\\\/\\\/www.gruene-hessen.de\\\/partei\\\/unsere-landesgeschaeftsstelle\\\/\"]}]},{\"@type\":\"BreadcrumbList\",\"@id\":\"https:\\\/\\\/www.gruene-hessen.de\\\/partei\\\/unsere-landesgeschaeftsstelle\\\/#breadcrumb\",\"itemListElement\":[{\"@type\":\"ListItem\",\"position\":1,\"name\":\"Startseite\",\"item\":\"https:\\\/\\\/www.gruene-hessen.de\\\/partei\\\/\"},{\"@type\":\"ListItem\",\"position\":2,\"name\":\"Unsere Landesgesch\u00e4ftsstelle\"}]},{\"@type\":\"WebSite\",\"@id\":\"https:\\\/\\\/www.gruene-hessen.de\\\/partei\\\/#website\",\"url\":\"https:\\\/\\\/www.gruene-hessen.de\\\/partei\\\/\",\"name\":\"Landesverband B\u00dcNDNIS 90\\\/DIE GR\u00dcNEN Hessen\",\"description\":\"\",\"potentialAction\":[{\"@type\":\"SearchAction\",\"target\":{\"@type\":\"EntryPoint\",\"urlTemplate\":\"https:\\\/\\\/www.gruene-hessen.de\\\/partei\\\/?s={search_term_string}\"},\"query-input\":{\"@type\":\"PropertyValueSpecification\",\"valueRequired\":true,\"valueName\":\"search_term_string\"}}],\"inLanguage\":\"de\"}]}<\/script>\n<!-- \/ Yoast SEO plugin. -->","yoast_head_json":{"title":"Unsere Landesgesch\u00e4ftsstelle - Landesverband B\u00dcNDNIS 90\/DIE GR\u00dcNEN Hessen","robots":{"index":"index","follow":"follow","max-snippet":"max-snippet:-1","max-image-preview":"max-image-preview:large","max-video-preview":"max-video-preview:-1"},"canonical":"https:\/\/www.gruene-hessen.de\/partei\/unsere-landesgeschaeftsstelle\/","og_locale":"de_DE","og_type":"article","og_title":"Unsere Landesgesch\u00e4ftsstelle - Landesverband B\u00dcNDNIS 90\/DIE GR\u00dcNEN Hessen","og_description":"Herzlich willkommen in der Landesgesch\u00e4ftsstelle (LGS) von B\u00dcNDNIS 90\/DIE GR\u00dcNEN Hessen. Wir Mitarbeiter*innen bilden ein engagiertes Team, das den hessischen Landesverband organisiert und entwickelt, sowie Themen und Ziele der Partei nach au\u00dfen kommuniziert. Wir unterst\u00fctzen den Landesvorstand und unsere Gliederungen organisatorisch und inhaltlich bei ihrer Arbeit. Wir realisieren Veranstaltungen, Parteitage und Wahlk\u00e4mpfe und sind Anlaufstelle [&hellip;]","og_url":"https:\/\/www.gruene-hessen.de\/partei\/unsere-landesgeschaeftsstelle\/","og_site_name":"Landesverband B\u00dcNDNIS 90\/DIE GR\u00dcNEN Hessen","article_modified_time":"2025-02-24T14:46:37+00:00","twitter_card":"summary_large_image","twitter_misc":{"Gesch\u00e4tzte Lesezeit":"2\u00a0Minuten"},"schema":{"@context":"https:\/\/schema.org","@graph":[{"@type":"WebPage","@id":"https:\/\/www.gruene-hessen.de\/partei\/unsere-landesgeschaeftsstelle\/","url":"https:\/\/www.gruene-hessen.de\/partei\/unsere-landesgeschaeftsstelle\/","name":"Unsere Landesgesch\u00e4ftsstelle - Landesverband B\u00dcNDNIS 90\/DIE GR\u00dcNEN Hessen","isPartOf":{"@id":"https:\/\/www.gruene-hessen.de\/partei\/#website"},"datePublished":"2023-01-18T07:04:28+00:00","dateModified":"2025-02-24T14:46:37+00:00","breadcrumb":{"@id":"https:\/\/www.gruene-hessen.de\/partei\/unsere-landesgeschaeftsstelle\/#breadcrumb"},"inLanguage":"de","potentialAction":[{"@type":"ReadAction","target":["https:\/\/www.gruene-hessen.de\/partei\/unsere-landesgeschaeftsstelle\/"]}]},{"@type":"BreadcrumbList","@id":"https:\/\/www.gruene-hessen.de\/partei\/unsere-landesgeschaeftsstelle\/#breadcrumb","itemListElement":[{"@type":"ListItem","position":1,"name":"Startseite","item":"https:\/\/www.gruene-hessen.de\/partei\/"},{"@type":"ListItem","position":2,"name":"Unsere Landesgesch\u00e4ftsstelle"}]},{"@type":"WebSite","@id":"https:\/\/www.gruene-hessen.de\/partei\/#website","url":"https:\/\/www.gruene-hessen.de\/partei\/","name":"Landesverband B\u00dcNDNIS 90\/DIE GR\u00dcNEN Hessen","description":"","potentialAction":[{"@type":"SearchAction","target":{"@type":"EntryPoint","urlTemplate":"https:\/\/www.gruene-hessen.de\/partei\/?s={search_term_string}"},"query-input":{"@type":"PropertyValueSpecification","valueRequired":true,"valueName":"search_term_string"}}],"inLanguage":"de"}]}},"_links":{"self":[{"href":"https:\/\/www.gruene-hessen.de\/partei\/wp-json\/wp\/v2\/pages\/24845","targetHints":{"allow":["GET"]}}],"collection":[{"href":"https:\/\/www.gruene-hessen.de\/partei\/wp-json\/wp\/v2\/pages"}],"about":[{"href":"https:\/\/www.gruene-hessen.de\/partei\/wp-json\/wp\/v2\/types\/page"}],"author":[{"embeddable":true,"href":"https:\/\/www.gruene-hessen.de\/partei\/wp-json\/wp\/v2\/users\/92"}],"replies":[{"embeddable":true,"href":"https:\/\/www.gruene-hessen.de\/partei\/wp-json\/wp\/v2\/comments?post=24845"}],"version-history":[{"count":42,"href":"https:\/\/www.gruene-hessen.de\/partei\/wp-json\/wp\/v2\/pages\/24845\/revisions"}],"predecessor-version":[{"id":26630,"href":"https:\/\/www.gruene-hessen.de\/partei\/wp-json\/wp\/v2\/pages\/24845\/revisions\/26630"}],"wp:attachment":[{"href":"https:\/\/www.gruene-hessen.de\/partei\/wp-json\/wp\/v2\/media?parent=24845"}],"curies":[{"name":"wp","href":"https:\/\/api.w.org\/{rel}","templated":true}]}}