{"id":22314,"date":"2018-02-27T15:20:27","date_gmt":"2018-02-27T14:20:27","guid":{"rendered":"https:\/\/www.gruene-hessen.de\/partei\/?page_id=22314"},"modified":"2024-04-15T15:49:09","modified_gmt":"2024-04-15T13:49:09","slug":"gruenflaeche","status":"publish","type":"page","link":"https:\/\/www.gruene-hessen.de\/partei\/gruenflaeche\/","title":{"rendered":"Gr\u00fcnfl\u00e4che"},"content":{"rendered":"<div id=\"pl-22314\"  class=\"panel-layout\" ><div id=\"pg-22314-0\"  class=\"panel-grid panel-no-style\" ><div id=\"pgc-22314-0-0\"  class=\"panel-grid-cell\" ><div id=\"panel-22314-0-0-0\" class=\"so-panel widget widget_siteorigin-panels-postloop panel-first-child panel-last-child\" data-index=\"0\" >\t\t\t\t\t\t\t\n\t\t\t\t<div class=\"sliderContainer sliderContainerFullContent wrap\">\n\t\t\t\t\t<div id=\"sliderLoader\" class=\"\"><div class=\"fa fa-refresh fa-spin schrift-0\"><\/div><\/div>\n\t\t\t\t\t<div id=\"slider\" class=\"nivoSlider inhalt\" style=\"display:none;\">\n\t\t\t\t\t\t\n\t\t\t\t\t\t\t\t\t\t\t\t\t\n\t\t\t\t\t\t\t\t\t\t\t\t\t\t\t\t<a href=\"https:\/\/www.gruene-hessen.de\/partei\/files\/2024\/04\/Layout-GrFl-1-2024_Druck_final.pdf\" target=\"_blank\"><img decoding=\"async\" src=\"https:\/\/www.gruene-hessen.de\/partei\/files\/2024\/04\/Mockup_GF12024.png\" title=\"#caption-26320\" alt=\"\" \/><\/a>\n\t\t\t\t\t\t\t\t\t\n\t\t\t\t\t\t\t\t\t\t\t\t\t\n\t\t\t\t\t\t\t\t\t\t\t\t\t\t\t\t<a href=\"https:\/\/www.gruene-hessen.de\/partei\/files\/2024\/01\/Layout-GrFl-2-2023_Druck.pdf\" target=\"_blank\"><img decoding=\"async\" src=\"https:\/\/www.gruene-hessen.de\/partei\/files\/2024\/01\/gruenflaeche-mockup.png\" title=\"#caption-25743\" alt=\"\" \/><\/a>\n\t\t\t\t\t\t\t\t\t\n\t\t\t\t\t\t\t\t\t\t\t\t\t\n\t\t\t\t\t\t\t\t\t\t\t\t\t\t\t\t<a href=\"https:\/\/www.gruene-hessen.de\/partei\/files\/2023\/04\/Layout-GrFl-1-2023_web.pdf\" target=\"_blank\"><img decoding=\"async\" src=\"https:\/\/www.gruene-hessen.de\/partei\/files\/2023\/04\/Mockup_GF12023.png\" title=\"#caption-25326\" alt=\"\" \/><\/a>\n\t\t\t\t\t\t\t\t\t\n\t\t\t\t\t\t\t\t\t\t\t\t\t\n\t\t\t\t\t\t\t\t\t\t\t\t\t\t\t\t<a href=\"https:\/\/www.gruene-hessen.de\/partei\/files\/2022\/12\/Layout-GrFl-3-2022_web.pdf\" target=\"_blank\"><img decoding=\"async\" src=\"https:\/\/www.gruene-hessen.de\/partei\/files\/2022\/12\/Mockup_GF32022.png\" title=\"#caption-24835\" alt=\"\" \/><\/a>\n\t\t\t\t\t\t\t\t\t\n\t\t\t\t\t\t\t\t\t\t\t\t\t\n\t\t\t\t\t\t\t\t\t\t\t\t\t\t\t\t<a href=\"https:\/\/www.gruene-hessen.de\/partei\/files\/2022\/07\/GrFl-2-2022_web.pdf\" target=\"_blank\"><img decoding=\"async\" src=\"https:\/\/www.gruene-hessen.de\/partei\/files\/2022\/07\/Mockup_GF22022.png\" title=\"#caption-24778\" alt=\"\" \/><\/a>\n\t\t\t\t\t\t\t\t\t\n\t\t\t\t\t\t\t\t\t\t\t\t\n\t\t\t\t\t<\/div>\n\t\t\t\t\t<div class=\"clearfix clear sauber\"><\/div>\n\t\t\t\t\t\n\t\t\t\t\t\t\t\t\t\t\n\t\t\t\t\t<div class=\"sliderCaptions access\">\n\t\t\t\t\t\n\t\t\t\t\t\t\t\t\t\t\t\t\n\t\t\t\t\t\t<div id=\"caption-26320\">\n\t\t\t\t\t\t\t<div class=\"slide captiontitel-26320\">\n\t\t\t\t\t\t\t\t<div class=\"slide-wrap\">\n\t\t\t\t\t\t\t\t\t<div class=\"slide-content padding-40\">\n\t\t\t\t\t\t\t\t\t\t<div class=\"slide-content-image\" style=\"margin-bottom: -23px;\">\n\t\t\t\t\t\t\t\t\t\t\t<a href=\"https:\/\/www.gruene-hessen.de\/partei\/files\/2024\/04\/Layout-GrFl-1-2024_Druck_final.pdf\" target=\"_blank\"><img loading=\"lazy\" decoding=\"async\" width=\"584\" height=\"700\" src=\"https:\/\/www.gruene-hessen.de\/partei\/files\/2024\/04\/Mockup_GF12024.png\" class=\"attachment-voll-thumbnail size-voll-thumbnail\" alt=\"\" srcset=\"https:\/\/www.gruene-hessen.de\/partei\/wp-content\/blogs.dir\/3\/files\/2024\/04\/Mockup_GF12024.png 584w, https:\/\/www.gruene-hessen.de\/partei\/wp-content\/blogs.dir\/3\/files\/2024\/04\/Mockup_GF12024-200x240.png 200w, https:\/\/www.gruene-hessen.de\/partei\/wp-content\/blogs.dir\/3\/files\/2024\/04\/Mockup_GF12024-160x192.png 160w, https:\/\/www.gruene-hessen.de\/partei\/wp-content\/blogs.dir\/3\/files\/2024\/04\/Mockup_GF12024-480x575.png 480w\" sizes=\"auto, (max-width: 584px) 100vw, 584px\" \/><\/a>\t\t\t\t\t\t\t\t\t\t<\/div>\n\t\t\t\t\t\t\t\t\t\t<div class=\"slide-content-daten daten weiss padding-40\">\n\t\t\t\t\t\t\t\t\t\t\t<h2 class=\"abstanduntendoppel\"><span class=\"arvo-gruen schrift-1-5 lh-1\">Gr\u00fcnfl\u00e4che 1\/24<\/span><\/h2>\n\t\t\t\t\t\t\t\t\t\t\t<div class=\"schrift-3 lh-2\"><p>In der neusten Ausgabe der GR\u00dcNFL\u00c4CHE berichten wir u.a. \u00fcber den neuen Landesvorstand und die anstehende Europawahl.<\/p>\n<\/div>\n\t\t\t\t\t\t\t\t\t\t\t<div class=\"download-link schrift-3 lh-2 abstanddoppel\"><i class=\"fa fa-file-pdf-o schrift-1-5\"><\/i><a href=\"https:\/\/www.gruene-hessen.de\/partei\/files\/2024\/04\/Layout-GrFl-1-2024_Druck_final.pdf\" target=\"_blank\"><span class=\"cta\">Jetzt herunterladen<\/span><span class=\"file\"> (PDF, 10 MB)<\/span><\/a><\/div>\n\t\t\t\t\t\t\t\t\t\t<\/div>\n\t\t\t\t\t\t\t\t\t<\/div>\n\t\t\t\t\t\t\t\t\t<div class=\"clearfix clear sauber\"><\/div>\n\t\t\t\t\t\t\t\t<\/div>\n\t\t\t\t\t\t\t<\/div>\n\t\t\t\t\t\t<\/div>\n\t\t\t\t\t\t\n\t\t\t\t\t\t\t\t\t\t\t\t\n\t\t\t\t\t\t<div id=\"caption-25743\">\n\t\t\t\t\t\t\t<div class=\"slide captiontitel-25743\">\n\t\t\t\t\t\t\t\t<div class=\"slide-wrap\">\n\t\t\t\t\t\t\t\t\t<div class=\"slide-content padding-40\">\n\t\t\t\t\t\t\t\t\t\t<div class=\"slide-content-image\" style=\"margin-bottom: -23px;\">\n\t\t\t\t\t\t\t\t\t\t\t<a href=\"https:\/\/www.gruene-hessen.de\/partei\/files\/2024\/01\/Layout-GrFl-2-2023_Druck.pdf\" target=\"_blank\"><img loading=\"lazy\" decoding=\"async\" width=\"584\" height=\"700\" src=\"https:\/\/www.gruene-hessen.de\/partei\/files\/2024\/01\/gruenflaeche-mockup.png\" class=\"attachment-voll-thumbnail size-voll-thumbnail\" alt=\"\" srcset=\"https:\/\/www.gruene-hessen.de\/partei\/wp-content\/blogs.dir\/3\/files\/2024\/01\/gruenflaeche-mockup.png 584w, https:\/\/www.gruene-hessen.de\/partei\/wp-content\/blogs.dir\/3\/files\/2024\/01\/gruenflaeche-mockup-200x240.png 200w, https:\/\/www.gruene-hessen.de\/partei\/wp-content\/blogs.dir\/3\/files\/2024\/01\/gruenflaeche-mockup-160x192.png 160w, https:\/\/www.gruene-hessen.de\/partei\/wp-content\/blogs.dir\/3\/files\/2024\/01\/gruenflaeche-mockup-480x575.png 480w\" sizes=\"auto, (max-width: 584px) 100vw, 584px\" \/><\/a>\t\t\t\t\t\t\t\t\t\t<\/div>\n\t\t\t\t\t\t\t\t\t\t<div class=\"slide-content-daten daten weiss padding-40\">\n\t\t\t\t\t\t\t\t\t\t\t<h2 class=\"abstanduntendoppel\"><span class=\"arvo-gruen schrift-1-5 lh-1\">Gr\u00fcnfl\u00e4che 2\/23<\/span><\/h2>\n\t\t\t\t\t\t\t\t\t\t\t<div class=\"schrift-3 lh-2\"><p>Emotion schl\u00e4gt Person &#8211; wir machen einen R\u00fcckblick auf die Landtagswahl in Hessen 2023.<\/p>\n<\/div>\n\t\t\t\t\t\t\t\t\t\t\t<div class=\"download-link schrift-3 lh-2 abstanddoppel\"><i class=\"fa fa-file-pdf-o schrift-1-5\"><\/i><a href=\"https:\/\/www.gruene-hessen.de\/partei\/files\/2024\/01\/Layout-GrFl-2-2023_Druck.pdf\" target=\"_blank\"><span class=\"cta\">Jetzt herunterladen<\/span><span class=\"file\"> (PDF, 15 MB)<\/span><\/a><\/div>\n\t\t\t\t\t\t\t\t\t\t<\/div>\n\t\t\t\t\t\t\t\t\t<\/div>\n\t\t\t\t\t\t\t\t\t<div class=\"clearfix clear sauber\"><\/div>\n\t\t\t\t\t\t\t\t<\/div>\n\t\t\t\t\t\t\t<\/div>\n\t\t\t\t\t\t<\/div>\n\t\t\t\t\t\t\n\t\t\t\t\t\t\t\t\t\t\t\t\n\t\t\t\t\t\t<div id=\"caption-25326\">\n\t\t\t\t\t\t\t<div class=\"slide captiontitel-25326\">\n\t\t\t\t\t\t\t\t<div class=\"slide-wrap\">\n\t\t\t\t\t\t\t\t\t<div class=\"slide-content padding-40\">\n\t\t\t\t\t\t\t\t\t\t<div class=\"slide-content-image\" style=\"margin-bottom: -23px;\">\n\t\t\t\t\t\t\t\t\t\t\t<a href=\"https:\/\/www.gruene-hessen.de\/partei\/files\/2023\/04\/Layout-GrFl-1-2023_web.pdf\" target=\"_blank\"><img loading=\"lazy\" decoding=\"async\" width=\"584\" height=\"700\" src=\"https:\/\/www.gruene-hessen.de\/partei\/files\/2023\/04\/Mockup_GF12023.png\" class=\"attachment-voll-thumbnail size-voll-thumbnail\" alt=\"\" srcset=\"https:\/\/www.gruene-hessen.de\/partei\/wp-content\/blogs.dir\/3\/files\/2023\/04\/Mockup_GF12023.png 584w, https:\/\/www.gruene-hessen.de\/partei\/wp-content\/blogs.dir\/3\/files\/2023\/04\/Mockup_GF12023-200x240.png 200w, https:\/\/www.gruene-hessen.de\/partei\/wp-content\/blogs.dir\/3\/files\/2023\/04\/Mockup_GF12023-160x192.png 160w, https:\/\/www.gruene-hessen.de\/partei\/wp-content\/blogs.dir\/3\/files\/2023\/04\/Mockup_GF12023-480x575.png 480w\" sizes=\"auto, (max-width: 584px) 100vw, 584px\" \/><\/a>\t\t\t\t\t\t\t\t\t\t<\/div>\n\t\t\t\t\t\t\t\t\t\t<div class=\"slide-content-daten daten weiss padding-40\">\n\t\t\t\t\t\t\t\t\t\t\t<h2 class=\"abstanduntendoppel\"><span class=\"arvo-gruen schrift-1-5 lh-1\">Gr\u00fcnfl\u00e4che 1\/23<\/span><\/h2>\n\t\t\t\t\t\t\t\t\t\t\t<div class=\"schrift-3 lh-2\"><p>In der neusten Ausgabe der GR\u00dcNFL\u00c4CHE berichten wir \u00fcber unseren Landesparteitag zur Listenaufstellung, unsere Spitzenkandidat*innen und unsere Landesliste f\u00fcr die Landtagswahl 2023. Dar\u00fcber hinaus erhaltet ihr Informationen zum Wahlkampf.<\/p>\n<\/div>\n\t\t\t\t\t\t\t\t\t\t\t<div class=\"download-link schrift-3 lh-2 abstanddoppel\"><i class=\"fa fa-file-pdf-o schrift-1-5\"><\/i><a href=\"https:\/\/www.gruene-hessen.de\/partei\/files\/2023\/04\/Layout-GrFl-1-2023_web.pdf\" target=\"_blank\"><span class=\"cta\">Jetzt herunterladen<\/span><span class=\"file\"> (PDF, 8 MB)<\/span><\/a><\/div>\n\t\t\t\t\t\t\t\t\t\t<\/div>\n\t\t\t\t\t\t\t\t\t<\/div>\n\t\t\t\t\t\t\t\t\t<div class=\"clearfix clear sauber\"><\/div>\n\t\t\t\t\t\t\t\t<\/div>\n\t\t\t\t\t\t\t<\/div>\n\t\t\t\t\t\t<\/div>\n\t\t\t\t\t\t\n\t\t\t\t\t\t\t\t\t\t\t\t\n\t\t\t\t\t\t<div id=\"caption-24835\">\n\t\t\t\t\t\t\t<div class=\"slide captiontitel-24835\">\n\t\t\t\t\t\t\t\t<div class=\"slide-wrap\">\n\t\t\t\t\t\t\t\t\t<div class=\"slide-content padding-40\">\n\t\t\t\t\t\t\t\t\t\t<div class=\"slide-content-image\" style=\"margin-bottom: -23px;\">\n\t\t\t\t\t\t\t\t\t\t\t<a href=\"https:\/\/www.gruene-hessen.de\/partei\/files\/2022\/12\/Layout-GrFl-3-2022_web.pdf\" target=\"_blank\"><img loading=\"lazy\" decoding=\"async\" width=\"584\" height=\"700\" src=\"https:\/\/www.gruene-hessen.de\/partei\/files\/2022\/12\/Mockup_GF32022.png\" class=\"attachment-voll-thumbnail size-voll-thumbnail\" alt=\"\" srcset=\"https:\/\/www.gruene-hessen.de\/partei\/wp-content\/blogs.dir\/3\/files\/2022\/12\/Mockup_GF32022.png 584w, https:\/\/www.gruene-hessen.de\/partei\/wp-content\/blogs.dir\/3\/files\/2022\/12\/Mockup_GF32022-200x240.png 200w, https:\/\/www.gruene-hessen.de\/partei\/wp-content\/blogs.dir\/3\/files\/2022\/12\/Mockup_GF32022-160x192.png 160w, https:\/\/www.gruene-hessen.de\/partei\/wp-content\/blogs.dir\/3\/files\/2022\/12\/Mockup_GF32022-480x575.png 480w\" sizes=\"auto, (max-width: 584px) 100vw, 584px\" \/><\/a>\t\t\t\t\t\t\t\t\t\t<\/div>\n\t\t\t\t\t\t\t\t\t\t<div class=\"slide-content-daten daten weiss padding-40\">\n\t\t\t\t\t\t\t\t\t\t\t<h2 class=\"abstanduntendoppel\"><span class=\"arvo-gruen schrift-1-5 lh-1\">Gr\u00fcnfl\u00e4che 3\/22<\/span><\/h2>\n\t\t\t\t\t\t\t\t\t\t\t<div class=\"schrift-3 lh-2\"><p>In der neusten Ausgabe der GR\u00dcNFL\u00c4CHE berichten wir in einem Gastbeitrag \u00fcber das kommunale Klimageld f\u00fcr Wohngeb\u00e4ude in Gie\u00dfen. Dar\u00fcber hinaus erhaltet ihr unter anderem einen Einblick in die aktuellen Projekte des Landesvorstandes sowie in den ersten GR\u00dcNEN Bildungskongress.<\/p>\n<\/div>\n\t\t\t\t\t\t\t\t\t\t\t<div class=\"download-link schrift-3 lh-2 abstanddoppel\"><i class=\"fa fa-file-pdf-o schrift-1-5\"><\/i><a href=\"https:\/\/www.gruene-hessen.de\/partei\/files\/2022\/12\/Layout-GrFl-3-2022_web.pdf\" target=\"_blank\"><span class=\"cta\">Jetzt herunterladen<\/span><span class=\"file\"> (PDF, 1 MB)<\/span><\/a><\/div>\n\t\t\t\t\t\t\t\t\t\t<\/div>\n\t\t\t\t\t\t\t\t\t<\/div>\n\t\t\t\t\t\t\t\t\t<div class=\"clearfix clear sauber\"><\/div>\n\t\t\t\t\t\t\t\t<\/div>\n\t\t\t\t\t\t\t<\/div>\n\t\t\t\t\t\t<\/div>\n\t\t\t\t\t\t\n\t\t\t\t\t\t\t\t\t\t\t\t\n\t\t\t\t\t\t<div id=\"caption-24778\">\n\t\t\t\t\t\t\t<div class=\"slide captiontitel-24778\">\n\t\t\t\t\t\t\t\t<div class=\"slide-wrap\">\n\t\t\t\t\t\t\t\t\t<div class=\"slide-content padding-40\">\n\t\t\t\t\t\t\t\t\t\t<div class=\"slide-content-image\" style=\"margin-bottom: -23px;\">\n\t\t\t\t\t\t\t\t\t\t\t<a href=\"https:\/\/www.gruene-hessen.de\/partei\/files\/2022\/07\/GrFl-2-2022_web.pdf\" target=\"_blank\"><img loading=\"lazy\" decoding=\"async\" width=\"584\" height=\"700\" src=\"https:\/\/www.gruene-hessen.de\/partei\/files\/2022\/07\/Mockup_GF22022.png\" class=\"attachment-voll-thumbnail size-voll-thumbnail\" alt=\"\" srcset=\"https:\/\/www.gruene-hessen.de\/partei\/wp-content\/blogs.dir\/3\/files\/2022\/07\/Mockup_GF22022.png 584w, https:\/\/www.gruene-hessen.de\/partei\/wp-content\/blogs.dir\/3\/files\/2022\/07\/Mockup_GF22022-200x240.png 200w, https:\/\/www.gruene-hessen.de\/partei\/wp-content\/blogs.dir\/3\/files\/2022\/07\/Mockup_GF22022-160x192.png 160w, https:\/\/www.gruene-hessen.de\/partei\/wp-content\/blogs.dir\/3\/files\/2022\/07\/Mockup_GF22022-480x575.png 480w\" sizes=\"auto, (max-width: 584px) 100vw, 584px\" \/><\/a>\t\t\t\t\t\t\t\t\t\t<\/div>\n\t\t\t\t\t\t\t\t\t\t<div class=\"slide-content-daten daten weiss padding-40\">\n\t\t\t\t\t\t\t\t\t\t\t<h2 class=\"abstanduntendoppel\"><span class=\"arvo-gruen schrift-1-5 lh-1\">Gr\u00fcnfl\u00e4che 2\/22<\/span><\/h2>\n\t\t\t\t\t\t\t\t\t\t\t<div class=\"schrift-3 lh-2\"><p>In der neusten Ausgabe der GR\u00dcNFL\u00c4CHE berichten wir \u00fcber die erste LMV des Jahres, in der wir den Dreikampf um die Staatskanzlei er\u00f6ffnet haben. Dar\u00fcber hinaus erhaltet ihr unter anderem Eindr\u00fccke zur Ukraine-Krise aus der Bundestagsfraktion und einen Einblick in die Ideenwerkstatt der LAG Gesundheit und Pflege.<\/p>\n<\/div>\n\t\t\t\t\t\t\t\t\t\t\t<div class=\"download-link schrift-3 lh-2 abstanddoppel\"><i class=\"fa fa-file-pdf-o schrift-1-5\"><\/i><a href=\"https:\/\/www.gruene-hessen.de\/partei\/files\/2022\/07\/GrFl-2-2022_web.pdf\" target=\"_blank\"><span class=\"cta\">Jetzt herunterladen<\/span><span class=\"file\"> (PDF, 3 MB)<\/span><\/a><\/div>\n\t\t\t\t\t\t\t\t\t\t<\/div>\n\t\t\t\t\t\t\t\t\t<\/div>\n\t\t\t\t\t\t\t\t\t<div class=\"clearfix clear sauber\"><\/div>\n\t\t\t\t\t\t\t\t<\/div>\n\t\t\t\t\t\t\t<\/div>\n\t\t\t\t\t\t<\/div>\n\t\t\t\t\t\t\n\t\t\t\t\t\t\n\t\t\t\t\t<\/div>\n\t\t\t\t<\/div>\n\t\t\t\t\n\t\t\t<\/div><\/div><\/div><div id=\"pg-22314-1\"  class=\"panel-grid panel-has-style\" ><div class=\"siteorigin-panels-stretch panel-row-style panel-row-style-for-22314-1\" data-stretch-type=\"full\" ><div id=\"pgc-22314-1-0\"  class=\"panel-grid-cell\" ><div id=\"panel-22314-1-0-0\" class=\"so-panel widget widget_siteorigin-panels-builder panel-first-child panel-last-child\" data-index=\"1\" ><div id=\"pl-w661d305501acc\"  class=\"panel-layout\" ><div id=\"pg-w661d305501acc-0\"  class=\"panel-grid panel-no-style\" ><div id=\"pgc-w661d305501acc-0-0\"  class=\"panel-grid-cell\" ><div id=\"panel-w661d305501acc-0-0-0\" class=\"so-panel widget widget_sow-editor panel-first-child panel-last-child\" data-index=\"0\" ><div\n\t\t\t\n\t\t\tclass=\"so-widget-sow-editor so-widget-sow-editor-base\"\n\t\t\t\n\t\t>\n<div class=\"siteorigin-widget-tinymce textwidget\">\n\t<h1>Unsere Mitgliederzeitschrift<\/h1>\n<\/div>\n<\/div><\/div><\/div><\/div><div id=\"pg-w661d305501acc-1\"  class=\"panel-grid panel-no-style\" ><div id=\"pgc-w661d305501acc-1-0\"  class=\"panel-grid-cell\" ><div id=\"panel-w661d305501acc-1-0-0\" class=\"so-panel widget widget_sow-editor panel-first-child panel-last-child\" data-index=\"1\" ><div\n\t\t\t\n\t\t\tclass=\"so-widget-sow-editor so-widget-sow-editor-base\"\n\t\t\t\n\t\t>\n<div class=\"siteorigin-widget-tinymce textwidget\">\n\t<p>Die Gr\u00fcnfl\u00e4che ist die Mitgliederzeitschrift des Landesverbandes Hessen. Sie erscheint in der Regel 4mal j\u00e4hrlich und wird von einer Redaktionsgruppe aus MitarbeiterInnen der Landesgesch\u00e4ftsstelle und ehrenamtlichen Helferinnen und Helfern hergestellt. Unser Redaktionsteam legt Inhalte fest, fragt Texte an und\/oder schreibt selbst Beitr\u00e4ge, organisiert Fotos oder fotografiert selbst, acquiriert Anzeigenkunden, layoutet und setzt.<\/p>\n<p>Wir suchen regelm\u00e4\u00dfig interessante Beitr\u00e4ge und Themen. Vorschl\u00e4ge bitte an&nbsp; <a href=\"mailto:gruenflaeche@gruene-hessen.de\" target=\"_blank\" rel=\"noopener noreferrer\">gruenflaeche@gruene-hessen.de<\/a> mailen. Das Redaktionsteam beh\u00e4lt sich Auswahl und \u00c4nderungen in den Beitr\u00e4gen vor.&nbsp; <em>Wir bitten um Verst\u00e4ndnis, dass wir nicht alle Vorschl\u00e4ge ber\u00fccksichtigen k\u00f6nnen.<\/em><\/p>\n<\/div>\n<\/div><\/div><\/div><div id=\"pgc-w661d305501acc-1-1\"  class=\"panel-grid-cell\" ><div id=\"panel-w661d305501acc-1-1-0\" class=\"so-panel widget widget_sow-editor panel-first-child panel-last-child\" data-index=\"2\" ><div class=\"panel-widget-style panel-widget-style-for-w661d305501acc-1-1-0\" ><div\n\t\t\t\n\t\t\tclass=\"so-widget-sow-editor so-widget-sow-editor-base\"\n\t\t\t\n\t\t>\n<div class=\"siteorigin-widget-tinymce textwidget\">\n\t<p style=\"text-align: center\"><strong>Interesse an einer Anzeige in der Gr\u00fcnfl\u00e4che?<\/strong><\/p>\n<p style=\"text-align: center\">Formate, Preise und Termine finden Sie <a href=\"https:\/\/www.gruene-hessen.de\/partei\/files\/2023\/12\/Mediadaten-GF-24-1.pdf\">hier<\/a>.<\/p>\n<p style=\"text-align: center\">Die n\u00e4chste Ausgabe unseres Magazins<\/p>\n<p style=\"text-align: center\">erscheint voraussichtlich Ende August.&nbsp;<\/p>\n<\/div>\n<\/div><\/div><\/div><\/div><\/div><div id=\"pg-w661d305501acc-2\"  class=\"panel-grid panel-no-style\" ><div id=\"pgc-w661d305501acc-2-0\"  class=\"panel-grid-cell\" ><div class=\"blumenlinie\"><\/div><\/div><\/div><div id=\"pg-w661d305501acc-3\"  class=\"panel-grid panel-no-style\" ><div id=\"pgc-w661d305501acc-3-0\"  class=\"panel-grid-cell\" ><div id=\"panel-w661d305501acc-3-0-0\" class=\"so-panel widget widget_sow-editor panel-first-child panel-last-child\" data-index=\"4\" ><div class=\"panel-widget-style panel-widget-style-for-w661d305501acc-3-0-0\" ><div\n\t\t\t\n\t\t\tclass=\"so-widget-sow-editor so-widget-sow-editor-base\"\n\t\t\t\n\t\t>\n<div class=\"siteorigin-widget-tinymce textwidget\">\n\t<p style=\"text-align: center\">Die aktuellsten Ausgaben sehen Sie oben. F\u00fcr alle weiteren bis ins Jahr 2005 zur\u00fcck <a title=\"Zum Archiv der Gr\u00fcnfl\u00e4che\" href=\"https:\/\/www.gruene-hessen.de\/partei\/gruenflaeche\/archiv\/\">werfen Sie doch einen Blick in unser Archiv<\/a>.<\/p>\n<\/div>\n<\/div><\/div><\/div><\/div><\/div><\/div><\/div><\/div><\/div><\/div><\/div>","protected":false},"excerpt":{"rendered":"<p>Gr\u00fcnfl\u00e4che 1\/24 In der neusten Ausgabe der GR\u00dcNFL\u00c4CHE berichten wir u.a. \u00fcber den neuen Landesvorstand und die anstehende Europawahl. Jetzt herunterladen (PDF, 10 MB) Gr\u00fcnfl\u00e4che 2\/23 Emotion schl\u00e4gt Person &#8211; wir machen einen R\u00fcckblick auf die Landtagswahl in Hessen 2023. Jetzt herunterladen (PDF, 15 MB) Gr\u00fcnfl\u00e4che 1\/23 In der neusten Ausgabe der GR\u00dcNFL\u00c4CHE berichten wir [&hellip;]<\/p>\n","protected":false},"author":1,"featured_media":0,"parent":0,"menu_order":0,"comment_status":"closed","ping_status":"closed","template":"template-pagebuilder.php","meta":{"_acf_changed":false,"ngg_post_thumbnail":0,"footnotes":""},"class_list":["post-22314","page","type-page","status-publish","hentry"],"acf":[],"yoast_head":"<!-- This site is optimized with the Yoast SEO plugin v27.4 - https:\/\/yoast.com\/product\/yoast-seo-wordpress\/ -->\n<title>Gr\u00fcnfl\u00e4che - Landesverband B\u00dcNDNIS 90\/DIE GR\u00dcNEN Hessen<\/title>\n<meta name=\"robots\" content=\"index, follow, max-snippet:-1, max-image-preview:large, max-video-preview:-1\" \/>\n<link rel=\"canonical\" href=\"https:\/\/www.gruene-hessen.de\/partei\/gruenflaeche\/\" \/>\n<meta property=\"og:locale\" content=\"de_DE\" \/>\n<meta property=\"og:type\" content=\"article\" \/>\n<meta property=\"og:title\" content=\"Gr\u00fcnfl\u00e4che - Landesverband B\u00dcNDNIS 90\/DIE GR\u00dcNEN Hessen\" \/>\n<meta property=\"og:description\" content=\"Gr\u00fcnfl\u00e4che 1\/24 In der neusten Ausgabe der GR\u00dcNFL\u00c4CHE berichten wir u.a. \u00fcber den neuen Landesvorstand und die anstehende Europawahl. Jetzt herunterladen (PDF, 10 MB) Gr\u00fcnfl\u00e4che 2\/23 Emotion schl\u00e4gt Person &#8211; wir machen einen R\u00fcckblick auf die Landtagswahl in Hessen 2023. Jetzt herunterladen (PDF, 15 MB) Gr\u00fcnfl\u00e4che 1\/23 In der neusten Ausgabe der GR\u00dcNFL\u00c4CHE berichten wir [&hellip;]\" \/>\n<meta property=\"og:url\" content=\"https:\/\/www.gruene-hessen.de\/partei\/gruenflaeche\/\" \/>\n<meta property=\"og:site_name\" content=\"Landesverband B\u00dcNDNIS 90\/DIE GR\u00dcNEN Hessen\" \/>\n<meta property=\"article:modified_time\" content=\"2024-04-15T13:49:09+00:00\" \/>\n<meta name=\"twitter:card\" content=\"summary_large_image\" \/>\n<meta name=\"twitter:label1\" content=\"Gesch\u00e4tzte Lesezeit\" \/>\n\t<meta name=\"twitter:data1\" content=\"1\u00a0Minute\" \/>\n<script type=\"application\/ld+json\" class=\"yoast-schema-graph\">{\"@context\":\"https:\\\/\\\/schema.org\",\"@graph\":[{\"@type\":\"WebPage\",\"@id\":\"https:\\\/\\\/www.gruene-hessen.de\\\/partei\\\/gruenflaeche\\\/\",\"url\":\"https:\\\/\\\/www.gruene-hessen.de\\\/partei\\\/gruenflaeche\\\/\",\"name\":\"Gr\u00fcnfl\u00e4che - Landesverband B\u00dcNDNIS 90\\\/DIE GR\u00dcNEN Hessen\",\"isPartOf\":{\"@id\":\"https:\\\/\\\/www.gruene-hessen.de\\\/partei\\\/#website\"},\"datePublished\":\"2018-02-27T14:20:27+00:00\",\"dateModified\":\"2024-04-15T13:49:09+00:00\",\"breadcrumb\":{\"@id\":\"https:\\\/\\\/www.gruene-hessen.de\\\/partei\\\/gruenflaeche\\\/#breadcrumb\"},\"inLanguage\":\"de\",\"potentialAction\":[{\"@type\":\"ReadAction\",\"target\":[\"https:\\\/\\\/www.gruene-hessen.de\\\/partei\\\/gruenflaeche\\\/\"]}]},{\"@type\":\"BreadcrumbList\",\"@id\":\"https:\\\/\\\/www.gruene-hessen.de\\\/partei\\\/gruenflaeche\\\/#breadcrumb\",\"itemListElement\":[{\"@type\":\"ListItem\",\"position\":1,\"name\":\"Startseite\",\"item\":\"https:\\\/\\\/www.gruene-hessen.de\\\/partei\\\/\"},{\"@type\":\"ListItem\",\"position\":2,\"name\":\"Gr\u00fcnfl\u00e4che\"}]},{\"@type\":\"WebSite\",\"@id\":\"https:\\\/\\\/www.gruene-hessen.de\\\/partei\\\/#website\",\"url\":\"https:\\\/\\\/www.gruene-hessen.de\\\/partei\\\/\",\"name\":\"Landesverband B\u00dcNDNIS 90\\\/DIE GR\u00dcNEN Hessen\",\"description\":\"\",\"potentialAction\":[{\"@type\":\"SearchAction\",\"target\":{\"@type\":\"EntryPoint\",\"urlTemplate\":\"https:\\\/\\\/www.gruene-hessen.de\\\/partei\\\/?s={search_term_string}\"},\"query-input\":{\"@type\":\"PropertyValueSpecification\",\"valueRequired\":true,\"valueName\":\"search_term_string\"}}],\"inLanguage\":\"de\"}]}<\/script>\n<!-- \/ Yoast SEO plugin. -->","yoast_head_json":{"title":"Gr\u00fcnfl\u00e4che - Landesverband B\u00dcNDNIS 90\/DIE GR\u00dcNEN Hessen","robots":{"index":"index","follow":"follow","max-snippet":"max-snippet:-1","max-image-preview":"max-image-preview:large","max-video-preview":"max-video-preview:-1"},"canonical":"https:\/\/www.gruene-hessen.de\/partei\/gruenflaeche\/","og_locale":"de_DE","og_type":"article","og_title":"Gr\u00fcnfl\u00e4che - Landesverband B\u00dcNDNIS 90\/DIE GR\u00dcNEN Hessen","og_description":"Gr\u00fcnfl\u00e4che 1\/24 In der neusten Ausgabe der GR\u00dcNFL\u00c4CHE berichten wir u.a. \u00fcber den neuen Landesvorstand und die anstehende Europawahl. Jetzt herunterladen (PDF, 10 MB) Gr\u00fcnfl\u00e4che 2\/23 Emotion schl\u00e4gt Person &#8211; wir machen einen R\u00fcckblick auf die Landtagswahl in Hessen 2023. Jetzt herunterladen (PDF, 15 MB) Gr\u00fcnfl\u00e4che 1\/23 In der neusten Ausgabe der GR\u00dcNFL\u00c4CHE berichten wir [&hellip;]","og_url":"https:\/\/www.gruene-hessen.de\/partei\/gruenflaeche\/","og_site_name":"Landesverband B\u00dcNDNIS 90\/DIE GR\u00dcNEN Hessen","article_modified_time":"2024-04-15T13:49:09+00:00","twitter_card":"summary_large_image","twitter_misc":{"Gesch\u00e4tzte Lesezeit":"1\u00a0Minute"},"schema":{"@context":"https:\/\/schema.org","@graph":[{"@type":"WebPage","@id":"https:\/\/www.gruene-hessen.de\/partei\/gruenflaeche\/","url":"https:\/\/www.gruene-hessen.de\/partei\/gruenflaeche\/","name":"Gr\u00fcnfl\u00e4che - Landesverband B\u00dcNDNIS 90\/DIE GR\u00dcNEN Hessen","isPartOf":{"@id":"https:\/\/www.gruene-hessen.de\/partei\/#website"},"datePublished":"2018-02-27T14:20:27+00:00","dateModified":"2024-04-15T13:49:09+00:00","breadcrumb":{"@id":"https:\/\/www.gruene-hessen.de\/partei\/gruenflaeche\/#breadcrumb"},"inLanguage":"de","potentialAction":[{"@type":"ReadAction","target":["https:\/\/www.gruene-hessen.de\/partei\/gruenflaeche\/"]}]},{"@type":"BreadcrumbList","@id":"https:\/\/www.gruene-hessen.de\/partei\/gruenflaeche\/#breadcrumb","itemListElement":[{"@type":"ListItem","position":1,"name":"Startseite","item":"https:\/\/www.gruene-hessen.de\/partei\/"},{"@type":"ListItem","position":2,"name":"Gr\u00fcnfl\u00e4che"}]},{"@type":"WebSite","@id":"https:\/\/www.gruene-hessen.de\/partei\/#website","url":"https:\/\/www.gruene-hessen.de\/partei\/","name":"Landesverband B\u00dcNDNIS 90\/DIE GR\u00dcNEN Hessen","description":"","potentialAction":[{"@type":"SearchAction","target":{"@type":"EntryPoint","urlTemplate":"https:\/\/www.gruene-hessen.de\/partei\/?s={search_term_string}"},"query-input":{"@type":"PropertyValueSpecification","valueRequired":true,"valueName":"search_term_string"}}],"inLanguage":"de"}]}},"_links":{"self":[{"href":"https:\/\/www.gruene-hessen.de\/partei\/wp-json\/wp\/v2\/pages\/22314","targetHints":{"allow":["GET"]}}],"collection":[{"href":"https:\/\/www.gruene-hessen.de\/partei\/wp-json\/wp\/v2\/pages"}],"about":[{"href":"https:\/\/www.gruene-hessen.de\/partei\/wp-json\/wp\/v2\/types\/page"}],"author":[{"embeddable":true,"href":"https:\/\/www.gruene-hessen.de\/partei\/wp-json\/wp\/v2\/users\/1"}],"replies":[{"embeddable":true,"href":"https:\/\/www.gruene-hessen.de\/partei\/wp-json\/wp\/v2\/comments?post=22314"}],"version-history":[{"count":21,"href":"https:\/\/www.gruene-hessen.de\/partei\/wp-json\/wp\/v2\/pages\/22314\/revisions"}],"predecessor-version":[{"id":26324,"href":"https:\/\/www.gruene-hessen.de\/partei\/wp-json\/wp\/v2\/pages\/22314\/revisions\/26324"}],"wp:attachment":[{"href":"https:\/\/www.gruene-hessen.de\/partei\/wp-json\/wp\/v2\/media?parent=22314"}],"curies":[{"name":"wp","href":"https:\/\/api.w.org\/{rel}","templated":true}]}}