{"id":68,"date":"2010-07-21T09:35:44","date_gmt":"2010-07-21T09:35:44","guid":{"rendered":"https:\/\/www.gruene-hessen.de\/landtag\/"},"modified":"2023-03-30T10:20:09","modified_gmt":"2023-03-30T08:20:09","slug":"fraktion-buendnis-90die-gruenen-im-hessischen-landtag","status":"publish","type":"page","link":"https:\/\/www.gruene-hessen.de\/landtag\/","title":{"rendered":"Herzlich willkommen"},"content":{"rendered":"<p><a href=\"https:\/\/www.gruene-hessen.de\/landtag\/files\/2014\/07\/Mathias-Wagner.jpg\"  rel=\"thickbox\" class=\"thickbox\"><img loading=\"lazy\" decoding=\"async\" class=\"alignright wp-image-14494\" src=\"https:\/\/www.gruene-hessen.de\/landtag\/files\/2014\/07\/Mathias-Wagner-300x300.jpg\" alt=\"Mathias Wagner, Fraktionsvorsitzender von B\u00dcNDNIS 90\/DIE GR\u00dcNEN im Hessischen Landtag\" width=\"210\" height=\"210\" srcset=\"https:\/\/www.gruene-hessen.de\/landtag\/wp-content\/blogs.dir\/2\/files\/2014\/07\/Mathias-Wagner-300x300.jpg 300w, https:\/\/www.gruene-hessen.de\/landtag\/wp-content\/blogs.dir\/2\/files\/2014\/07\/Mathias-Wagner-150x150.jpg 150w, https:\/\/www.gruene-hessen.de\/landtag\/wp-content\/blogs.dir\/2\/files\/2014\/07\/Mathias-Wagner-1024x1024.jpg 1024w, https:\/\/www.gruene-hessen.de\/landtag\/wp-content\/blogs.dir\/2\/files\/2014\/07\/Mathias-Wagner-160x160.jpg 160w, https:\/\/www.gruene-hessen.de\/landtag\/wp-content\/blogs.dir\/2\/files\/2014\/07\/Mathias-Wagner.jpg 1600w\" sizes=\"auto, (max-width: 210px) 100vw, 210px\" \/><\/a>auf der Internetseite der Fraktion von B\u00dcNDNIS 90\/DIE GR\u00dcNEN im Hessischen Landtag!<\/p>\n<p>Hier finden Sie alle Informationen rund um die Arbeit der Landtagsfraktion von B\u00dcNDNIS 90\/DIE GR\u00dcNEN Hessen. Egal ob Sie sich f\u00fcr die inhaltliche Arbeit, die Publikationen der Fraktion, das aktuelle Geschehen im Plenum des Hessischen Landtags oder die einzelnen Abgeordneten interessieren, hier finden Sie alle relevanten Informationen.<\/p>\n<p>Kontaktieren Sie bei Fragen gerne die zust\u00e4ndigen FachpolitikerInnen oder den\/die Abgeordnete\/n Ihres Wahlkreises, alle Kontaktinformationen, ob E-Mail, Telefon oder die gute, alte Postanschrift, finden Sie auf den folgenden Seiten.<\/p>\n<p>Ich w\u00fcnsche Ihnen viel Spa\u00df beim Lesen und Durchklicken!<\/p>\n<p><strong>Mathias Wagner<\/strong><br \/>\nFraktionsvorsitzender<\/p>\n","protected":false},"excerpt":{"rendered":"<p>auf der Internetseite der Fraktion von B\u00dcNDNIS 90\/DIE GR\u00dcNEN im Hessischen Landtag! Hier finden Sie alle Informationen rund um die Arbeit der Landtagsfraktion von B\u00dcNDNIS 90\/DIE GR\u00dcNEN Hessen. Egal ob Sie sich f\u00fcr die inhaltliche Arbeit, die Publikationen der Fraktion, das aktuelle Geschehen im Plenum des Hessischen Landtags oder die einzelnen Abgeordneten interessieren, hier finden [&hellip;]<\/p>\n","protected":false},"author":1,"featured_media":8978,"parent":0,"menu_order":0,"comment_status":"open","ping_status":"open","template":"","meta":{"_acf_changed":false,"ngg_post_thumbnail":0,"footnotes":""},"class_list":["post-68","page","type-page","status-publish","has-post-thumbnail","hentry"],"acf":[],"yoast_head":"<!-- This site is optimized with the Yoast SEO plugin v27.3 - https:\/\/yoast.com\/product\/yoast-seo-wordpress\/ -->\n<title>Fraktion B\u00fcndnis 90\/Die Gr\u00fcnen im Hessischen Landtag<\/title>\n<meta name=\"description\" content=\"Informationen \u00fcber die Arbeit der Landtagsfraktion von B\u00dcNDNIS 90\/DIE GR\u00dcNEN in Hessen.\" \/>\n<meta name=\"robots\" content=\"index, follow, max-snippet:-1, max-image-preview:large, max-video-preview:-1\" \/>\n<link rel=\"canonical\" href=\"https:\/\/www.gruene-hessen.de\/landtag\/\" \/>\n<meta property=\"og:locale\" content=\"de_DE\" \/>\n<meta property=\"og:type\" content=\"article\" \/>\n<meta property=\"og:title\" content=\"Fraktion B\u00fcndnis 90\/Die Gr\u00fcnen im Hessischen Landtag\" \/>\n<meta property=\"og:description\" content=\"Informationen \u00fcber die Arbeit der Landtagsfraktion von B\u00dcNDNIS 90\/DIE GR\u00dcNEN in Hessen.\" \/>\n<meta property=\"og:url\" content=\"https:\/\/www.gruene-hessen.de\/landtag\/\" \/>\n<meta property=\"og:site_name\" content=\"Fraktion B\u00fcndnis 90\/Die Gr\u00fcnen im Hessischen Landtag\" \/>\n<meta property=\"article:publisher\" content=\"https:\/\/www.facebook.com\/gruenehessen\" \/>\n<meta property=\"article:modified_time\" content=\"2023-03-30T08:20:09+00:00\" \/>\n<meta property=\"og:image\" content=\"https:\/\/www.gruene-hessen.de\/landtag\/files\/2010\/07\/Landtag.jpg\" \/>\n\t<meta property=\"og:image:width\" content=\"705\" \/>\n\t<meta property=\"og:image:height\" content=\"160\" \/>\n\t<meta property=\"og:image:type\" content=\"image\/jpeg\" \/>\n<meta name=\"twitter:card\" content=\"summary_large_image\" \/>\n<meta name=\"twitter:site\" content=\"@gruenehessen\" \/>\n<meta name=\"twitter:label1\" content=\"Gesch\u00e4tzte Lesezeit\" \/>\n\t<meta name=\"twitter:data1\" content=\"1\u00a0Minute\" \/>\n<script type=\"application\/ld+json\" class=\"yoast-schema-graph\">{\"@context\":\"https:\\\/\\\/schema.org\",\"@graph\":[{\"@type\":\"WebPage\",\"@id\":\"https:\\\/\\\/www.gruene-hessen.de\\\/landtag\\\/\",\"url\":\"https:\\\/\\\/www.gruene-hessen.de\\\/landtag\\\/\",\"name\":\"Fraktion B\u00fcndnis 90\\\/Die Gr\u00fcnen im Hessischen Landtag\",\"isPartOf\":{\"@id\":\"https:\\\/\\\/www.gruene-hessen.de\\\/landtag\\\/#website\"},\"primaryImageOfPage\":{\"@id\":\"https:\\\/\\\/www.gruene-hessen.de\\\/landtag\\\/#primaryimage\"},\"image\":{\"@id\":\"https:\\\/\\\/www.gruene-hessen.de\\\/landtag\\\/#primaryimage\"},\"thumbnailUrl\":\"https:\\\/\\\/www.gruene-hessen.de\\\/landtag\\\/wp-content\\\/blogs.dir\\\/2\\\/files\\\/2010\\\/07\\\/Landtag.jpg\",\"datePublished\":\"2010-07-21T09:35:44+00:00\",\"dateModified\":\"2023-03-30T08:20:09+00:00\",\"description\":\"Informationen \u00fcber die Arbeit der Landtagsfraktion von B\u00dcNDNIS 90\\\/DIE GR\u00dcNEN in Hessen.\",\"breadcrumb\":{\"@id\":\"https:\\\/\\\/www.gruene-hessen.de\\\/landtag\\\/#breadcrumb\"},\"inLanguage\":\"de\",\"potentialAction\":[{\"@type\":\"ReadAction\",\"target\":[\"https:\\\/\\\/www.gruene-hessen.de\\\/landtag\\\/\"]}]},{\"@type\":\"ImageObject\",\"inLanguage\":\"de\",\"@id\":\"https:\\\/\\\/www.gruene-hessen.de\\\/landtag\\\/#primaryimage\",\"url\":\"https:\\\/\\\/www.gruene-hessen.de\\\/landtag\\\/wp-content\\\/blogs.dir\\\/2\\\/files\\\/2010\\\/07\\\/Landtag.jpg\",\"contentUrl\":\"https:\\\/\\\/www.gruene-hessen.de\\\/landtag\\\/wp-content\\\/blogs.dir\\\/2\\\/files\\\/2010\\\/07\\\/Landtag.jpg\",\"width\":705,\"height\":160},{\"@type\":\"BreadcrumbList\",\"@id\":\"https:\\\/\\\/www.gruene-hessen.de\\\/landtag\\\/#breadcrumb\",\"itemListElement\":[{\"@type\":\"ListItem\",\"position\":1,\"name\":\"Startseite\",\"item\":\"https:\\\/\\\/www.gruene-hessen.de\\\/landtag\\\/\"},{\"@type\":\"ListItem\",\"position\":2,\"name\":\"Herzlich willkommen\"}]},{\"@type\":\"WebSite\",\"@id\":\"https:\\\/\\\/www.gruene-hessen.de\\\/landtag\\\/#website\",\"url\":\"https:\\\/\\\/www.gruene-hessen.de\\\/landtag\\\/\",\"name\":\"Fraktion B\u00fcndnis 90\\\/Die Gr\u00fcnen im Hessischen Landtag\",\"description\":\"\",\"publisher\":{\"@id\":\"https:\\\/\\\/www.gruene-hessen.de\\\/landtag\\\/#organization\"},\"potentialAction\":[{\"@type\":\"SearchAction\",\"target\":{\"@type\":\"EntryPoint\",\"urlTemplate\":\"https:\\\/\\\/www.gruene-hessen.de\\\/landtag\\\/?s={search_term_string}\"},\"query-input\":{\"@type\":\"PropertyValueSpecification\",\"valueRequired\":true,\"valueName\":\"search_term_string\"}}],\"inLanguage\":\"de\"},{\"@type\":\"Organization\",\"@id\":\"https:\\\/\\\/www.gruene-hessen.de\\\/landtag\\\/#organization\",\"name\":\"Fraktion B\u00fcndnis 90\\\/Die Gr\u00fcnen im Hessischen Landtag\",\"url\":\"https:\\\/\\\/www.gruene-hessen.de\\\/landtag\\\/\",\"logo\":{\"@type\":\"ImageObject\",\"inLanguage\":\"de\",\"@id\":\"https:\\\/\\\/www.gruene-hessen.de\\\/landtag\\\/#\\\/schema\\\/logo\\\/image\\\/\",\"url\":\"https:\\\/\\\/www.gruene-hessen.de\\\/landtag\\\/files\\\/2023\\\/03\\\/Logo-LTF-Hessen-weiss-gruen-Pfade.png\",\"contentUrl\":\"https:\\\/\\\/www.gruene-hessen.de\\\/landtag\\\/files\\\/2023\\\/03\\\/Logo-LTF-Hessen-weiss-gruen-Pfade.png\",\"width\":1632,\"height\":1000,\"caption\":\"Fraktion B\u00fcndnis 90\\\/Die Gr\u00fcnen im Hessischen Landtag\"},\"image\":{\"@id\":\"https:\\\/\\\/www.gruene-hessen.de\\\/landtag\\\/#\\\/schema\\\/logo\\\/image\\\/\"},\"sameAs\":[\"https:\\\/\\\/www.facebook.com\\\/gruenehessen\",\"https:\\\/\\\/x.com\\\/gruenehessen\",\"https:\\\/\\\/www.instagram.com\\\/gruenehessen\\\/\"]}]}<\/script>\n<!-- \/ Yoast SEO plugin. -->","yoast_head_json":{"title":"Fraktion B\u00fcndnis 90\/Die Gr\u00fcnen im Hessischen Landtag","description":"Informationen \u00fcber die Arbeit der Landtagsfraktion von B\u00dcNDNIS 90\/DIE GR\u00dcNEN in Hessen.","robots":{"index":"index","follow":"follow","max-snippet":"max-snippet:-1","max-image-preview":"max-image-preview:large","max-video-preview":"max-video-preview:-1"},"canonical":"https:\/\/www.gruene-hessen.de\/landtag\/","og_locale":"de_DE","og_type":"article","og_title":"Fraktion B\u00fcndnis 90\/Die Gr\u00fcnen im Hessischen Landtag","og_description":"Informationen \u00fcber die Arbeit der Landtagsfraktion von B\u00dcNDNIS 90\/DIE GR\u00dcNEN in Hessen.","og_url":"https:\/\/www.gruene-hessen.de\/landtag\/","og_site_name":"Fraktion B\u00fcndnis 90\/Die Gr\u00fcnen im Hessischen Landtag","article_publisher":"https:\/\/www.facebook.com\/gruenehessen","article_modified_time":"2023-03-30T08:20:09+00:00","og_image":[{"width":705,"height":160,"url":"https:\/\/www.gruene-hessen.de\/landtag\/files\/2010\/07\/Landtag.jpg","type":"image\/jpeg"}],"twitter_card":"summary_large_image","twitter_site":"@gruenehessen","twitter_misc":{"Gesch\u00e4tzte Lesezeit":"1\u00a0Minute"},"schema":{"@context":"https:\/\/schema.org","@graph":[{"@type":"WebPage","@id":"https:\/\/www.gruene-hessen.de\/landtag\/","url":"https:\/\/www.gruene-hessen.de\/landtag\/","name":"Fraktion B\u00fcndnis 90\/Die Gr\u00fcnen im Hessischen Landtag","isPartOf":{"@id":"https:\/\/www.gruene-hessen.de\/landtag\/#website"},"primaryImageOfPage":{"@id":"https:\/\/www.gruene-hessen.de\/landtag\/#primaryimage"},"image":{"@id":"https:\/\/www.gruene-hessen.de\/landtag\/#primaryimage"},"thumbnailUrl":"https:\/\/www.gruene-hessen.de\/landtag\/wp-content\/blogs.dir\/2\/files\/2010\/07\/Landtag.jpg","datePublished":"2010-07-21T09:35:44+00:00","dateModified":"2023-03-30T08:20:09+00:00","description":"Informationen \u00fcber die Arbeit der Landtagsfraktion von B\u00dcNDNIS 90\/DIE GR\u00dcNEN in Hessen.","breadcrumb":{"@id":"https:\/\/www.gruene-hessen.de\/landtag\/#breadcrumb"},"inLanguage":"de","potentialAction":[{"@type":"ReadAction","target":["https:\/\/www.gruene-hessen.de\/landtag\/"]}]},{"@type":"ImageObject","inLanguage":"de","@id":"https:\/\/www.gruene-hessen.de\/landtag\/#primaryimage","url":"https:\/\/www.gruene-hessen.de\/landtag\/wp-content\/blogs.dir\/2\/files\/2010\/07\/Landtag.jpg","contentUrl":"https:\/\/www.gruene-hessen.de\/landtag\/wp-content\/blogs.dir\/2\/files\/2010\/07\/Landtag.jpg","width":705,"height":160},{"@type":"BreadcrumbList","@id":"https:\/\/www.gruene-hessen.de\/landtag\/#breadcrumb","itemListElement":[{"@type":"ListItem","position":1,"name":"Startseite","item":"https:\/\/www.gruene-hessen.de\/landtag\/"},{"@type":"ListItem","position":2,"name":"Herzlich willkommen"}]},{"@type":"WebSite","@id":"https:\/\/www.gruene-hessen.de\/landtag\/#website","url":"https:\/\/www.gruene-hessen.de\/landtag\/","name":"Fraktion B\u00fcndnis 90\/Die Gr\u00fcnen im Hessischen Landtag","description":"","publisher":{"@id":"https:\/\/www.gruene-hessen.de\/landtag\/#organization"},"potentialAction":[{"@type":"SearchAction","target":{"@type":"EntryPoint","urlTemplate":"https:\/\/www.gruene-hessen.de\/landtag\/?s={search_term_string}"},"query-input":{"@type":"PropertyValueSpecification","valueRequired":true,"valueName":"search_term_string"}}],"inLanguage":"de"},{"@type":"Organization","@id":"https:\/\/www.gruene-hessen.de\/landtag\/#organization","name":"Fraktion B\u00fcndnis 90\/Die Gr\u00fcnen im Hessischen Landtag","url":"https:\/\/www.gruene-hessen.de\/landtag\/","logo":{"@type":"ImageObject","inLanguage":"de","@id":"https:\/\/www.gruene-hessen.de\/landtag\/#\/schema\/logo\/image\/","url":"https:\/\/www.gruene-hessen.de\/landtag\/files\/2023\/03\/Logo-LTF-Hessen-weiss-gruen-Pfade.png","contentUrl":"https:\/\/www.gruene-hessen.de\/landtag\/files\/2023\/03\/Logo-LTF-Hessen-weiss-gruen-Pfade.png","width":1632,"height":1000,"caption":"Fraktion B\u00fcndnis 90\/Die Gr\u00fcnen im Hessischen Landtag"},"image":{"@id":"https:\/\/www.gruene-hessen.de\/landtag\/#\/schema\/logo\/image\/"},"sameAs":["https:\/\/www.facebook.com\/gruenehessen","https:\/\/x.com\/gruenehessen","https:\/\/www.instagram.com\/gruenehessen\/"]}]}},"_links":{"self":[{"href":"https:\/\/www.gruene-hessen.de\/landtag\/wp-json\/wp\/v2\/pages\/68","targetHints":{"allow":["GET"]}}],"collection":[{"href":"https:\/\/www.gruene-hessen.de\/landtag\/wp-json\/wp\/v2\/pages"}],"about":[{"href":"https:\/\/www.gruene-hessen.de\/landtag\/wp-json\/wp\/v2\/types\/page"}],"author":[{"embeddable":true,"href":"https:\/\/www.gruene-hessen.de\/landtag\/wp-json\/wp\/v2\/users\/1"}],"replies":[{"embeddable":true,"href":"https:\/\/www.gruene-hessen.de\/landtag\/wp-json\/wp\/v2\/comments?post=68"}],"version-history":[{"count":2,"href":"https:\/\/www.gruene-hessen.de\/landtag\/wp-json\/wp\/v2\/pages\/68\/revisions"}],"predecessor-version":[{"id":31958,"href":"https:\/\/www.gruene-hessen.de\/landtag\/wp-json\/wp\/v2\/pages\/68\/revisions\/31958"}],"wp:featuredmedia":[{"embeddable":true,"href":"https:\/\/www.gruene-hessen.de\/landtag\/wp-json\/wp\/v2\/media\/8978"}],"wp:attachment":[{"href":"https:\/\/www.gruene-hessen.de\/landtag\/wp-json\/wp\/v2\/media?parent=68"}],"curies":[{"name":"wp","href":"https:\/\/api.w.org\/{rel}","templated":true}]}}