{"id":6251,"date":"2011-09-02T14:25:46","date_gmt":"2011-09-02T12:25:46","guid":{"rendered":"https:\/\/www.gruene-hessen.de\/landtag\/"},"modified":"2026-03-24T09:43:15","modified_gmt":"2026-03-24T08:43:15","slug":"besuch","status":"publish","type":"page","link":"https:\/\/www.gruene-hessen.de\/landtag\/besuch\/","title":{"rendered":"Besuch"},"content":{"rendered":"<p>Sie haben Interesse an Politik und der Arbeit der GR\u00dcNEN Landtagsfraktion im Besonderen? Dann m\u00f6chten wir Sie herzlich einladen, uns im Landtag zu besuchen, um einen Eindruck von unserer Arbeit zu bekommen.<\/p>\n<p>Wir bieten in den Plenarwochen ein spannendes Besucherprogramm an:<br \/>\nDie zweist\u00fcndige Landtagstour beginnt stets an einem Plenartag, Sie beinhaltet eine Power Point Pr\u00e4sentation, einen Rundgang durch den Landtag und eine einst\u00fcndige Teilnahme an einer Plenarsitzung mit anschlie\u00dfendem Gespr\u00e4ch mit einem Mitglied der Fraktion.<\/p>\n<p>Die Pl\u00e4tze f\u00fcr die Besuche bei uns sind allerdings begrenzt. So kann es manchmal dazu<br \/>\nkommen, dass ein Termin schon ausgebucht ist. Deshalb muss sich aber niemand gr\u00e4men, wir bieten diese Besuche regelm\u00e4\u00dfig an, immer in Plenarwochen. Sollte also ein gew\u00fcnschter Termin ausgebucht sein, suchen Sie einfach einen anderen Termin aus und mit ein bisschen Geduld werden wir alle Interessierten unterbringen.<\/p>\n<p><span style=\"font-size: revert;\">Also: Wer Interesse an einem Blick hinter die Kulissen des Hessischen Landtags hat und mit Akteurinnen und Akteuren GR\u00dcNER Politik diskutieren will, kann sich jetzt anmelden: <\/span><a style=\"font-size: revert;\" title=\"Zum Anmeldeformular\" href=\"https:\/\/www.gruene-hessen.de\/landtag\/besuch\/anmeldung\">Anmeldeformular<\/a><span style=\"font-size: revert;\">.<\/span><\/p>\n<p>Wir freuen uns darauf, Sie bald im Landtag begr\u00fc\u00dfen zu k\u00f6nnen.<\/p>\n","protected":false},"excerpt":{"rendered":"<p>Sie haben Interesse an Politik und der Arbeit der GR\u00dcNEN Landtagsfraktion im Besonderen? Dann m\u00f6chten wir Sie herzlich einladen, uns im Landtag zu besuchen, um einen Eindruck von unserer Arbeit zu bekommen. Wir bieten in den Plenarwochen ein spannendes Besucherprogramm an: Die zweist\u00fcndige Landtagstour beginnt stets an einem Plenartag, Sie beinhaltet eine Power Point Pr\u00e4sentation, [&hellip;]<\/p>\n","protected":false},"author":3,"featured_media":16962,"parent":0,"menu_order":0,"comment_status":"open","ping_status":"open","template":"template-einspaltig.php","meta":{"_acf_changed":false,"ngg_post_thumbnail":0,"footnotes":""},"class_list":["post-6251","page","type-page","status-publish","has-post-thumbnail","hentry"],"acf":[],"yoast_head":"<!-- This site is optimized with the Yoast SEO plugin v27.5 - https:\/\/yoast.com\/product\/yoast-seo-wordpress\/ -->\n<title>Besuch - Fraktion B\u00fcndnis 90\/Die Gr\u00fcnen im Hessischen Landtag<\/title>\n<meta name=\"robots\" content=\"index, follow, max-snippet:-1, max-image-preview:large, max-video-preview:-1\" \/>\n<link rel=\"canonical\" href=\"https:\/\/www.gruene-hessen.de\/landtag\/besuch\/\" \/>\n<meta property=\"og:locale\" content=\"de_DE\" \/>\n<meta property=\"og:type\" content=\"article\" \/>\n<meta property=\"og:title\" content=\"Besuch - Fraktion B\u00fcndnis 90\/Die Gr\u00fcnen im Hessischen Landtag\" \/>\n<meta property=\"og:description\" content=\"Sie haben Interesse an Politik und der Arbeit der GR\u00dcNEN Landtagsfraktion im Besonderen? Dann m\u00f6chten wir Sie herzlich einladen, uns im Landtag zu besuchen, um einen Eindruck von unserer Arbeit zu bekommen. Wir bieten in den Plenarwochen ein spannendes Besucherprogramm an: Die zweist\u00fcndige Landtagstour beginnt stets an einem Plenartag, Sie beinhaltet eine Power Point Pr\u00e4sentation, [&hellip;]\" \/>\n<meta property=\"og:url\" content=\"https:\/\/www.gruene-hessen.de\/landtag\/besuch\/\" \/>\n<meta property=\"og:site_name\" content=\"Fraktion B\u00fcndnis 90\/Die Gr\u00fcnen im Hessischen Landtag\" \/>\n<meta property=\"article:publisher\" content=\"https:\/\/www.facebook.com\/gruenehessen\" \/>\n<meta property=\"article:modified_time\" content=\"2026-03-24T08:43:15+00:00\" \/>\n<meta property=\"og:image\" content=\"https:\/\/www.gruene-hessen.de\/landtag\/wp-content\/blogs.dir\/2\/files\/2011\/09\/besuch.jpg\" \/>\n\t<meta property=\"og:image:width\" content=\"1920\" \/>\n\t<meta property=\"og:image:height\" content=\"450\" \/>\n\t<meta property=\"og:image:type\" content=\"image\/jpeg\" \/>\n<meta name=\"twitter:card\" content=\"summary_large_image\" \/>\n<meta name=\"twitter:site\" content=\"@gruenehessen\" \/>\n<meta name=\"twitter:label1\" content=\"Gesch\u00e4tzte Lesezeit\" \/>\n\t<meta name=\"twitter:data1\" content=\"2\u00a0Minuten\" \/>\n<script type=\"application\/ld+json\" class=\"yoast-schema-graph\">{\"@context\":\"https:\\\/\\\/schema.org\",\"@graph\":[{\"@type\":\"WebPage\",\"@id\":\"https:\\\/\\\/www.gruene-hessen.de\\\/landtag\\\/besuch\\\/\",\"url\":\"https:\\\/\\\/www.gruene-hessen.de\\\/landtag\\\/besuch\\\/\",\"name\":\"Besuch - Fraktion B\u00fcndnis 90\\\/Die Gr\u00fcnen im Hessischen Landtag\",\"isPartOf\":{\"@id\":\"https:\\\/\\\/www.gruene-hessen.de\\\/landtag\\\/#website\"},\"primaryImageOfPage\":{\"@id\":\"https:\\\/\\\/www.gruene-hessen.de\\\/landtag\\\/besuch\\\/#primaryimage\"},\"image\":{\"@id\":\"https:\\\/\\\/www.gruene-hessen.de\\\/landtag\\\/besuch\\\/#primaryimage\"},\"thumbnailUrl\":\"https:\\\/\\\/www.gruene-hessen.de\\\/landtag\\\/wp-content\\\/blogs.dir\\\/2\\\/files\\\/2011\\\/09\\\/besuch.jpg\",\"datePublished\":\"2011-09-02T12:25:46+00:00\",\"dateModified\":\"2026-03-24T08:43:15+00:00\",\"breadcrumb\":{\"@id\":\"https:\\\/\\\/www.gruene-hessen.de\\\/landtag\\\/besuch\\\/#breadcrumb\"},\"inLanguage\":\"de\",\"potentialAction\":[{\"@type\":\"ReadAction\",\"target\":[\"https:\\\/\\\/www.gruene-hessen.de\\\/landtag\\\/besuch\\\/\"]}]},{\"@type\":\"ImageObject\",\"inLanguage\":\"de\",\"@id\":\"https:\\\/\\\/www.gruene-hessen.de\\\/landtag\\\/besuch\\\/#primaryimage\",\"url\":\"https:\\\/\\\/www.gruene-hessen.de\\\/landtag\\\/wp-content\\\/blogs.dir\\\/2\\\/files\\\/2011\\\/09\\\/besuch.jpg\",\"contentUrl\":\"https:\\\/\\\/www.gruene-hessen.de\\\/landtag\\\/wp-content\\\/blogs.dir\\\/2\\\/files\\\/2011\\\/09\\\/besuch.jpg\",\"width\":1920,\"height\":450},{\"@type\":\"BreadcrumbList\",\"@id\":\"https:\\\/\\\/www.gruene-hessen.de\\\/landtag\\\/besuch\\\/#breadcrumb\",\"itemListElement\":[{\"@type\":\"ListItem\",\"position\":1,\"name\":\"Startseite\",\"item\":\"https:\\\/\\\/www.gruene-hessen.de\\\/landtag\\\/\"},{\"@type\":\"ListItem\",\"position\":2,\"name\":\"Besuch\"}]},{\"@type\":\"WebSite\",\"@id\":\"https:\\\/\\\/www.gruene-hessen.de\\\/landtag\\\/#website\",\"url\":\"https:\\\/\\\/www.gruene-hessen.de\\\/landtag\\\/\",\"name\":\"Fraktion B\u00fcndnis 90\\\/Die Gr\u00fcnen im Hessischen Landtag\",\"description\":\"\",\"publisher\":{\"@id\":\"https:\\\/\\\/www.gruene-hessen.de\\\/landtag\\\/#organization\"},\"potentialAction\":[{\"@type\":\"SearchAction\",\"target\":{\"@type\":\"EntryPoint\",\"urlTemplate\":\"https:\\\/\\\/www.gruene-hessen.de\\\/landtag\\\/?s={search_term_string}\"},\"query-input\":{\"@type\":\"PropertyValueSpecification\",\"valueRequired\":true,\"valueName\":\"search_term_string\"}}],\"inLanguage\":\"de\"},{\"@type\":\"Organization\",\"@id\":\"https:\\\/\\\/www.gruene-hessen.de\\\/landtag\\\/#organization\",\"name\":\"Fraktion B\u00fcndnis 90\\\/Die Gr\u00fcnen im Hessischen Landtag\",\"url\":\"https:\\\/\\\/www.gruene-hessen.de\\\/landtag\\\/\",\"logo\":{\"@type\":\"ImageObject\",\"inLanguage\":\"de\",\"@id\":\"https:\\\/\\\/www.gruene-hessen.de\\\/landtag\\\/#\\\/schema\\\/logo\\\/image\\\/\",\"url\":\"https:\\\/\\\/www.gruene-hessen.de\\\/landtag\\\/files\\\/2023\\\/03\\\/Logo-LTF-Hessen-weiss-gruen-Pfade.png\",\"contentUrl\":\"https:\\\/\\\/www.gruene-hessen.de\\\/landtag\\\/files\\\/2023\\\/03\\\/Logo-LTF-Hessen-weiss-gruen-Pfade.png\",\"width\":1632,\"height\":1000,\"caption\":\"Fraktion B\u00fcndnis 90\\\/Die Gr\u00fcnen im Hessischen Landtag\"},\"image\":{\"@id\":\"https:\\\/\\\/www.gruene-hessen.de\\\/landtag\\\/#\\\/schema\\\/logo\\\/image\\\/\"},\"sameAs\":[\"https:\\\/\\\/www.facebook.com\\\/gruenehessen\",\"https:\\\/\\\/x.com\\\/gruenehessen\",\"https:\\\/\\\/www.instagram.com\\\/gruenehessen\\\/\"]}]}<\/script>\n<!-- \/ Yoast SEO plugin. -->","yoast_head_json":{"title":"Besuch - Fraktion B\u00fcndnis 90\/Die Gr\u00fcnen im Hessischen Landtag","robots":{"index":"index","follow":"follow","max-snippet":"max-snippet:-1","max-image-preview":"max-image-preview:large","max-video-preview":"max-video-preview:-1"},"canonical":"https:\/\/www.gruene-hessen.de\/landtag\/besuch\/","og_locale":"de_DE","og_type":"article","og_title":"Besuch - Fraktion B\u00fcndnis 90\/Die Gr\u00fcnen im Hessischen Landtag","og_description":"Sie haben Interesse an Politik und der Arbeit der GR\u00dcNEN Landtagsfraktion im Besonderen? Dann m\u00f6chten wir Sie herzlich einladen, uns im Landtag zu besuchen, um einen Eindruck von unserer Arbeit zu bekommen. Wir bieten in den Plenarwochen ein spannendes Besucherprogramm an: Die zweist\u00fcndige Landtagstour beginnt stets an einem Plenartag, Sie beinhaltet eine Power Point Pr\u00e4sentation, [&hellip;]","og_url":"https:\/\/www.gruene-hessen.de\/landtag\/besuch\/","og_site_name":"Fraktion B\u00fcndnis 90\/Die Gr\u00fcnen im Hessischen Landtag","article_publisher":"https:\/\/www.facebook.com\/gruenehessen","article_modified_time":"2026-03-24T08:43:15+00:00","og_image":[{"width":1920,"height":450,"url":"https:\/\/www.gruene-hessen.de\/landtag\/wp-content\/blogs.dir\/2\/files\/2011\/09\/besuch.jpg","type":"image\/jpeg"}],"twitter_card":"summary_large_image","twitter_site":"@gruenehessen","twitter_misc":{"Gesch\u00e4tzte Lesezeit":"2\u00a0Minuten"},"schema":{"@context":"https:\/\/schema.org","@graph":[{"@type":"WebPage","@id":"https:\/\/www.gruene-hessen.de\/landtag\/besuch\/","url":"https:\/\/www.gruene-hessen.de\/landtag\/besuch\/","name":"Besuch - Fraktion B\u00fcndnis 90\/Die Gr\u00fcnen im Hessischen Landtag","isPartOf":{"@id":"https:\/\/www.gruene-hessen.de\/landtag\/#website"},"primaryImageOfPage":{"@id":"https:\/\/www.gruene-hessen.de\/landtag\/besuch\/#primaryimage"},"image":{"@id":"https:\/\/www.gruene-hessen.de\/landtag\/besuch\/#primaryimage"},"thumbnailUrl":"https:\/\/www.gruene-hessen.de\/landtag\/wp-content\/blogs.dir\/2\/files\/2011\/09\/besuch.jpg","datePublished":"2011-09-02T12:25:46+00:00","dateModified":"2026-03-24T08:43:15+00:00","breadcrumb":{"@id":"https:\/\/www.gruene-hessen.de\/landtag\/besuch\/#breadcrumb"},"inLanguage":"de","potentialAction":[{"@type":"ReadAction","target":["https:\/\/www.gruene-hessen.de\/landtag\/besuch\/"]}]},{"@type":"ImageObject","inLanguage":"de","@id":"https:\/\/www.gruene-hessen.de\/landtag\/besuch\/#primaryimage","url":"https:\/\/www.gruene-hessen.de\/landtag\/wp-content\/blogs.dir\/2\/files\/2011\/09\/besuch.jpg","contentUrl":"https:\/\/www.gruene-hessen.de\/landtag\/wp-content\/blogs.dir\/2\/files\/2011\/09\/besuch.jpg","width":1920,"height":450},{"@type":"BreadcrumbList","@id":"https:\/\/www.gruene-hessen.de\/landtag\/besuch\/#breadcrumb","itemListElement":[{"@type":"ListItem","position":1,"name":"Startseite","item":"https:\/\/www.gruene-hessen.de\/landtag\/"},{"@type":"ListItem","position":2,"name":"Besuch"}]},{"@type":"WebSite","@id":"https:\/\/www.gruene-hessen.de\/landtag\/#website","url":"https:\/\/www.gruene-hessen.de\/landtag\/","name":"Fraktion B\u00fcndnis 90\/Die Gr\u00fcnen im Hessischen Landtag","description":"","publisher":{"@id":"https:\/\/www.gruene-hessen.de\/landtag\/#organization"},"potentialAction":[{"@type":"SearchAction","target":{"@type":"EntryPoint","urlTemplate":"https:\/\/www.gruene-hessen.de\/landtag\/?s={search_term_string}"},"query-input":{"@type":"PropertyValueSpecification","valueRequired":true,"valueName":"search_term_string"}}],"inLanguage":"de"},{"@type":"Organization","@id":"https:\/\/www.gruene-hessen.de\/landtag\/#organization","name":"Fraktion B\u00fcndnis 90\/Die Gr\u00fcnen im Hessischen Landtag","url":"https:\/\/www.gruene-hessen.de\/landtag\/","logo":{"@type":"ImageObject","inLanguage":"de","@id":"https:\/\/www.gruene-hessen.de\/landtag\/#\/schema\/logo\/image\/","url":"https:\/\/www.gruene-hessen.de\/landtag\/files\/2023\/03\/Logo-LTF-Hessen-weiss-gruen-Pfade.png","contentUrl":"https:\/\/www.gruene-hessen.de\/landtag\/files\/2023\/03\/Logo-LTF-Hessen-weiss-gruen-Pfade.png","width":1632,"height":1000,"caption":"Fraktion B\u00fcndnis 90\/Die Gr\u00fcnen im Hessischen Landtag"},"image":{"@id":"https:\/\/www.gruene-hessen.de\/landtag\/#\/schema\/logo\/image\/"},"sameAs":["https:\/\/www.facebook.com\/gruenehessen","https:\/\/x.com\/gruenehessen","https:\/\/www.instagram.com\/gruenehessen\/"]}]}},"_links":{"self":[{"href":"https:\/\/www.gruene-hessen.de\/landtag\/wp-json\/wp\/v2\/pages\/6251","targetHints":{"allow":["GET"]}}],"collection":[{"href":"https:\/\/www.gruene-hessen.de\/landtag\/wp-json\/wp\/v2\/pages"}],"about":[{"href":"https:\/\/www.gruene-hessen.de\/landtag\/wp-json\/wp\/v2\/types\/page"}],"author":[{"embeddable":true,"href":"https:\/\/www.gruene-hessen.de\/landtag\/wp-json\/wp\/v2\/users\/3"}],"replies":[{"embeddable":true,"href":"https:\/\/www.gruene-hessen.de\/landtag\/wp-json\/wp\/v2\/comments?post=6251"}],"version-history":[{"count":3,"href":"https:\/\/www.gruene-hessen.de\/landtag\/wp-json\/wp\/v2\/pages\/6251\/revisions"}],"predecessor-version":[{"id":32241,"href":"https:\/\/www.gruene-hessen.de\/landtag\/wp-json\/wp\/v2\/pages\/6251\/revisions\/32241"}],"wp:featuredmedia":[{"embeddable":true,"href":"https:\/\/www.gruene-hessen.de\/landtag\/wp-json\/wp\/v2\/media\/16962"}],"wp:attachment":[{"href":"https:\/\/www.gruene-hessen.de\/landtag\/wp-json\/wp\/v2\/media?parent=6251"}],"curies":[{"name":"wp","href":"https:\/\/api.w.org\/{rel}","templated":true}]}}