{"id":441,"date":"2010-08-30T06:57:40","date_gmt":"2010-08-30T06:57:40","guid":{"rendered":"https:\/\/www.gruene-hessen.de\/landtag\/"},"modified":"2015-11-20T20:51:44","modified_gmt":"2015-11-20T19:51:44","slug":"fraktionsgruen-zeitschrift","status":"publish","type":"page","link":"https:\/\/www.gruene-hessen.de\/landtag\/publikationen\/fraktionsgruen-zeitschrift\/","title":{"rendered":"FraktionsGR\u00dcN &#8211; Zeitschrift"},"content":{"rendered":"<p>Mit der &#8222;FraktionsGR\u00dcN&#8220; geben wir regelm\u00e4\u00dfig einen \u00dcberblick \u00fcber die  Arbeit der GR\u00dcNEN Fraktion im Hessischen Landtag. Neben ein oder zwei  Leitartikeln werden in der Regel kurze Anrei\u00dfer zu aktuellen Themen,  Debatten oder Initiativen im Landtag angeboten und mit einem Verweis auf  entsprechende Seiten unserer Homepage versehen. Dort k\u00f6nnen dann  ausf\u00fchrlichere Informationen, Reden, Pressemitteilungen, Brosch\u00fcren,  Faltbl\u00e4tter usw. gelesen oder heruntergeladen werden.<\/p>\n<p>FraktionsGR\u00dcN wird der Zeitung des Landesverbandes, GR\u00dcNFL\u00c4CHE,\u00a0  beigelegt und ist dar\u00fcber hinaus in der Fraktion erh\u00e4ltlich.<\/p>\n<p>Die aktuelle Ausgabe k\u00f6nnen Sie immer in Papierform <a title=\"Bestellen Sie Brosch\u00fcren und andere Materialien der Fraktion\" href=\"https:\/\/www.gruene-hessen.de\/landtag\/materialien\/\">hier<\/a> bestellen. Es folgt eine Aufstellung der letzten Ausgaben, die Sie als pdf betrachten oder herunterladen k\u00f6nnen:<\/p>\n","protected":false},"excerpt":{"rendered":"<p>Mit der &#8222;FraktionsGR\u00dcN&#8220; geben wir regelm\u00e4\u00dfig einen \u00dcberblick \u00fcber die Arbeit der GR\u00dcNEN Fraktion im Hessischen Landtag. Neben ein oder zwei Leitartikeln werden in der Regel kurze Anrei\u00dfer zu aktuellen Themen, Debatten oder Initiativen im Landtag angeboten und mit einem Verweis auf entsprechende Seiten unserer Homepage versehen. Dort k\u00f6nnen dann ausf\u00fchrlichere Informationen, Reden, Pressemitteilungen, Brosch\u00fcren, [&hellip;]<\/p>\n","protected":false},"author":3,"featured_media":16964,"parent":439,"menu_order":0,"comment_status":"open","ping_status":"open","template":"template-einspaltig.php","meta":{"_acf_changed":false,"ngg_post_thumbnail":0,"footnotes":""},"class_list":["post-441","page","type-page","status-publish","has-post-thumbnail","hentry"],"acf":[],"yoast_head":"<!-- This site is optimized with the Yoast SEO plugin v27.3 - https:\/\/yoast.com\/product\/yoast-seo-wordpress\/ -->\n<title>FraktionsGR\u00dcN - Zeitschrift - Fraktion B\u00fcndnis 90\/Die Gr\u00fcnen im Hessischen Landtag<\/title>\n<meta name=\"robots\" content=\"index, follow, max-snippet:-1, max-image-preview:large, max-video-preview:-1\" \/>\n<link rel=\"canonical\" href=\"https:\/\/www.gruene-hessen.de\/landtag\/publikationen\/fraktionsgruen-zeitschrift\/\" \/>\n<meta property=\"og:locale\" content=\"de_DE\" \/>\n<meta property=\"og:type\" content=\"article\" \/>\n<meta property=\"og:title\" content=\"FraktionsGR\u00dcN - Zeitschrift - Fraktion B\u00fcndnis 90\/Die Gr\u00fcnen im Hessischen Landtag\" \/>\n<meta property=\"og:description\" content=\"Mit der &#8222;FraktionsGR\u00dcN&#8220; geben wir regelm\u00e4\u00dfig einen \u00dcberblick \u00fcber die Arbeit der GR\u00dcNEN Fraktion im Hessischen Landtag. Neben ein oder zwei Leitartikeln werden in der Regel kurze Anrei\u00dfer zu aktuellen Themen, Debatten oder Initiativen im Landtag angeboten und mit einem Verweis auf entsprechende Seiten unserer Homepage versehen. Dort k\u00f6nnen dann ausf\u00fchrlichere Informationen, Reden, Pressemitteilungen, Brosch\u00fcren, [&hellip;]\" \/>\n<meta property=\"og:url\" content=\"https:\/\/www.gruene-hessen.de\/landtag\/publikationen\/fraktionsgruen-zeitschrift\/\" \/>\n<meta property=\"og:site_name\" content=\"Fraktion B\u00fcndnis 90\/Die Gr\u00fcnen im Hessischen Landtag\" \/>\n<meta property=\"article:publisher\" content=\"https:\/\/www.facebook.com\/gruenehessen\" \/>\n<meta property=\"article:modified_time\" content=\"2015-11-20T19:51:44+00:00\" \/>\n<meta property=\"og:image\" content=\"https:\/\/www.gruene-hessen.de\/landtag\/files\/2010\/08\/publikationen.jpg\" \/>\n\t<meta property=\"og:image:width\" content=\"1920\" \/>\n\t<meta property=\"og:image:height\" content=\"450\" \/>\n\t<meta property=\"og:image:type\" content=\"image\/jpeg\" \/>\n<meta name=\"twitter:card\" content=\"summary_large_image\" \/>\n<meta name=\"twitter:site\" content=\"@gruenehessen\" \/>\n<meta name=\"twitter:label1\" content=\"Gesch\u00e4tzte Lesezeit\" \/>\n\t<meta name=\"twitter:data1\" content=\"1\u00a0Minute\" \/>\n<script type=\"application\/ld+json\" class=\"yoast-schema-graph\">{\"@context\":\"https:\\\/\\\/schema.org\",\"@graph\":[{\"@type\":\"WebPage\",\"@id\":\"https:\\\/\\\/www.gruene-hessen.de\\\/landtag\\\/publikationen\\\/fraktionsgruen-zeitschrift\\\/\",\"url\":\"https:\\\/\\\/www.gruene-hessen.de\\\/landtag\\\/publikationen\\\/fraktionsgruen-zeitschrift\\\/\",\"name\":\"FraktionsGR\u00dcN - Zeitschrift - Fraktion B\u00fcndnis 90\\\/Die Gr\u00fcnen im Hessischen Landtag\",\"isPartOf\":{\"@id\":\"https:\\\/\\\/www.gruene-hessen.de\\\/landtag\\\/#website\"},\"primaryImageOfPage\":{\"@id\":\"https:\\\/\\\/www.gruene-hessen.de\\\/landtag\\\/publikationen\\\/fraktionsgruen-zeitschrift\\\/#primaryimage\"},\"image\":{\"@id\":\"https:\\\/\\\/www.gruene-hessen.de\\\/landtag\\\/publikationen\\\/fraktionsgruen-zeitschrift\\\/#primaryimage\"},\"thumbnailUrl\":\"https:\\\/\\\/www.gruene-hessen.de\\\/landtag\\\/wp-content\\\/blogs.dir\\\/2\\\/files\\\/2010\\\/08\\\/publikationen.jpg\",\"datePublished\":\"2010-08-30T06:57:40+00:00\",\"dateModified\":\"2015-11-20T19:51:44+00:00\",\"breadcrumb\":{\"@id\":\"https:\\\/\\\/www.gruene-hessen.de\\\/landtag\\\/publikationen\\\/fraktionsgruen-zeitschrift\\\/#breadcrumb\"},\"inLanguage\":\"de\",\"potentialAction\":[{\"@type\":\"ReadAction\",\"target\":[\"https:\\\/\\\/www.gruene-hessen.de\\\/landtag\\\/publikationen\\\/fraktionsgruen-zeitschrift\\\/\"]}]},{\"@type\":\"ImageObject\",\"inLanguage\":\"de\",\"@id\":\"https:\\\/\\\/www.gruene-hessen.de\\\/landtag\\\/publikationen\\\/fraktionsgruen-zeitschrift\\\/#primaryimage\",\"url\":\"https:\\\/\\\/www.gruene-hessen.de\\\/landtag\\\/wp-content\\\/blogs.dir\\\/2\\\/files\\\/2010\\\/08\\\/publikationen.jpg\",\"contentUrl\":\"https:\\\/\\\/www.gruene-hessen.de\\\/landtag\\\/wp-content\\\/blogs.dir\\\/2\\\/files\\\/2010\\\/08\\\/publikationen.jpg\",\"width\":1920,\"height\":450},{\"@type\":\"BreadcrumbList\",\"@id\":\"https:\\\/\\\/www.gruene-hessen.de\\\/landtag\\\/publikationen\\\/fraktionsgruen-zeitschrift\\\/#breadcrumb\",\"itemListElement\":[{\"@type\":\"ListItem\",\"position\":1,\"name\":\"Startseite\",\"item\":\"https:\\\/\\\/www.gruene-hessen.de\\\/landtag\\\/\"},{\"@type\":\"ListItem\",\"position\":2,\"name\":\"Publikationen\",\"item\":\"https:\\\/\\\/www.gruene-hessen.de\\\/landtag\\\/publikationen\\\/\"},{\"@type\":\"ListItem\",\"position\":3,\"name\":\"FraktionsGR\u00dcN &#8211; Zeitschrift\"}]},{\"@type\":\"WebSite\",\"@id\":\"https:\\\/\\\/www.gruene-hessen.de\\\/landtag\\\/#website\",\"url\":\"https:\\\/\\\/www.gruene-hessen.de\\\/landtag\\\/\",\"name\":\"Fraktion B\u00fcndnis 90\\\/Die Gr\u00fcnen im Hessischen Landtag\",\"description\":\"\",\"publisher\":{\"@id\":\"https:\\\/\\\/www.gruene-hessen.de\\\/landtag\\\/#organization\"},\"potentialAction\":[{\"@type\":\"SearchAction\",\"target\":{\"@type\":\"EntryPoint\",\"urlTemplate\":\"https:\\\/\\\/www.gruene-hessen.de\\\/landtag\\\/?s={search_term_string}\"},\"query-input\":{\"@type\":\"PropertyValueSpecification\",\"valueRequired\":true,\"valueName\":\"search_term_string\"}}],\"inLanguage\":\"de\"},{\"@type\":\"Organization\",\"@id\":\"https:\\\/\\\/www.gruene-hessen.de\\\/landtag\\\/#organization\",\"name\":\"Fraktion B\u00fcndnis 90\\\/Die Gr\u00fcnen im Hessischen Landtag\",\"url\":\"https:\\\/\\\/www.gruene-hessen.de\\\/landtag\\\/\",\"logo\":{\"@type\":\"ImageObject\",\"inLanguage\":\"de\",\"@id\":\"https:\\\/\\\/www.gruene-hessen.de\\\/landtag\\\/#\\\/schema\\\/logo\\\/image\\\/\",\"url\":\"https:\\\/\\\/www.gruene-hessen.de\\\/landtag\\\/files\\\/2023\\\/03\\\/Logo-LTF-Hessen-weiss-gruen-Pfade.png\",\"contentUrl\":\"https:\\\/\\\/www.gruene-hessen.de\\\/landtag\\\/files\\\/2023\\\/03\\\/Logo-LTF-Hessen-weiss-gruen-Pfade.png\",\"width\":1632,\"height\":1000,\"caption\":\"Fraktion B\u00fcndnis 90\\\/Die Gr\u00fcnen im Hessischen Landtag\"},\"image\":{\"@id\":\"https:\\\/\\\/www.gruene-hessen.de\\\/landtag\\\/#\\\/schema\\\/logo\\\/image\\\/\"},\"sameAs\":[\"https:\\\/\\\/www.facebook.com\\\/gruenehessen\",\"https:\\\/\\\/x.com\\\/gruenehessen\",\"https:\\\/\\\/www.instagram.com\\\/gruenehessen\\\/\"]}]}<\/script>\n<!-- \/ Yoast SEO plugin. -->","yoast_head_json":{"title":"FraktionsGR\u00dcN - Zeitschrift - Fraktion B\u00fcndnis 90\/Die Gr\u00fcnen im Hessischen Landtag","robots":{"index":"index","follow":"follow","max-snippet":"max-snippet:-1","max-image-preview":"max-image-preview:large","max-video-preview":"max-video-preview:-1"},"canonical":"https:\/\/www.gruene-hessen.de\/landtag\/publikationen\/fraktionsgruen-zeitschrift\/","og_locale":"de_DE","og_type":"article","og_title":"FraktionsGR\u00dcN - Zeitschrift - Fraktion B\u00fcndnis 90\/Die Gr\u00fcnen im Hessischen Landtag","og_description":"Mit der &#8222;FraktionsGR\u00dcN&#8220; geben wir regelm\u00e4\u00dfig einen \u00dcberblick \u00fcber die Arbeit der GR\u00dcNEN Fraktion im Hessischen Landtag. Neben ein oder zwei Leitartikeln werden in der Regel kurze Anrei\u00dfer zu aktuellen Themen, Debatten oder Initiativen im Landtag angeboten und mit einem Verweis auf entsprechende Seiten unserer Homepage versehen. Dort k\u00f6nnen dann ausf\u00fchrlichere Informationen, Reden, Pressemitteilungen, Brosch\u00fcren, [&hellip;]","og_url":"https:\/\/www.gruene-hessen.de\/landtag\/publikationen\/fraktionsgruen-zeitschrift\/","og_site_name":"Fraktion B\u00fcndnis 90\/Die Gr\u00fcnen im Hessischen Landtag","article_publisher":"https:\/\/www.facebook.com\/gruenehessen","article_modified_time":"2015-11-20T19:51:44+00:00","og_image":[{"width":1920,"height":450,"url":"https:\/\/www.gruene-hessen.de\/landtag\/files\/2010\/08\/publikationen.jpg","type":"image\/jpeg"}],"twitter_card":"summary_large_image","twitter_site":"@gruenehessen","twitter_misc":{"Gesch\u00e4tzte Lesezeit":"1\u00a0Minute"},"schema":{"@context":"https:\/\/schema.org","@graph":[{"@type":"WebPage","@id":"https:\/\/www.gruene-hessen.de\/landtag\/publikationen\/fraktionsgruen-zeitschrift\/","url":"https:\/\/www.gruene-hessen.de\/landtag\/publikationen\/fraktionsgruen-zeitschrift\/","name":"FraktionsGR\u00dcN - Zeitschrift - Fraktion B\u00fcndnis 90\/Die Gr\u00fcnen im Hessischen Landtag","isPartOf":{"@id":"https:\/\/www.gruene-hessen.de\/landtag\/#website"},"primaryImageOfPage":{"@id":"https:\/\/www.gruene-hessen.de\/landtag\/publikationen\/fraktionsgruen-zeitschrift\/#primaryimage"},"image":{"@id":"https:\/\/www.gruene-hessen.de\/landtag\/publikationen\/fraktionsgruen-zeitschrift\/#primaryimage"},"thumbnailUrl":"https:\/\/www.gruene-hessen.de\/landtag\/wp-content\/blogs.dir\/2\/files\/2010\/08\/publikationen.jpg","datePublished":"2010-08-30T06:57:40+00:00","dateModified":"2015-11-20T19:51:44+00:00","breadcrumb":{"@id":"https:\/\/www.gruene-hessen.de\/landtag\/publikationen\/fraktionsgruen-zeitschrift\/#breadcrumb"},"inLanguage":"de","potentialAction":[{"@type":"ReadAction","target":["https:\/\/www.gruene-hessen.de\/landtag\/publikationen\/fraktionsgruen-zeitschrift\/"]}]},{"@type":"ImageObject","inLanguage":"de","@id":"https:\/\/www.gruene-hessen.de\/landtag\/publikationen\/fraktionsgruen-zeitschrift\/#primaryimage","url":"https:\/\/www.gruene-hessen.de\/landtag\/wp-content\/blogs.dir\/2\/files\/2010\/08\/publikationen.jpg","contentUrl":"https:\/\/www.gruene-hessen.de\/landtag\/wp-content\/blogs.dir\/2\/files\/2010\/08\/publikationen.jpg","width":1920,"height":450},{"@type":"BreadcrumbList","@id":"https:\/\/www.gruene-hessen.de\/landtag\/publikationen\/fraktionsgruen-zeitschrift\/#breadcrumb","itemListElement":[{"@type":"ListItem","position":1,"name":"Startseite","item":"https:\/\/www.gruene-hessen.de\/landtag\/"},{"@type":"ListItem","position":2,"name":"Publikationen","item":"https:\/\/www.gruene-hessen.de\/landtag\/publikationen\/"},{"@type":"ListItem","position":3,"name":"FraktionsGR\u00dcN &#8211; Zeitschrift"}]},{"@type":"WebSite","@id":"https:\/\/www.gruene-hessen.de\/landtag\/#website","url":"https:\/\/www.gruene-hessen.de\/landtag\/","name":"Fraktion B\u00fcndnis 90\/Die Gr\u00fcnen im Hessischen Landtag","description":"","publisher":{"@id":"https:\/\/www.gruene-hessen.de\/landtag\/#organization"},"potentialAction":[{"@type":"SearchAction","target":{"@type":"EntryPoint","urlTemplate":"https:\/\/www.gruene-hessen.de\/landtag\/?s={search_term_string}"},"query-input":{"@type":"PropertyValueSpecification","valueRequired":true,"valueName":"search_term_string"}}],"inLanguage":"de"},{"@type":"Organization","@id":"https:\/\/www.gruene-hessen.de\/landtag\/#organization","name":"Fraktion B\u00fcndnis 90\/Die Gr\u00fcnen im Hessischen Landtag","url":"https:\/\/www.gruene-hessen.de\/landtag\/","logo":{"@type":"ImageObject","inLanguage":"de","@id":"https:\/\/www.gruene-hessen.de\/landtag\/#\/schema\/logo\/image\/","url":"https:\/\/www.gruene-hessen.de\/landtag\/files\/2023\/03\/Logo-LTF-Hessen-weiss-gruen-Pfade.png","contentUrl":"https:\/\/www.gruene-hessen.de\/landtag\/files\/2023\/03\/Logo-LTF-Hessen-weiss-gruen-Pfade.png","width":1632,"height":1000,"caption":"Fraktion B\u00fcndnis 90\/Die Gr\u00fcnen im Hessischen Landtag"},"image":{"@id":"https:\/\/www.gruene-hessen.de\/landtag\/#\/schema\/logo\/image\/"},"sameAs":["https:\/\/www.facebook.com\/gruenehessen","https:\/\/x.com\/gruenehessen","https:\/\/www.instagram.com\/gruenehessen\/"]}]}},"_links":{"self":[{"href":"https:\/\/www.gruene-hessen.de\/landtag\/wp-json\/wp\/v2\/pages\/441","targetHints":{"allow":["GET"]}}],"collection":[{"href":"https:\/\/www.gruene-hessen.de\/landtag\/wp-json\/wp\/v2\/pages"}],"about":[{"href":"https:\/\/www.gruene-hessen.de\/landtag\/wp-json\/wp\/v2\/types\/page"}],"author":[{"embeddable":true,"href":"https:\/\/www.gruene-hessen.de\/landtag\/wp-json\/wp\/v2\/users\/3"}],"replies":[{"embeddable":true,"href":"https:\/\/www.gruene-hessen.de\/landtag\/wp-json\/wp\/v2\/comments?post=441"}],"version-history":[{"count":0,"href":"https:\/\/www.gruene-hessen.de\/landtag\/wp-json\/wp\/v2\/pages\/441\/revisions"}],"up":[{"embeddable":true,"href":"https:\/\/www.gruene-hessen.de\/landtag\/wp-json\/wp\/v2\/pages\/439"}],"wp:featuredmedia":[{"embeddable":true,"href":"https:\/\/www.gruene-hessen.de\/landtag\/wp-json\/wp\/v2\/media\/16964"}],"wp:attachment":[{"href":"https:\/\/www.gruene-hessen.de\/landtag\/wp-json\/wp\/v2\/media?parent=441"}],"curies":[{"name":"wp","href":"https:\/\/api.w.org\/{rel}","templated":true}]}}