{"id":4154,"date":"2010-07-02T14:11:20","date_gmt":"2010-07-02T12:11:20","guid":{"rendered":"https:\/\/www.gruene-hessen.de\/landtag\/"},"modified":"2024-08-22T08:30:16","modified_gmt":"2024-08-22T06:30:16","slug":"impressum","status":"publish","type":"page","link":"https:\/\/www.gruene-hessen.de\/landtag\/impressum\/","title":{"rendered":"Impressum"},"content":{"rendered":"<p><strong>Dieses Internetangebot wird unterhalten von:<\/strong><br \/>\nFraktion B\u00dcNDNIS 90\/DIE GR\u00dcNEN im Hessischen Landtag<br \/>\nSchlossplatz 1-3<br \/>\n65183 Wiesbaden<br \/>\nTel: 0611\/350-582<br \/>\nFax: 0611\/350-600<\/p>\n<p><strong>Verantwortlich im Sinne \u00a7 5 Telemediengesetz (TMD):<\/strong><br \/>\nMiriam Dahlke MdL,<br \/>\nParlamentarische Gesch\u00e4ftsf\u00fchrerin<br \/>\nTel: 0611\/350-784<br \/>\nFax: 0611\/350-606<br \/>\nE-Mail: m.dahlke@ltg.hessen.de<\/p>\n<p><strong>Redaktion:<\/strong><br \/>\nTill Haupt<br \/>\nE-Mail: <a title=\"Eine E-Mail an die Redaktion schreiben\" href=\"mailto:t.haupt@ltg.hessen.de\" target=\"_blank\" rel=\"noopener\">t.haupt@ltg.hessen.de<\/a><\/p>\n<p><strong>Konzept und Realisation:<\/strong><br \/>\ndesign &amp; kommunikation im modulb\u00fcro, Maik Pluschke M.A.<br \/>\n<a href=\"http:\/\/www.modulbuero.de\">www.modulbuero.de<\/a><\/p>\n<p><strong>Haftung f\u00fcr Links:<\/strong><br \/>\nUnser Angebot enth\u00e4lt Links zu externen Webseiten Dritter, auf deren&nbsp; Inhalte wir keinen Einfluss haben. Deshalb k\u00f6nnen wir f\u00fcr diese fremden&nbsp; Inhalte auch keine Gew\u00e4hr \u00fcbernehmen. F\u00fcr die Inhalte der verlinkten&nbsp; Seiten ist stets der jeweilige Anbieter oder Betreiber der Seiten&nbsp; verantwortlich. Die verlinkten Seiten wurden zum Zeitpunkt der&nbsp; Verlinkung auf m\u00f6gliche Rechtsverst\u00f6\u00dfe \u00fcberpr\u00fcft. Rechtswidrige Inhalte&nbsp; waren zum Zeitpunkt der Verlinkung nicht erkennbar. Eine permanente inhaltliche Kontrolle der verlinkten Seiten ist jedoch ohne konkrete&nbsp; Anhaltspunkte einer Rechtsverletzung nicht zumutbar. Bei bekannt werden von Rechtsverletzungen werden wir derartige Links umgehend entfernen.<\/p>\n<p><strong>Datenschutz<\/strong><br \/>\nWir verwenden auf dieser Internetseite das freie Statistik-System Piwik. Nat\u00fcrlich speichern wir daher Informationen, welche Seiten besucht werden und welche Konfiguration ihr Browser hat zum Beispiel. Aber all dies speichern wir anonymisiert \u2013 ohne ihre IP-Adresse \u2013 auf dem in Deutschland platzierten Server unserer Agentur. Ihre Daten bleiben sicher.<\/p>\n<p>Die Gelegenheit zum Kommentieren einiger der auf dieser Webseite ver\u00f6ffentlichten Beitr\u00e4ge soll eine Diskussion der angesprochenen Themen erm\u00f6glichen. Die Kommentare geben die Auffassungen der kommentierenden Personen \u2013 und nicht notwendigerweise die der Fraktion von B\u00dcNDNIS 90\/DIE GR\u00dcNEN im Hessischen Landtag \u2013 wieder. Wir behalten uns vor, Beitr\u00e4ge und Kommentare ganz oder teilweise zu l\u00f6schen.<\/p>\n<p><strong>Bilder:<\/strong><br \/>\nEigene,&nbsp; pixelio.de, wikimedia.org<\/p>\n","protected":false},"excerpt":{"rendered":"<p>Dieses Internetangebot wird unterhalten von: Fraktion B\u00dcNDNIS 90\/DIE GR\u00dcNEN im Hessischen Landtag Schlossplatz 1-3 65183 Wiesbaden Tel: 0611\/350-582 Fax: 0611\/350-600 Verantwortlich im Sinne \u00a7 5 Telemediengesetz (TMD): Miriam Dahlke MdL, Parlamentarische Gesch\u00e4ftsf\u00fchrerin Tel: 0611\/350-784 Fax: 0611\/350-606 E-Mail: m.dahlke@ltg.hessen.de Redaktion: Till Haupt E-Mail: t.haupt@ltg.hessen.de Konzept und Realisation: design &amp; kommunikation im modulb\u00fcro, Maik Pluschke M.A. www.modulbuero.de [&hellip;]<\/p>\n","protected":false},"author":3,"featured_media":0,"parent":0,"menu_order":0,"comment_status":"open","ping_status":"open","template":"","meta":{"_acf_changed":false,"ngg_post_thumbnail":0,"footnotes":""},"class_list":["post-4154","page","type-page","status-publish","hentry"],"acf":[],"yoast_head":"<!-- This site is optimized with the Yoast SEO plugin v27.4 - https:\/\/yoast.com\/product\/yoast-seo-wordpress\/ -->\n<title>Impressum - Fraktion B\u00fcndnis 90\/Die Gr\u00fcnen im Hessischen Landtag<\/title>\n<meta name=\"robots\" content=\"index, follow, max-snippet:-1, max-image-preview:large, max-video-preview:-1\" \/>\n<link rel=\"canonical\" href=\"https:\/\/www.gruene-hessen.de\/landtag\/impressum\/\" \/>\n<meta property=\"og:locale\" content=\"de_DE\" \/>\n<meta property=\"og:type\" content=\"article\" \/>\n<meta property=\"og:title\" content=\"Impressum - Fraktion B\u00fcndnis 90\/Die Gr\u00fcnen im Hessischen Landtag\" \/>\n<meta property=\"og:description\" content=\"Dieses Internetangebot wird unterhalten von: Fraktion B\u00dcNDNIS 90\/DIE GR\u00dcNEN im Hessischen Landtag Schlossplatz 1-3 65183 Wiesbaden Tel: 0611\/350-582 Fax: 0611\/350-600 Verantwortlich im Sinne \u00a7 5 Telemediengesetz (TMD): Miriam Dahlke MdL, Parlamentarische Gesch\u00e4ftsf\u00fchrerin Tel: 0611\/350-784 Fax: 0611\/350-606 E-Mail: m.dahlke@ltg.hessen.de Redaktion: Till Haupt E-Mail: t.haupt@ltg.hessen.de Konzept und Realisation: design &amp; kommunikation im modulb\u00fcro, Maik Pluschke M.A. www.modulbuero.de [&hellip;]\" \/>\n<meta property=\"og:url\" content=\"https:\/\/www.gruene-hessen.de\/landtag\/impressum\/\" \/>\n<meta property=\"og:site_name\" content=\"Fraktion B\u00fcndnis 90\/Die Gr\u00fcnen im Hessischen Landtag\" \/>\n<meta property=\"article:publisher\" content=\"https:\/\/www.facebook.com\/gruenehessen\" \/>\n<meta property=\"article:modified_time\" content=\"2024-08-22T06:30:16+00:00\" \/>\n<meta name=\"twitter:card\" content=\"summary_large_image\" \/>\n<meta name=\"twitter:site\" content=\"@gruenehessen\" \/>\n<meta name=\"twitter:label1\" content=\"Gesch\u00e4tzte Lesezeit\" \/>\n\t<meta name=\"twitter:data1\" content=\"2\u00a0Minuten\" \/>\n<script type=\"application\/ld+json\" class=\"yoast-schema-graph\">{\"@context\":\"https:\\\/\\\/schema.org\",\"@graph\":[{\"@type\":\"WebPage\",\"@id\":\"https:\\\/\\\/www.gruene-hessen.de\\\/landtag\\\/impressum\\\/\",\"url\":\"https:\\\/\\\/www.gruene-hessen.de\\\/landtag\\\/impressum\\\/\",\"name\":\"Impressum - Fraktion B\u00fcndnis 90\\\/Die Gr\u00fcnen im Hessischen Landtag\",\"isPartOf\":{\"@id\":\"https:\\\/\\\/www.gruene-hessen.de\\\/landtag\\\/#website\"},\"datePublished\":\"2010-07-02T12:11:20+00:00\",\"dateModified\":\"2024-08-22T06:30:16+00:00\",\"breadcrumb\":{\"@id\":\"https:\\\/\\\/www.gruene-hessen.de\\\/landtag\\\/impressum\\\/#breadcrumb\"},\"inLanguage\":\"de\",\"potentialAction\":[{\"@type\":\"ReadAction\",\"target\":[\"https:\\\/\\\/www.gruene-hessen.de\\\/landtag\\\/impressum\\\/\"]}]},{\"@type\":\"BreadcrumbList\",\"@id\":\"https:\\\/\\\/www.gruene-hessen.de\\\/landtag\\\/impressum\\\/#breadcrumb\",\"itemListElement\":[{\"@type\":\"ListItem\",\"position\":1,\"name\":\"Startseite\",\"item\":\"https:\\\/\\\/www.gruene-hessen.de\\\/landtag\\\/\"},{\"@type\":\"ListItem\",\"position\":2,\"name\":\"Impressum\"}]},{\"@type\":\"WebSite\",\"@id\":\"https:\\\/\\\/www.gruene-hessen.de\\\/landtag\\\/#website\",\"url\":\"https:\\\/\\\/www.gruene-hessen.de\\\/landtag\\\/\",\"name\":\"Fraktion B\u00fcndnis 90\\\/Die Gr\u00fcnen im Hessischen Landtag\",\"description\":\"\",\"publisher\":{\"@id\":\"https:\\\/\\\/www.gruene-hessen.de\\\/landtag\\\/#organization\"},\"potentialAction\":[{\"@type\":\"SearchAction\",\"target\":{\"@type\":\"EntryPoint\",\"urlTemplate\":\"https:\\\/\\\/www.gruene-hessen.de\\\/landtag\\\/?s={search_term_string}\"},\"query-input\":{\"@type\":\"PropertyValueSpecification\",\"valueRequired\":true,\"valueName\":\"search_term_string\"}}],\"inLanguage\":\"de\"},{\"@type\":\"Organization\",\"@id\":\"https:\\\/\\\/www.gruene-hessen.de\\\/landtag\\\/#organization\",\"name\":\"Fraktion B\u00fcndnis 90\\\/Die Gr\u00fcnen im Hessischen Landtag\",\"url\":\"https:\\\/\\\/www.gruene-hessen.de\\\/landtag\\\/\",\"logo\":{\"@type\":\"ImageObject\",\"inLanguage\":\"de\",\"@id\":\"https:\\\/\\\/www.gruene-hessen.de\\\/landtag\\\/#\\\/schema\\\/logo\\\/image\\\/\",\"url\":\"https:\\\/\\\/www.gruene-hessen.de\\\/landtag\\\/files\\\/2023\\\/03\\\/Logo-LTF-Hessen-weiss-gruen-Pfade.png\",\"contentUrl\":\"https:\\\/\\\/www.gruene-hessen.de\\\/landtag\\\/files\\\/2023\\\/03\\\/Logo-LTF-Hessen-weiss-gruen-Pfade.png\",\"width\":1632,\"height\":1000,\"caption\":\"Fraktion B\u00fcndnis 90\\\/Die Gr\u00fcnen im Hessischen Landtag\"},\"image\":{\"@id\":\"https:\\\/\\\/www.gruene-hessen.de\\\/landtag\\\/#\\\/schema\\\/logo\\\/image\\\/\"},\"sameAs\":[\"https:\\\/\\\/www.facebook.com\\\/gruenehessen\",\"https:\\\/\\\/x.com\\\/gruenehessen\",\"https:\\\/\\\/www.instagram.com\\\/gruenehessen\\\/\"]}]}<\/script>\n<!-- \/ Yoast SEO plugin. -->","yoast_head_json":{"title":"Impressum - Fraktion B\u00fcndnis 90\/Die Gr\u00fcnen im Hessischen Landtag","robots":{"index":"index","follow":"follow","max-snippet":"max-snippet:-1","max-image-preview":"max-image-preview:large","max-video-preview":"max-video-preview:-1"},"canonical":"https:\/\/www.gruene-hessen.de\/landtag\/impressum\/","og_locale":"de_DE","og_type":"article","og_title":"Impressum - Fraktion B\u00fcndnis 90\/Die Gr\u00fcnen im Hessischen Landtag","og_description":"Dieses Internetangebot wird unterhalten von: Fraktion B\u00dcNDNIS 90\/DIE GR\u00dcNEN im Hessischen Landtag Schlossplatz 1-3 65183 Wiesbaden Tel: 0611\/350-582 Fax: 0611\/350-600 Verantwortlich im Sinne \u00a7 5 Telemediengesetz (TMD): Miriam Dahlke MdL, Parlamentarische Gesch\u00e4ftsf\u00fchrerin Tel: 0611\/350-784 Fax: 0611\/350-606 E-Mail: m.dahlke@ltg.hessen.de Redaktion: Till Haupt E-Mail: t.haupt@ltg.hessen.de Konzept und Realisation: design &amp; kommunikation im modulb\u00fcro, Maik Pluschke M.A. www.modulbuero.de [&hellip;]","og_url":"https:\/\/www.gruene-hessen.de\/landtag\/impressum\/","og_site_name":"Fraktion B\u00fcndnis 90\/Die Gr\u00fcnen im Hessischen Landtag","article_publisher":"https:\/\/www.facebook.com\/gruenehessen","article_modified_time":"2024-08-22T06:30:16+00:00","twitter_card":"summary_large_image","twitter_site":"@gruenehessen","twitter_misc":{"Gesch\u00e4tzte Lesezeit":"2\u00a0Minuten"},"schema":{"@context":"https:\/\/schema.org","@graph":[{"@type":"WebPage","@id":"https:\/\/www.gruene-hessen.de\/landtag\/impressum\/","url":"https:\/\/www.gruene-hessen.de\/landtag\/impressum\/","name":"Impressum - Fraktion B\u00fcndnis 90\/Die Gr\u00fcnen im Hessischen Landtag","isPartOf":{"@id":"https:\/\/www.gruene-hessen.de\/landtag\/#website"},"datePublished":"2010-07-02T12:11:20+00:00","dateModified":"2024-08-22T06:30:16+00:00","breadcrumb":{"@id":"https:\/\/www.gruene-hessen.de\/landtag\/impressum\/#breadcrumb"},"inLanguage":"de","potentialAction":[{"@type":"ReadAction","target":["https:\/\/www.gruene-hessen.de\/landtag\/impressum\/"]}]},{"@type":"BreadcrumbList","@id":"https:\/\/www.gruene-hessen.de\/landtag\/impressum\/#breadcrumb","itemListElement":[{"@type":"ListItem","position":1,"name":"Startseite","item":"https:\/\/www.gruene-hessen.de\/landtag\/"},{"@type":"ListItem","position":2,"name":"Impressum"}]},{"@type":"WebSite","@id":"https:\/\/www.gruene-hessen.de\/landtag\/#website","url":"https:\/\/www.gruene-hessen.de\/landtag\/","name":"Fraktion B\u00fcndnis 90\/Die Gr\u00fcnen im Hessischen Landtag","description":"","publisher":{"@id":"https:\/\/www.gruene-hessen.de\/landtag\/#organization"},"potentialAction":[{"@type":"SearchAction","target":{"@type":"EntryPoint","urlTemplate":"https:\/\/www.gruene-hessen.de\/landtag\/?s={search_term_string}"},"query-input":{"@type":"PropertyValueSpecification","valueRequired":true,"valueName":"search_term_string"}}],"inLanguage":"de"},{"@type":"Organization","@id":"https:\/\/www.gruene-hessen.de\/landtag\/#organization","name":"Fraktion B\u00fcndnis 90\/Die Gr\u00fcnen im Hessischen Landtag","url":"https:\/\/www.gruene-hessen.de\/landtag\/","logo":{"@type":"ImageObject","inLanguage":"de","@id":"https:\/\/www.gruene-hessen.de\/landtag\/#\/schema\/logo\/image\/","url":"https:\/\/www.gruene-hessen.de\/landtag\/files\/2023\/03\/Logo-LTF-Hessen-weiss-gruen-Pfade.png","contentUrl":"https:\/\/www.gruene-hessen.de\/landtag\/files\/2023\/03\/Logo-LTF-Hessen-weiss-gruen-Pfade.png","width":1632,"height":1000,"caption":"Fraktion B\u00fcndnis 90\/Die Gr\u00fcnen im Hessischen Landtag"},"image":{"@id":"https:\/\/www.gruene-hessen.de\/landtag\/#\/schema\/logo\/image\/"},"sameAs":["https:\/\/www.facebook.com\/gruenehessen","https:\/\/x.com\/gruenehessen","https:\/\/www.instagram.com\/gruenehessen\/"]}]}},"_links":{"self":[{"href":"https:\/\/www.gruene-hessen.de\/landtag\/wp-json\/wp\/v2\/pages\/4154","targetHints":{"allow":["GET"]}}],"collection":[{"href":"https:\/\/www.gruene-hessen.de\/landtag\/wp-json\/wp\/v2\/pages"}],"about":[{"href":"https:\/\/www.gruene-hessen.de\/landtag\/wp-json\/wp\/v2\/types\/page"}],"author":[{"embeddable":true,"href":"https:\/\/www.gruene-hessen.de\/landtag\/wp-json\/wp\/v2\/users\/3"}],"replies":[{"embeddable":true,"href":"https:\/\/www.gruene-hessen.de\/landtag\/wp-json\/wp\/v2\/comments?post=4154"}],"version-history":[{"count":3,"href":"https:\/\/www.gruene-hessen.de\/landtag\/wp-json\/wp\/v2\/pages\/4154\/revisions"}],"predecessor-version":[{"id":33624,"href":"https:\/\/www.gruene-hessen.de\/landtag\/wp-json\/wp\/v2\/pages\/4154\/revisions\/33624"}],"wp:attachment":[{"href":"https:\/\/www.gruene-hessen.de\/landtag\/wp-json\/wp\/v2\/media?parent=4154"}],"curies":[{"name":"wp","href":"https:\/\/api.w.org\/{rel}","templated":true}]}}