{"id":34122,"date":"2025-01-15T10:59:00","date_gmt":"2025-01-15T09:59:00","guid":{"rendered":"https:\/\/www.gruene-hessen.de\/landtag\/?page_id=34122"},"modified":"2025-01-15T11:00:32","modified_gmt":"2025-01-15T10:00:32","slug":"bilanz-ein-jahr-hessen-groko","status":"publish","type":"page","link":"https:\/\/www.gruene-hessen.de\/landtag\/bilanz-ein-jahr-hessen-groko\/","title":{"rendered":"Bilanz: Ein Jahr Hessen-GroKo"},"content":{"rendered":"\n<div class=\"wp-block-group is-nowrap is-layout-flex wp-container-coregroup-is-layout-ad2f72ca wp-block-group-is-layout-flex\">\n<h2 class=\"wp-block-heading\">Stillstand, R\u00fcckschritte und Selbstbedienung<\/h2>\n<\/div>\n\n\n\n<div class=\"wp-block-group is-nowrap is-layout-flex wp-container-coregroup-is-layout-ad2f72ca wp-block-group-is-layout-flex\">\n<div style=\"height:100px;width:0px\" aria-hidden=\"true\" class=\"wp-block-spacer wp-container-content-6388d5dc\"><\/div>\n<\/div>\n\n\n\n<div class=\"wp-block-group is-nowrap is-layout-flex wp-container-coregroup-is-layout-ad2f72ca wp-block-group-is-layout-flex\">\n<p><strong>Liebe Hess*innen,<\/strong><br>vor einem Jahr haben sich CDU und SPD zu ihrer Hessen-GroKo zusammengefunden. In Hessen regiert damit genau die Koalition, die in den Jahren 2013 bis 2021 auch auf Bundesebene Verantwortung getragen hat und in deren Amtszeit viele Probleme entstanden sind, vor denen Deutschland heute steht: vernachl\u00e4ssigte Investitionen in Stra\u00dfen und Schienen, ausgebremste Energiewende, mangelnder Klimaschutz, verschlafene Digitalisierung, \u00fcberbordende B\u00fcrokratie, verhinderte Offenheit f\u00fcr Zuwanderung von qualifizierten Fachkr\u00e4ften aus dem Ausland.<br><\/p>\n<\/div>\n\n\n<div class=\"wp-block-image\">\n<figure class=\"alignright size-medium\"><img loading=\"lazy\" decoding=\"async\" width=\"212\" height=\"300\" src=\"https:\/\/www.gruene-hessen.de\/landtag\/files\/2025\/01\/Titelbild-hochformat-212x300.jpg\" alt=\"\" class=\"wp-image-34128\" srcset=\"https:\/\/www.gruene-hessen.de\/landtag\/wp-content\/blogs.dir\/2\/files\/2025\/01\/Titelbild-hochformat-212x300.jpg 212w, https:\/\/www.gruene-hessen.de\/landtag\/wp-content\/blogs.dir\/2\/files\/2025\/01\/Titelbild-hochformat-160x227.jpg 160w, https:\/\/www.gruene-hessen.de\/landtag\/wp-content\/blogs.dir\/2\/files\/2025\/01\/Titelbild-hochformat.jpg 420w\" sizes=\"auto, (max-width: 212px) 100vw, 212px\" \/><\/figure>\n<\/div>\n\n\n<p>Die Hessen-Groko hat in ihrem ersten Jahr da weitergemacht, wo die Bundes-GroKo aufgeh\u00f6rt hat. Stillstand, R\u00fcckschritte und Selbstbedienung sind bislang leider die Markenzeichen der Regierungsarbeit. Das erste Jahr der Hessen-GroKo war ein verlorenes Jahr f\u00fcr Hessen. \u00dcberdeutlich ist: Es fehlt der Gestaltungswille. Es fehlen GR\u00dcNE in der Regierung.<\/p>\n\n\n\n<p>Die Hessen-GroKo hat ihren Koalitionsvertrag mit \u201eEine f\u00fcr alle\u201c \u00fcberschrieben. Die Wirklichkeit nach einem Jahr ist wohl eher: Alle f\u00fcr einen. Alle f\u00fcr Boris Rhein. Die CDU macht, was sie will. Und die SPD macht alles mit. Insbesondere beim Landeshaushalt zeigt sich die Arbeitsteilung: Schwarze Ideologie wird mit dem Rotstift durchgesetzt. Auf Unterwerfung l\u00e4sst sich aber keine Zusammenarbeit bauen.<br><\/p>\n\n\n\n<p>Eine \u201eRenaissance der Realpolitik\u201d hatte die Hessen-GroKo versprochen. Bekommen hat Hessen einen barocken Regierungsstil des Ministerpr\u00e4sidenten, bei dem Schein wichtiger ist als Sein. Die Bilanz-Brosch\u00fcre mit der Kritik an den einzelnen Ministerien und unsere GR\u00dcNE Alternative findet sich unter untenstehendem Link.<\/p>\n\n\n\n<p class=\"has-text-align-center\">Viel Freude bei der Lekt\u00fcre w\u00fcnscht<\/p>\n\n\n<div class=\"wp-block-image\">\n<figure class=\"aligncenter size-thumbnail\"><img loading=\"lazy\" decoding=\"async\" width=\"150\" height=\"150\" src=\"https:\/\/www.gruene-hessen.de\/landtag\/files\/2010\/06\/Mathias-Wagner-150x150.jpg\" alt=\"Portraitfoto von Mathias Wagner vor grauem Hintergrund.\" class=\"wp-image-33122\" srcset=\"https:\/\/www.gruene-hessen.de\/landtag\/wp-content\/blogs.dir\/2\/files\/2010\/06\/Mathias-Wagner-150x150.jpg 150w, https:\/\/www.gruene-hessen.de\/landtag\/wp-content\/blogs.dir\/2\/files\/2010\/06\/Mathias-Wagner-300x300.jpg 300w, https:\/\/www.gruene-hessen.de\/landtag\/wp-content\/blogs.dir\/2\/files\/2010\/06\/Mathias-Wagner-170x170.jpg 170w, https:\/\/www.gruene-hessen.de\/landtag\/wp-content\/blogs.dir\/2\/files\/2010\/06\/Mathias-Wagner-160x160.jpg 160w, https:\/\/www.gruene-hessen.de\/landtag\/wp-content\/blogs.dir\/2\/files\/2010\/06\/Mathias-Wagner-35x35.jpg 35w, https:\/\/www.gruene-hessen.de\/landtag\/wp-content\/blogs.dir\/2\/files\/2010\/06\/Mathias-Wagner.jpg 400w\" sizes=\"auto, (max-width: 150px) 100vw, 150px\" \/><\/figure>\n<\/div>\n\n\n<p class=\"has-text-align-center\">Mathias Wagner<br>Fraktionsvorsitzender<\/p>\n\n\n\n<p><a href=\"https:\/\/www.gruene-hessen.de\/landtag\/files\/2025\/01\/1-Jahr-Schwarz-Rot-WEB.pdf\">Bilanz-Brosch\u00fcre 1 Jahr Hessen-GroKo (PDF 4MB)<\/a><\/p>\n","protected":false},"excerpt":{"rendered":"<p>Stillstand, R\u00fcckschritte und Selbstbedienung Liebe Hess*innen,vor einem Jahr haben sich CDU und SPD zu ihrer Hessen-GroKo zusammengefunden. In Hessen regiert damit genau die Koalition, die in den Jahren 2013 bis 2021 auch auf Bundesebene Verantwortung getragen hat und in deren Amtszeit viele Probleme entstanden sind, vor denen Deutschland heute steht: vernachl\u00e4ssigte Investitionen in Stra\u00dfen und [&hellip;]<\/p>\n","protected":false},"author":3,"featured_media":34126,"parent":0,"menu_order":0,"comment_status":"closed","ping_status":"closed","template":"template-einspaltig.php","meta":{"_acf_changed":false,"ngg_post_thumbnail":0,"footnotes":""},"class_list":["post-34122","page","type-page","status-publish","has-post-thumbnail","hentry"],"acf":[],"yoast_head":"<!-- This site is optimized with the Yoast SEO plugin v27.5 - https:\/\/yoast.com\/product\/yoast-seo-wordpress\/ -->\n<title>Bilanz: Ein Jahr Hessen-GroKo - Fraktion B\u00fcndnis 90\/Die Gr\u00fcnen im Hessischen Landtag<\/title>\n<meta name=\"robots\" content=\"index, follow, max-snippet:-1, max-image-preview:large, max-video-preview:-1\" \/>\n<link rel=\"canonical\" href=\"https:\/\/www.gruene-hessen.de\/landtag\/bilanz-ein-jahr-hessen-groko\/\" \/>\n<meta property=\"og:locale\" content=\"de_DE\" \/>\n<meta property=\"og:type\" content=\"article\" \/>\n<meta property=\"og:title\" content=\"Bilanz: Ein Jahr Hessen-GroKo - Fraktion B\u00fcndnis 90\/Die Gr\u00fcnen im Hessischen Landtag\" \/>\n<meta property=\"og:description\" content=\"Stillstand, R\u00fcckschritte und Selbstbedienung Liebe Hess*innen,vor einem Jahr haben sich CDU und SPD zu ihrer Hessen-GroKo zusammengefunden. In Hessen regiert damit genau die Koalition, die in den Jahren 2013 bis 2021 auch auf Bundesebene Verantwortung getragen hat und in deren Amtszeit viele Probleme entstanden sind, vor denen Deutschland heute steht: vernachl\u00e4ssigte Investitionen in Stra\u00dfen und [&hellip;]\" \/>\n<meta property=\"og:url\" content=\"https:\/\/www.gruene-hessen.de\/landtag\/bilanz-ein-jahr-hessen-groko\/\" \/>\n<meta property=\"og:site_name\" content=\"Fraktion B\u00fcndnis 90\/Die Gr\u00fcnen im Hessischen Landtag\" \/>\n<meta property=\"article:publisher\" content=\"https:\/\/www.facebook.com\/gruenehessen\" \/>\n<meta property=\"article:modified_time\" content=\"2025-01-15T10:00:32+00:00\" \/>\n<meta property=\"og:image\" content=\"https:\/\/www.gruene-hessen.de\/landtag\/files\/2025\/01\/Header-Webseite-ohne-Text.jpg\" \/>\n\t<meta property=\"og:image:width\" content=\"2560\" \/>\n\t<meta property=\"og:image:height\" content=\"600\" \/>\n\t<meta property=\"og:image:type\" content=\"image\/jpeg\" \/>\n<meta name=\"twitter:card\" content=\"summary_large_image\" \/>\n<meta name=\"twitter:site\" content=\"@gruenehessen\" \/>\n<meta name=\"twitter:label1\" content=\"Gesch\u00e4tzte Lesezeit\" \/>\n\t<meta name=\"twitter:data1\" content=\"2\u00a0Minuten\" \/>\n<script type=\"application\/ld+json\" class=\"yoast-schema-graph\">{\"@context\":\"https:\\\/\\\/schema.org\",\"@graph\":[{\"@type\":\"WebPage\",\"@id\":\"https:\\\/\\\/www.gruene-hessen.de\\\/landtag\\\/bilanz-ein-jahr-hessen-groko\\\/\",\"url\":\"https:\\\/\\\/www.gruene-hessen.de\\\/landtag\\\/bilanz-ein-jahr-hessen-groko\\\/\",\"name\":\"Bilanz: Ein Jahr Hessen-GroKo - Fraktion B\u00fcndnis 90\\\/Die Gr\u00fcnen im Hessischen Landtag\",\"isPartOf\":{\"@id\":\"https:\\\/\\\/www.gruene-hessen.de\\\/landtag\\\/#website\"},\"primaryImageOfPage\":{\"@id\":\"https:\\\/\\\/www.gruene-hessen.de\\\/landtag\\\/bilanz-ein-jahr-hessen-groko\\\/#primaryimage\"},\"image\":{\"@id\":\"https:\\\/\\\/www.gruene-hessen.de\\\/landtag\\\/bilanz-ein-jahr-hessen-groko\\\/#primaryimage\"},\"thumbnailUrl\":\"https:\\\/\\\/www.gruene-hessen.de\\\/landtag\\\/wp-content\\\/blogs.dir\\\/2\\\/files\\\/2025\\\/01\\\/Header-Webseite-ohne-Text.jpg\",\"datePublished\":\"2025-01-15T09:59:00+00:00\",\"dateModified\":\"2025-01-15T10:00:32+00:00\",\"breadcrumb\":{\"@id\":\"https:\\\/\\\/www.gruene-hessen.de\\\/landtag\\\/bilanz-ein-jahr-hessen-groko\\\/#breadcrumb\"},\"inLanguage\":\"de\",\"potentialAction\":[{\"@type\":\"ReadAction\",\"target\":[\"https:\\\/\\\/www.gruene-hessen.de\\\/landtag\\\/bilanz-ein-jahr-hessen-groko\\\/\"]}]},{\"@type\":\"ImageObject\",\"inLanguage\":\"de\",\"@id\":\"https:\\\/\\\/www.gruene-hessen.de\\\/landtag\\\/bilanz-ein-jahr-hessen-groko\\\/#primaryimage\",\"url\":\"https:\\\/\\\/www.gruene-hessen.de\\\/landtag\\\/wp-content\\\/blogs.dir\\\/2\\\/files\\\/2025\\\/01\\\/Header-Webseite-ohne-Text.jpg\",\"contentUrl\":\"https:\\\/\\\/www.gruene-hessen.de\\\/landtag\\\/wp-content\\\/blogs.dir\\\/2\\\/files\\\/2025\\\/01\\\/Header-Webseite-ohne-Text.jpg\",\"width\":2560,\"height\":600},{\"@type\":\"BreadcrumbList\",\"@id\":\"https:\\\/\\\/www.gruene-hessen.de\\\/landtag\\\/bilanz-ein-jahr-hessen-groko\\\/#breadcrumb\",\"itemListElement\":[{\"@type\":\"ListItem\",\"position\":1,\"name\":\"Startseite\",\"item\":\"https:\\\/\\\/www.gruene-hessen.de\\\/landtag\\\/\"},{\"@type\":\"ListItem\",\"position\":2,\"name\":\"Bilanz: Ein Jahr Hessen-GroKo\"}]},{\"@type\":\"WebSite\",\"@id\":\"https:\\\/\\\/www.gruene-hessen.de\\\/landtag\\\/#website\",\"url\":\"https:\\\/\\\/www.gruene-hessen.de\\\/landtag\\\/\",\"name\":\"Fraktion B\u00fcndnis 90\\\/Die Gr\u00fcnen im Hessischen Landtag\",\"description\":\"\",\"publisher\":{\"@id\":\"https:\\\/\\\/www.gruene-hessen.de\\\/landtag\\\/#organization\"},\"potentialAction\":[{\"@type\":\"SearchAction\",\"target\":{\"@type\":\"EntryPoint\",\"urlTemplate\":\"https:\\\/\\\/www.gruene-hessen.de\\\/landtag\\\/?s={search_term_string}\"},\"query-input\":{\"@type\":\"PropertyValueSpecification\",\"valueRequired\":true,\"valueName\":\"search_term_string\"}}],\"inLanguage\":\"de\"},{\"@type\":\"Organization\",\"@id\":\"https:\\\/\\\/www.gruene-hessen.de\\\/landtag\\\/#organization\",\"name\":\"Fraktion B\u00fcndnis 90\\\/Die Gr\u00fcnen im Hessischen Landtag\",\"url\":\"https:\\\/\\\/www.gruene-hessen.de\\\/landtag\\\/\",\"logo\":{\"@type\":\"ImageObject\",\"inLanguage\":\"de\",\"@id\":\"https:\\\/\\\/www.gruene-hessen.de\\\/landtag\\\/#\\\/schema\\\/logo\\\/image\\\/\",\"url\":\"https:\\\/\\\/www.gruene-hessen.de\\\/landtag\\\/files\\\/2023\\\/03\\\/Logo-LTF-Hessen-weiss-gruen-Pfade.png\",\"contentUrl\":\"https:\\\/\\\/www.gruene-hessen.de\\\/landtag\\\/files\\\/2023\\\/03\\\/Logo-LTF-Hessen-weiss-gruen-Pfade.png\",\"width\":1632,\"height\":1000,\"caption\":\"Fraktion B\u00fcndnis 90\\\/Die Gr\u00fcnen im Hessischen Landtag\"},\"image\":{\"@id\":\"https:\\\/\\\/www.gruene-hessen.de\\\/landtag\\\/#\\\/schema\\\/logo\\\/image\\\/\"},\"sameAs\":[\"https:\\\/\\\/www.facebook.com\\\/gruenehessen\",\"https:\\\/\\\/x.com\\\/gruenehessen\",\"https:\\\/\\\/www.instagram.com\\\/gruenehessen\\\/\"]}]}<\/script>\n<!-- \/ Yoast SEO plugin. -->","yoast_head_json":{"title":"Bilanz: Ein Jahr Hessen-GroKo - Fraktion B\u00fcndnis 90\/Die Gr\u00fcnen im Hessischen Landtag","robots":{"index":"index","follow":"follow","max-snippet":"max-snippet:-1","max-image-preview":"max-image-preview:large","max-video-preview":"max-video-preview:-1"},"canonical":"https:\/\/www.gruene-hessen.de\/landtag\/bilanz-ein-jahr-hessen-groko\/","og_locale":"de_DE","og_type":"article","og_title":"Bilanz: Ein Jahr Hessen-GroKo - Fraktion B\u00fcndnis 90\/Die Gr\u00fcnen im Hessischen Landtag","og_description":"Stillstand, R\u00fcckschritte und Selbstbedienung Liebe Hess*innen,vor einem Jahr haben sich CDU und SPD zu ihrer Hessen-GroKo zusammengefunden. In Hessen regiert damit genau die Koalition, die in den Jahren 2013 bis 2021 auch auf Bundesebene Verantwortung getragen hat und in deren Amtszeit viele Probleme entstanden sind, vor denen Deutschland heute steht: vernachl\u00e4ssigte Investitionen in Stra\u00dfen und [&hellip;]","og_url":"https:\/\/www.gruene-hessen.de\/landtag\/bilanz-ein-jahr-hessen-groko\/","og_site_name":"Fraktion B\u00fcndnis 90\/Die Gr\u00fcnen im Hessischen Landtag","article_publisher":"https:\/\/www.facebook.com\/gruenehessen","article_modified_time":"2025-01-15T10:00:32+00:00","og_image":[{"width":2560,"height":600,"url":"https:\/\/www.gruene-hessen.de\/landtag\/files\/2025\/01\/Header-Webseite-ohne-Text.jpg","type":"image\/jpeg"}],"twitter_card":"summary_large_image","twitter_site":"@gruenehessen","twitter_misc":{"Gesch\u00e4tzte Lesezeit":"2\u00a0Minuten"},"schema":{"@context":"https:\/\/schema.org","@graph":[{"@type":"WebPage","@id":"https:\/\/www.gruene-hessen.de\/landtag\/bilanz-ein-jahr-hessen-groko\/","url":"https:\/\/www.gruene-hessen.de\/landtag\/bilanz-ein-jahr-hessen-groko\/","name":"Bilanz: Ein Jahr Hessen-GroKo - Fraktion B\u00fcndnis 90\/Die Gr\u00fcnen im Hessischen Landtag","isPartOf":{"@id":"https:\/\/www.gruene-hessen.de\/landtag\/#website"},"primaryImageOfPage":{"@id":"https:\/\/www.gruene-hessen.de\/landtag\/bilanz-ein-jahr-hessen-groko\/#primaryimage"},"image":{"@id":"https:\/\/www.gruene-hessen.de\/landtag\/bilanz-ein-jahr-hessen-groko\/#primaryimage"},"thumbnailUrl":"https:\/\/www.gruene-hessen.de\/landtag\/wp-content\/blogs.dir\/2\/files\/2025\/01\/Header-Webseite-ohne-Text.jpg","datePublished":"2025-01-15T09:59:00+00:00","dateModified":"2025-01-15T10:00:32+00:00","breadcrumb":{"@id":"https:\/\/www.gruene-hessen.de\/landtag\/bilanz-ein-jahr-hessen-groko\/#breadcrumb"},"inLanguage":"de","potentialAction":[{"@type":"ReadAction","target":["https:\/\/www.gruene-hessen.de\/landtag\/bilanz-ein-jahr-hessen-groko\/"]}]},{"@type":"ImageObject","inLanguage":"de","@id":"https:\/\/www.gruene-hessen.de\/landtag\/bilanz-ein-jahr-hessen-groko\/#primaryimage","url":"https:\/\/www.gruene-hessen.de\/landtag\/wp-content\/blogs.dir\/2\/files\/2025\/01\/Header-Webseite-ohne-Text.jpg","contentUrl":"https:\/\/www.gruene-hessen.de\/landtag\/wp-content\/blogs.dir\/2\/files\/2025\/01\/Header-Webseite-ohne-Text.jpg","width":2560,"height":600},{"@type":"BreadcrumbList","@id":"https:\/\/www.gruene-hessen.de\/landtag\/bilanz-ein-jahr-hessen-groko\/#breadcrumb","itemListElement":[{"@type":"ListItem","position":1,"name":"Startseite","item":"https:\/\/www.gruene-hessen.de\/landtag\/"},{"@type":"ListItem","position":2,"name":"Bilanz: Ein Jahr Hessen-GroKo"}]},{"@type":"WebSite","@id":"https:\/\/www.gruene-hessen.de\/landtag\/#website","url":"https:\/\/www.gruene-hessen.de\/landtag\/","name":"Fraktion B\u00fcndnis 90\/Die Gr\u00fcnen im Hessischen Landtag","description":"","publisher":{"@id":"https:\/\/www.gruene-hessen.de\/landtag\/#organization"},"potentialAction":[{"@type":"SearchAction","target":{"@type":"EntryPoint","urlTemplate":"https:\/\/www.gruene-hessen.de\/landtag\/?s={search_term_string}"},"query-input":{"@type":"PropertyValueSpecification","valueRequired":true,"valueName":"search_term_string"}}],"inLanguage":"de"},{"@type":"Organization","@id":"https:\/\/www.gruene-hessen.de\/landtag\/#organization","name":"Fraktion B\u00fcndnis 90\/Die Gr\u00fcnen im Hessischen Landtag","url":"https:\/\/www.gruene-hessen.de\/landtag\/","logo":{"@type":"ImageObject","inLanguage":"de","@id":"https:\/\/www.gruene-hessen.de\/landtag\/#\/schema\/logo\/image\/","url":"https:\/\/www.gruene-hessen.de\/landtag\/files\/2023\/03\/Logo-LTF-Hessen-weiss-gruen-Pfade.png","contentUrl":"https:\/\/www.gruene-hessen.de\/landtag\/files\/2023\/03\/Logo-LTF-Hessen-weiss-gruen-Pfade.png","width":1632,"height":1000,"caption":"Fraktion B\u00fcndnis 90\/Die Gr\u00fcnen im Hessischen Landtag"},"image":{"@id":"https:\/\/www.gruene-hessen.de\/landtag\/#\/schema\/logo\/image\/"},"sameAs":["https:\/\/www.facebook.com\/gruenehessen","https:\/\/x.com\/gruenehessen","https:\/\/www.instagram.com\/gruenehessen\/"]}]}},"_links":{"self":[{"href":"https:\/\/www.gruene-hessen.de\/landtag\/wp-json\/wp\/v2\/pages\/34122","targetHints":{"allow":["GET"]}}],"collection":[{"href":"https:\/\/www.gruene-hessen.de\/landtag\/wp-json\/wp\/v2\/pages"}],"about":[{"href":"https:\/\/www.gruene-hessen.de\/landtag\/wp-json\/wp\/v2\/types\/page"}],"author":[{"embeddable":true,"href":"https:\/\/www.gruene-hessen.de\/landtag\/wp-json\/wp\/v2\/users\/3"}],"replies":[{"embeddable":true,"href":"https:\/\/www.gruene-hessen.de\/landtag\/wp-json\/wp\/v2\/comments?post=34122"}],"version-history":[{"count":14,"href":"https:\/\/www.gruene-hessen.de\/landtag\/wp-json\/wp\/v2\/pages\/34122\/revisions"}],"predecessor-version":[{"id":34145,"href":"https:\/\/www.gruene-hessen.de\/landtag\/wp-json\/wp\/v2\/pages\/34122\/revisions\/34145"}],"wp:featuredmedia":[{"embeddable":true,"href":"https:\/\/www.gruene-hessen.de\/landtag\/wp-json\/wp\/v2\/media\/34126"}],"wp:attachment":[{"href":"https:\/\/www.gruene-hessen.de\/landtag\/wp-json\/wp\/v2\/media?parent=34122"}],"curies":[{"name":"wp","href":"https:\/\/api.w.org\/{rel}","templated":true}]}}