{"id":33130,"date":"2024-04-08T10:34:14","date_gmt":"2024-04-08T08:34:14","guid":{"rendered":"https:\/\/www.gruene-hessen.de\/landtag\/?page_id=33130"},"modified":"2024-06-17T12:05:08","modified_gmt":"2024-06-17T10:05:08","slug":"fachkongress-fruehkindliche-bildung","status":"publish","type":"page","link":"https:\/\/www.gruene-hessen.de\/landtag\/fachkongress-fruehkindliche-bildung\/","title":{"rendered":"Fachkongress fr\u00fchkindliche Bildung"},"content":{"rendered":"\n<p>Liebe Eltern, Fachkr\u00e4fte und Interessierte,<\/p>\n\n\n\n<p>zu l\u00f6sende Herausforderungen in der fr\u00fchkindlichen Bildung gibt es einige, zum Beispiel den gro\u00dfen Fachkr\u00e4ftemangel, fehlende Pl\u00e4tze oder eine immer gr\u00f6\u00dfer werdende finanzielle Belastung seitens der Kommunen und Tr\u00e4ger. Trotz umfangreicher Ma\u00dfnahmen von Bund, Land und Kommunen in den vergangenen Jahren braucht es weitere konkrete Schritte, um diese und weitere Herausforderungen beherzt anzupacken.<\/p>\n\n\n\n<p>Wir m\u00f6chten Sie deshalb einladen Ihre Expertise einzubringen auf unserem<br><strong>Fachkongress fr\u00fchkindliche Bildung<br>Freitag, den 28. Juni 2024 von 11:00 \u2013 15:30 Uhr im Hessischen Landtag<\/strong><\/p>\n\n\n\n<p><strong>Programm:<\/strong><\/p>\n\n\n\n<ul class=\"wp-block-list\">\n<li>Begr\u00fc\u00dfung <strong>Mathias Wagner, MdL<\/strong> (Fraktionsvorsitzender Gr\u00fcne im Landtag)<\/li>\n\n\n\n<li>Impuls von <strong>Nadine Bernshausen<\/strong> (B\u00fcrgermeisterin der Stadt Marburg)<\/li>\n\n\n\n<li>Impuls des <strong>Landeskitaelternbeirats<\/strong><\/li>\n\n\n\n<li>Impuls von <strong>Felix Martin, MdL<\/strong> (Sprecher f\u00fcr fr\u00fchkindliche Bildung)<\/li>\n\n\n\n<li>Arbeit an Thementischen um konkrete L\u00f6sungen zu diskutieren (darunter Themen wie Fachkr\u00e4fte, p\u00e4dagogische Arbeit, Tageseltern, Qualit\u00e4t, Kosten)<\/li>\n\n\n\n<li>Mittagspause<\/li>\n\n\n\n<li>Zentrale Ergebnisse werden vorgestellt und diskutiert<\/li>\n\n\n\n<li>Offenes Ende mit Kaffee und Kuchen<\/li>\n<\/ul>\n\n\n\n<p>Schwerpunkt des Kongresses ist die Arbeit an Thementischen zu den gr\u00f6\u00dften Herausforderungen in der fr\u00fchkindlichen Bildung. Ziel ist es, dort m\u00f6glichst konkrete L\u00f6sungsvorschl\u00e4ge zu sammeln und zu diskutieren.<\/p>\n\n\n\n<p>Wenn Sie am Kongress teilnehmen wollen, dann f\u00fcllen Sie bitte das untenstehende Formular aus.<\/p>\n\n\n\n<p>Auf der Veranstaltung werden Fotos gemacht und danach auf unseren verschiedenen Plattformen verwendet. Sprecht uns an, wenn ihr nicht fotografiert werden m\u00f6chtet.<\/p>\n\n\n\n<hr class=\"wp-block-separator has-alpha-channel-opacity\"\/>\n\n\n\n<p><strong><mark style=\"background-color:rgba(0, 0, 0, 0)\" class=\"has-inline-color has-vivid-red-color\">Alle Pl\u00e4tze sind belegt und die Anmeldung wurde geschlossen.<\/mark><\/strong><\/p>\n","protected":false},"excerpt":{"rendered":"<p>Liebe Eltern, Fachkr\u00e4fte und Interessierte, zu l\u00f6sende Herausforderungen in der fr\u00fchkindlichen Bildung gibt es einige, zum Beispiel den gro\u00dfen Fachkr\u00e4ftemangel, fehlende Pl\u00e4tze oder eine immer gr\u00f6\u00dfer werdende finanzielle Belastung seitens der Kommunen und Tr\u00e4ger. Trotz umfangreicher Ma\u00dfnahmen von Bund, Land und Kommunen in den vergangenen Jahren braucht es weitere konkrete Schritte, um diese und weitere [&hellip;]<\/p>\n","protected":false},"author":3,"featured_media":0,"parent":0,"menu_order":0,"comment_status":"closed","ping_status":"closed","template":"","meta":{"_acf_changed":false,"ngg_post_thumbnail":0,"footnotes":""},"class_list":["post-33130","page","type-page","status-publish","hentry"],"acf":[],"yoast_head":"<!-- This site is optimized with the Yoast SEO plugin v27.4 - https:\/\/yoast.com\/product\/yoast-seo-wordpress\/ -->\n<title>Fachkongress fr\u00fchkindliche Bildung - Fraktion B\u00fcndnis 90\/Die Gr\u00fcnen im Hessischen Landtag<\/title>\n<meta name=\"robots\" content=\"index, follow, max-snippet:-1, max-image-preview:large, max-video-preview:-1\" \/>\n<link rel=\"canonical\" href=\"https:\/\/www.gruene-hessen.de\/landtag\/fachkongress-fruehkindliche-bildung\/\" \/>\n<meta property=\"og:locale\" content=\"de_DE\" \/>\n<meta property=\"og:type\" content=\"article\" \/>\n<meta property=\"og:title\" content=\"Fachkongress fr\u00fchkindliche Bildung - Fraktion B\u00fcndnis 90\/Die Gr\u00fcnen im Hessischen Landtag\" \/>\n<meta property=\"og:description\" content=\"Liebe Eltern, Fachkr\u00e4fte und Interessierte, zu l\u00f6sende Herausforderungen in der fr\u00fchkindlichen Bildung gibt es einige, zum Beispiel den gro\u00dfen Fachkr\u00e4ftemangel, fehlende Pl\u00e4tze oder eine immer gr\u00f6\u00dfer werdende finanzielle Belastung seitens der Kommunen und Tr\u00e4ger. Trotz umfangreicher Ma\u00dfnahmen von Bund, Land und Kommunen in den vergangenen Jahren braucht es weitere konkrete Schritte, um diese und weitere [&hellip;]\" \/>\n<meta property=\"og:url\" content=\"https:\/\/www.gruene-hessen.de\/landtag\/fachkongress-fruehkindliche-bildung\/\" \/>\n<meta property=\"og:site_name\" content=\"Fraktion B\u00fcndnis 90\/Die Gr\u00fcnen im Hessischen Landtag\" \/>\n<meta property=\"article:publisher\" content=\"https:\/\/www.facebook.com\/gruenehessen\" \/>\n<meta property=\"article:modified_time\" content=\"2024-06-17T10:05:08+00:00\" \/>\n<meta name=\"twitter:card\" content=\"summary_large_image\" \/>\n<meta name=\"twitter:site\" content=\"@gruenehessen\" \/>\n<meta name=\"twitter:label1\" content=\"Gesch\u00e4tzte Lesezeit\" \/>\n\t<meta name=\"twitter:data1\" content=\"2\u00a0Minuten\" \/>\n<script type=\"application\/ld+json\" class=\"yoast-schema-graph\">{\"@context\":\"https:\\\/\\\/schema.org\",\"@graph\":[{\"@type\":\"WebPage\",\"@id\":\"https:\\\/\\\/www.gruene-hessen.de\\\/landtag\\\/fachkongress-fruehkindliche-bildung\\\/\",\"url\":\"https:\\\/\\\/www.gruene-hessen.de\\\/landtag\\\/fachkongress-fruehkindliche-bildung\\\/\",\"name\":\"Fachkongress fr\u00fchkindliche Bildung - Fraktion B\u00fcndnis 90\\\/Die Gr\u00fcnen im Hessischen Landtag\",\"isPartOf\":{\"@id\":\"https:\\\/\\\/www.gruene-hessen.de\\\/landtag\\\/#website\"},\"datePublished\":\"2024-04-08T08:34:14+00:00\",\"dateModified\":\"2024-06-17T10:05:08+00:00\",\"breadcrumb\":{\"@id\":\"https:\\\/\\\/www.gruene-hessen.de\\\/landtag\\\/fachkongress-fruehkindliche-bildung\\\/#breadcrumb\"},\"inLanguage\":\"de\",\"potentialAction\":[{\"@type\":\"ReadAction\",\"target\":[\"https:\\\/\\\/www.gruene-hessen.de\\\/landtag\\\/fachkongress-fruehkindliche-bildung\\\/\"]}]},{\"@type\":\"BreadcrumbList\",\"@id\":\"https:\\\/\\\/www.gruene-hessen.de\\\/landtag\\\/fachkongress-fruehkindliche-bildung\\\/#breadcrumb\",\"itemListElement\":[{\"@type\":\"ListItem\",\"position\":1,\"name\":\"Startseite\",\"item\":\"https:\\\/\\\/www.gruene-hessen.de\\\/landtag\\\/\"},{\"@type\":\"ListItem\",\"position\":2,\"name\":\"Fachkongress fr\u00fchkindliche Bildung\"}]},{\"@type\":\"WebSite\",\"@id\":\"https:\\\/\\\/www.gruene-hessen.de\\\/landtag\\\/#website\",\"url\":\"https:\\\/\\\/www.gruene-hessen.de\\\/landtag\\\/\",\"name\":\"Fraktion B\u00fcndnis 90\\\/Die Gr\u00fcnen im Hessischen Landtag\",\"description\":\"\",\"publisher\":{\"@id\":\"https:\\\/\\\/www.gruene-hessen.de\\\/landtag\\\/#organization\"},\"potentialAction\":[{\"@type\":\"SearchAction\",\"target\":{\"@type\":\"EntryPoint\",\"urlTemplate\":\"https:\\\/\\\/www.gruene-hessen.de\\\/landtag\\\/?s={search_term_string}\"},\"query-input\":{\"@type\":\"PropertyValueSpecification\",\"valueRequired\":true,\"valueName\":\"search_term_string\"}}],\"inLanguage\":\"de\"},{\"@type\":\"Organization\",\"@id\":\"https:\\\/\\\/www.gruene-hessen.de\\\/landtag\\\/#organization\",\"name\":\"Fraktion B\u00fcndnis 90\\\/Die Gr\u00fcnen im Hessischen Landtag\",\"url\":\"https:\\\/\\\/www.gruene-hessen.de\\\/landtag\\\/\",\"logo\":{\"@type\":\"ImageObject\",\"inLanguage\":\"de\",\"@id\":\"https:\\\/\\\/www.gruene-hessen.de\\\/landtag\\\/#\\\/schema\\\/logo\\\/image\\\/\",\"url\":\"https:\\\/\\\/www.gruene-hessen.de\\\/landtag\\\/files\\\/2023\\\/03\\\/Logo-LTF-Hessen-weiss-gruen-Pfade.png\",\"contentUrl\":\"https:\\\/\\\/www.gruene-hessen.de\\\/landtag\\\/files\\\/2023\\\/03\\\/Logo-LTF-Hessen-weiss-gruen-Pfade.png\",\"width\":1632,\"height\":1000,\"caption\":\"Fraktion B\u00fcndnis 90\\\/Die Gr\u00fcnen im Hessischen Landtag\"},\"image\":{\"@id\":\"https:\\\/\\\/www.gruene-hessen.de\\\/landtag\\\/#\\\/schema\\\/logo\\\/image\\\/\"},\"sameAs\":[\"https:\\\/\\\/www.facebook.com\\\/gruenehessen\",\"https:\\\/\\\/x.com\\\/gruenehessen\",\"https:\\\/\\\/www.instagram.com\\\/gruenehessen\\\/\"]}]}<\/script>\n<!-- \/ Yoast SEO plugin. -->","yoast_head_json":{"title":"Fachkongress fr\u00fchkindliche Bildung - Fraktion B\u00fcndnis 90\/Die Gr\u00fcnen im Hessischen Landtag","robots":{"index":"index","follow":"follow","max-snippet":"max-snippet:-1","max-image-preview":"max-image-preview:large","max-video-preview":"max-video-preview:-1"},"canonical":"https:\/\/www.gruene-hessen.de\/landtag\/fachkongress-fruehkindliche-bildung\/","og_locale":"de_DE","og_type":"article","og_title":"Fachkongress fr\u00fchkindliche Bildung - Fraktion B\u00fcndnis 90\/Die Gr\u00fcnen im Hessischen Landtag","og_description":"Liebe Eltern, Fachkr\u00e4fte und Interessierte, zu l\u00f6sende Herausforderungen in der fr\u00fchkindlichen Bildung gibt es einige, zum Beispiel den gro\u00dfen Fachkr\u00e4ftemangel, fehlende Pl\u00e4tze oder eine immer gr\u00f6\u00dfer werdende finanzielle Belastung seitens der Kommunen und Tr\u00e4ger. Trotz umfangreicher Ma\u00dfnahmen von Bund, Land und Kommunen in den vergangenen Jahren braucht es weitere konkrete Schritte, um diese und weitere [&hellip;]","og_url":"https:\/\/www.gruene-hessen.de\/landtag\/fachkongress-fruehkindliche-bildung\/","og_site_name":"Fraktion B\u00fcndnis 90\/Die Gr\u00fcnen im Hessischen Landtag","article_publisher":"https:\/\/www.facebook.com\/gruenehessen","article_modified_time":"2024-06-17T10:05:08+00:00","twitter_card":"summary_large_image","twitter_site":"@gruenehessen","twitter_misc":{"Gesch\u00e4tzte Lesezeit":"2\u00a0Minuten"},"schema":{"@context":"https:\/\/schema.org","@graph":[{"@type":"WebPage","@id":"https:\/\/www.gruene-hessen.de\/landtag\/fachkongress-fruehkindliche-bildung\/","url":"https:\/\/www.gruene-hessen.de\/landtag\/fachkongress-fruehkindliche-bildung\/","name":"Fachkongress fr\u00fchkindliche Bildung - Fraktion B\u00fcndnis 90\/Die Gr\u00fcnen im Hessischen Landtag","isPartOf":{"@id":"https:\/\/www.gruene-hessen.de\/landtag\/#website"},"datePublished":"2024-04-08T08:34:14+00:00","dateModified":"2024-06-17T10:05:08+00:00","breadcrumb":{"@id":"https:\/\/www.gruene-hessen.de\/landtag\/fachkongress-fruehkindliche-bildung\/#breadcrumb"},"inLanguage":"de","potentialAction":[{"@type":"ReadAction","target":["https:\/\/www.gruene-hessen.de\/landtag\/fachkongress-fruehkindliche-bildung\/"]}]},{"@type":"BreadcrumbList","@id":"https:\/\/www.gruene-hessen.de\/landtag\/fachkongress-fruehkindliche-bildung\/#breadcrumb","itemListElement":[{"@type":"ListItem","position":1,"name":"Startseite","item":"https:\/\/www.gruene-hessen.de\/landtag\/"},{"@type":"ListItem","position":2,"name":"Fachkongress fr\u00fchkindliche Bildung"}]},{"@type":"WebSite","@id":"https:\/\/www.gruene-hessen.de\/landtag\/#website","url":"https:\/\/www.gruene-hessen.de\/landtag\/","name":"Fraktion B\u00fcndnis 90\/Die Gr\u00fcnen im Hessischen Landtag","description":"","publisher":{"@id":"https:\/\/www.gruene-hessen.de\/landtag\/#organization"},"potentialAction":[{"@type":"SearchAction","target":{"@type":"EntryPoint","urlTemplate":"https:\/\/www.gruene-hessen.de\/landtag\/?s={search_term_string}"},"query-input":{"@type":"PropertyValueSpecification","valueRequired":true,"valueName":"search_term_string"}}],"inLanguage":"de"},{"@type":"Organization","@id":"https:\/\/www.gruene-hessen.de\/landtag\/#organization","name":"Fraktion B\u00fcndnis 90\/Die Gr\u00fcnen im Hessischen Landtag","url":"https:\/\/www.gruene-hessen.de\/landtag\/","logo":{"@type":"ImageObject","inLanguage":"de","@id":"https:\/\/www.gruene-hessen.de\/landtag\/#\/schema\/logo\/image\/","url":"https:\/\/www.gruene-hessen.de\/landtag\/files\/2023\/03\/Logo-LTF-Hessen-weiss-gruen-Pfade.png","contentUrl":"https:\/\/www.gruene-hessen.de\/landtag\/files\/2023\/03\/Logo-LTF-Hessen-weiss-gruen-Pfade.png","width":1632,"height":1000,"caption":"Fraktion B\u00fcndnis 90\/Die Gr\u00fcnen im Hessischen Landtag"},"image":{"@id":"https:\/\/www.gruene-hessen.de\/landtag\/#\/schema\/logo\/image\/"},"sameAs":["https:\/\/www.facebook.com\/gruenehessen","https:\/\/x.com\/gruenehessen","https:\/\/www.instagram.com\/gruenehessen\/"]}]}},"_links":{"self":[{"href":"https:\/\/www.gruene-hessen.de\/landtag\/wp-json\/wp\/v2\/pages\/33130","targetHints":{"allow":["GET"]}}],"collection":[{"href":"https:\/\/www.gruene-hessen.de\/landtag\/wp-json\/wp\/v2\/pages"}],"about":[{"href":"https:\/\/www.gruene-hessen.de\/landtag\/wp-json\/wp\/v2\/types\/page"}],"author":[{"embeddable":true,"href":"https:\/\/www.gruene-hessen.de\/landtag\/wp-json\/wp\/v2\/users\/3"}],"replies":[{"embeddable":true,"href":"https:\/\/www.gruene-hessen.de\/landtag\/wp-json\/wp\/v2\/comments?post=33130"}],"version-history":[{"count":4,"href":"https:\/\/www.gruene-hessen.de\/landtag\/wp-json\/wp\/v2\/pages\/33130\/revisions"}],"predecessor-version":[{"id":33376,"href":"https:\/\/www.gruene-hessen.de\/landtag\/wp-json\/wp\/v2\/pages\/33130\/revisions\/33376"}],"wp:attachment":[{"href":"https:\/\/www.gruene-hessen.de\/landtag\/wp-json\/wp\/v2\/media?parent=33130"}],"curies":[{"name":"wp","href":"https:\/\/api.w.org\/{rel}","templated":true}]}}