{"id":29402,"date":"2021-08-24T11:43:45","date_gmt":"2021-08-24T09:43:45","guid":{"rendered":"https:\/\/www.gruene-hessen.de\/landtag\/?page_id=29402"},"modified":"2021-12-13T09:55:35","modified_gmt":"2021-12-13T08:55:35","slug":"iksp-2025-wo-stehen-wir","status":"publish","type":"page","link":"https:\/\/www.gruene-hessen.de\/landtag\/iksp-2025-wo-stehen-wir\/","title":{"rendered":"IKSP 2025 \u2013 wo stehen wir?"},"content":{"rendered":"<p>Der Integrierte Klimaschutzplan 2025 (IKSP) wirkt \u2013 das zeigt der ver\u00f6ffentliche Monitoringbericht. Mit der Veranstaltungsreihe \u201eIKSP 2025 \u2013 wo stehen wir?\u201c wollen wir zeigen, dass Klimaschutz allgegenw\u00e4rtig ist und auch sein muss, damit Hessen seine Klimaziele und Klimaneutralit\u00e4t bis sp\u00e4testens 2045 erreicht. Bei den sechs Veranstaltungsabenden werden einzelne Handlungsfelder wie Naturschutz, Landwirtschaft oder Verkehr genauer beleuchtet und jeweils mit dem\/der Fachsprecher*in der GR\u00dcNEN Landtagsfraktion diskutiert. Projekte und deren Umsetzungsstand oder Entwicklungspotenzial verdeutlichen, wie vielf\u00e4ltig die Aufgaben im Rahmen des IKSP 2025 sind und wie vielgestaltig der Klimaschutz im Jahr 2021 ist. Teilnehmer*innen k\u00f6nnen sich ebenfalls \u00fcber den Chat einbringen.<\/p>\n<p>Die feststehenden Themen und Termine der Veranstaltungsreihe finden Sie hier:<\/p>\n<ol>\n<li>Montag, <strong>6. September 2021<\/strong> um 19:00 Uhr: <a title=\"Zur Terminseite mit weiteren Infos\" href=\"https:\/\/www.gruene-hessen.de\/termine\/iksp-2025-wo-stehen-wir-1-naturschutz-ist-klimaschutz\/\" target=\"_blank\" rel=\"noopener\">\u201eNaturschutz ist Klimaschutz \u2013 Biodiversit\u00e4tskrise und Klimakrise gemeinsam bek\u00e4mpfen\u201c<\/a><\/li>\n<li>Montag, <strong>20. September 2021<\/strong> um 19:00 Uhr: <a href=\"https:\/\/www.gruene-hessen.de\/termine\/iksp-2025-wo-stehen-wir-2-mobilitaetswende-ist-klimaschutz\/\">\u201eMobilit\u00e4tswende ist Klimaschutz\u201c<\/a>&nbsp;<\/li>\n<li>Dienstag, <strong>5. Oktober 2021<\/strong> um 19:00 Uhr: <a href=\"https:\/\/www.gruene-hessen.de\/termine\/iksp-2025-wo-stehen-wir-3-energiewende-ist-klimaschutz\/\">\u201eEnergiewende ist Klimaschutz\u201c<\/a><\/li>\n<li>Dienstag, <strong>2. November 2021<\/strong> um 19:00 Uhr: <a href=\"https:\/\/www.gruene-hessen.de\/termine\/iksp-2025-wo-stehen-wir-4-nachhaltige-landwirtschaft-ist-klimaschutz\/\">\u201eNachhaltige Landwirtschaft ist Klimaschutz\u201c<\/a><\/li>\n<li>Dienstag, <strong>23. November 2021<\/strong> um 19:00 Uhr: <a href=\"https:\/\/www.gruene-hessen.de\/termine\/iksp-2025-wo-stehen-wir-5-divestment-ist-klimaschutz-2\/\">\u201eDivestment ist Klimaschutz\u201c<\/a><\/li>\n<li><span style=\"color: #ff0000\">Abgesagt<\/span>: Dienstag, <strong>14. Dezember 2021<\/strong> um 19:00 Uhr: <a href=\"https:\/\/www.gruene-hessen.de\/termine\/iksp-2025-wo-stehen-wir-6-waldschutz-ist-klimaschutz\/\">&#8222;Waldschutz ist Klimaschutz&#8220;<\/a><\/li>\n<\/ol>\n<h3>Hintergrund:<\/h3>\n<p>Als Grundlage f\u00fcr die Fortschreibung des IKSP macht der ver\u00f6ffentlichte Monitoringbericht deutlich, an welchen Punkten wir noch mehr Anstrengungen unternehmen m\u00fcssen, um unser neues Ziel Klimaneutralit\u00e4t bis sp\u00e4testens 2045 zu erreichen. 113 der 140 Ma\u00dfnahmen des IKSP befinden sich in der Umsetzung oder sind bereits abgeschlossen. Zus\u00e4tzliche 18 Ma\u00dfnahmen sind Teil eines \u00fcber den IKSP hinausgehenden Mehr-Klimaschutz-Programms. Der IKSP ist Querschnitt \u00fcber alle Bereiche \u2013 von der Landwirtschaft \u00fcber den Mobilit\u00e4tsbereich bis zur den Hochschulen- \u00fcberall ist Klimaschutz durch den IKSP 2025 verankert.<\/p>\n<p><a href=\"https:\/\/umwelt.hessen.de\/sites\/default\/files\/media\/hmuelv\/integrierter_klimaschutzplan_web_barrierefrei.pdf\">https:\/\/umwelt.hessen.de\/sites\/default\/files\/media\/hmuelv\/integrierter_klimaschutzplan_web_barrierefrei.pdf<\/a><\/p>\n","protected":false},"excerpt":{"rendered":"<p>Der Integrierte Klimaschutzplan 2025 (IKSP) wirkt \u2013 das zeigt der ver\u00f6ffentliche Monitoringbericht. Mit der Veranstaltungsreihe \u201eIKSP 2025 \u2013 wo stehen wir?\u201c wollen wir zeigen, dass Klimaschutz allgegenw\u00e4rtig ist und auch sein muss, damit Hessen seine Klimaziele und Klimaneutralit\u00e4t bis sp\u00e4testens 2045 erreicht. Bei den sechs Veranstaltungsabenden werden einzelne Handlungsfelder wie Naturschutz, Landwirtschaft oder Verkehr genauer [&hellip;]<\/p>\n","protected":false},"author":3,"featured_media":0,"parent":0,"menu_order":0,"comment_status":"closed","ping_status":"closed","template":"","meta":{"_acf_changed":false,"ngg_post_thumbnail":0,"footnotes":""},"class_list":["post-29402","page","type-page","status-publish","hentry"],"acf":[],"yoast_head":"<!-- This site is optimized with the Yoast SEO plugin v27.4 - https:\/\/yoast.com\/product\/yoast-seo-wordpress\/ -->\n<title>IKSP 2025 \u2013 wo stehen wir? - Fraktion B\u00fcndnis 90\/Die Gr\u00fcnen im Hessischen Landtag<\/title>\n<meta name=\"robots\" content=\"index, follow, max-snippet:-1, max-image-preview:large, max-video-preview:-1\" \/>\n<link rel=\"canonical\" href=\"https:\/\/www.gruene-hessen.de\/landtag\/iksp-2025-wo-stehen-wir\/\" \/>\n<meta property=\"og:locale\" content=\"de_DE\" \/>\n<meta property=\"og:type\" content=\"article\" \/>\n<meta property=\"og:title\" content=\"IKSP 2025 \u2013 wo stehen wir? - Fraktion B\u00fcndnis 90\/Die Gr\u00fcnen im Hessischen Landtag\" \/>\n<meta property=\"og:description\" content=\"Der Integrierte Klimaschutzplan 2025 (IKSP) wirkt \u2013 das zeigt der ver\u00f6ffentliche Monitoringbericht. Mit der Veranstaltungsreihe \u201eIKSP 2025 \u2013 wo stehen wir?\u201c wollen wir zeigen, dass Klimaschutz allgegenw\u00e4rtig ist und auch sein muss, damit Hessen seine Klimaziele und Klimaneutralit\u00e4t bis sp\u00e4testens 2045 erreicht. Bei den sechs Veranstaltungsabenden werden einzelne Handlungsfelder wie Naturschutz, Landwirtschaft oder Verkehr genauer [&hellip;]\" \/>\n<meta property=\"og:url\" content=\"https:\/\/www.gruene-hessen.de\/landtag\/iksp-2025-wo-stehen-wir\/\" \/>\n<meta property=\"og:site_name\" content=\"Fraktion B\u00fcndnis 90\/Die Gr\u00fcnen im Hessischen Landtag\" \/>\n<meta property=\"article:publisher\" content=\"https:\/\/www.facebook.com\/gruenehessen\" \/>\n<meta property=\"article:modified_time\" content=\"2021-12-13T08:55:35+00:00\" \/>\n<meta name=\"twitter:card\" content=\"summary_large_image\" \/>\n<meta name=\"twitter:site\" content=\"@gruenehessen\" \/>\n<meta name=\"twitter:label1\" content=\"Gesch\u00e4tzte Lesezeit\" \/>\n\t<meta name=\"twitter:data1\" content=\"1\u00a0Minute\" \/>\n<script type=\"application\/ld+json\" class=\"yoast-schema-graph\">{\"@context\":\"https:\\\/\\\/schema.org\",\"@graph\":[{\"@type\":\"WebPage\",\"@id\":\"https:\\\/\\\/www.gruene-hessen.de\\\/landtag\\\/iksp-2025-wo-stehen-wir\\\/\",\"url\":\"https:\\\/\\\/www.gruene-hessen.de\\\/landtag\\\/iksp-2025-wo-stehen-wir\\\/\",\"name\":\"IKSP 2025 \u2013 wo stehen wir? - Fraktion B\u00fcndnis 90\\\/Die Gr\u00fcnen im Hessischen Landtag\",\"isPartOf\":{\"@id\":\"https:\\\/\\\/www.gruene-hessen.de\\\/landtag\\\/#website\"},\"datePublished\":\"2021-08-24T09:43:45+00:00\",\"dateModified\":\"2021-12-13T08:55:35+00:00\",\"breadcrumb\":{\"@id\":\"https:\\\/\\\/www.gruene-hessen.de\\\/landtag\\\/iksp-2025-wo-stehen-wir\\\/#breadcrumb\"},\"inLanguage\":\"de\",\"potentialAction\":[{\"@type\":\"ReadAction\",\"target\":[\"https:\\\/\\\/www.gruene-hessen.de\\\/landtag\\\/iksp-2025-wo-stehen-wir\\\/\"]}]},{\"@type\":\"BreadcrumbList\",\"@id\":\"https:\\\/\\\/www.gruene-hessen.de\\\/landtag\\\/iksp-2025-wo-stehen-wir\\\/#breadcrumb\",\"itemListElement\":[{\"@type\":\"ListItem\",\"position\":1,\"name\":\"Startseite\",\"item\":\"https:\\\/\\\/www.gruene-hessen.de\\\/landtag\\\/\"},{\"@type\":\"ListItem\",\"position\":2,\"name\":\"IKSP 2025 \u2013 wo stehen wir?\"}]},{\"@type\":\"WebSite\",\"@id\":\"https:\\\/\\\/www.gruene-hessen.de\\\/landtag\\\/#website\",\"url\":\"https:\\\/\\\/www.gruene-hessen.de\\\/landtag\\\/\",\"name\":\"Fraktion B\u00fcndnis 90\\\/Die Gr\u00fcnen im Hessischen Landtag\",\"description\":\"\",\"publisher\":{\"@id\":\"https:\\\/\\\/www.gruene-hessen.de\\\/landtag\\\/#organization\"},\"potentialAction\":[{\"@type\":\"SearchAction\",\"target\":{\"@type\":\"EntryPoint\",\"urlTemplate\":\"https:\\\/\\\/www.gruene-hessen.de\\\/landtag\\\/?s={search_term_string}\"},\"query-input\":{\"@type\":\"PropertyValueSpecification\",\"valueRequired\":true,\"valueName\":\"search_term_string\"}}],\"inLanguage\":\"de\"},{\"@type\":\"Organization\",\"@id\":\"https:\\\/\\\/www.gruene-hessen.de\\\/landtag\\\/#organization\",\"name\":\"Fraktion B\u00fcndnis 90\\\/Die Gr\u00fcnen im Hessischen Landtag\",\"url\":\"https:\\\/\\\/www.gruene-hessen.de\\\/landtag\\\/\",\"logo\":{\"@type\":\"ImageObject\",\"inLanguage\":\"de\",\"@id\":\"https:\\\/\\\/www.gruene-hessen.de\\\/landtag\\\/#\\\/schema\\\/logo\\\/image\\\/\",\"url\":\"https:\\\/\\\/www.gruene-hessen.de\\\/landtag\\\/files\\\/2023\\\/03\\\/Logo-LTF-Hessen-weiss-gruen-Pfade.png\",\"contentUrl\":\"https:\\\/\\\/www.gruene-hessen.de\\\/landtag\\\/files\\\/2023\\\/03\\\/Logo-LTF-Hessen-weiss-gruen-Pfade.png\",\"width\":1632,\"height\":1000,\"caption\":\"Fraktion B\u00fcndnis 90\\\/Die Gr\u00fcnen im Hessischen Landtag\"},\"image\":{\"@id\":\"https:\\\/\\\/www.gruene-hessen.de\\\/landtag\\\/#\\\/schema\\\/logo\\\/image\\\/\"},\"sameAs\":[\"https:\\\/\\\/www.facebook.com\\\/gruenehessen\",\"https:\\\/\\\/x.com\\\/gruenehessen\",\"https:\\\/\\\/www.instagram.com\\\/gruenehessen\\\/\"]}]}<\/script>\n<!-- \/ Yoast SEO plugin. -->","yoast_head_json":{"title":"IKSP 2025 \u2013 wo stehen wir? - Fraktion B\u00fcndnis 90\/Die Gr\u00fcnen im Hessischen Landtag","robots":{"index":"index","follow":"follow","max-snippet":"max-snippet:-1","max-image-preview":"max-image-preview:large","max-video-preview":"max-video-preview:-1"},"canonical":"https:\/\/www.gruene-hessen.de\/landtag\/iksp-2025-wo-stehen-wir\/","og_locale":"de_DE","og_type":"article","og_title":"IKSP 2025 \u2013 wo stehen wir? - Fraktion B\u00fcndnis 90\/Die Gr\u00fcnen im Hessischen Landtag","og_description":"Der Integrierte Klimaschutzplan 2025 (IKSP) wirkt \u2013 das zeigt der ver\u00f6ffentliche Monitoringbericht. Mit der Veranstaltungsreihe \u201eIKSP 2025 \u2013 wo stehen wir?\u201c wollen wir zeigen, dass Klimaschutz allgegenw\u00e4rtig ist und auch sein muss, damit Hessen seine Klimaziele und Klimaneutralit\u00e4t bis sp\u00e4testens 2045 erreicht. Bei den sechs Veranstaltungsabenden werden einzelne Handlungsfelder wie Naturschutz, Landwirtschaft oder Verkehr genauer [&hellip;]","og_url":"https:\/\/www.gruene-hessen.de\/landtag\/iksp-2025-wo-stehen-wir\/","og_site_name":"Fraktion B\u00fcndnis 90\/Die Gr\u00fcnen im Hessischen Landtag","article_publisher":"https:\/\/www.facebook.com\/gruenehessen","article_modified_time":"2021-12-13T08:55:35+00:00","twitter_card":"summary_large_image","twitter_site":"@gruenehessen","twitter_misc":{"Gesch\u00e4tzte Lesezeit":"1\u00a0Minute"},"schema":{"@context":"https:\/\/schema.org","@graph":[{"@type":"WebPage","@id":"https:\/\/www.gruene-hessen.de\/landtag\/iksp-2025-wo-stehen-wir\/","url":"https:\/\/www.gruene-hessen.de\/landtag\/iksp-2025-wo-stehen-wir\/","name":"IKSP 2025 \u2013 wo stehen wir? - Fraktion B\u00fcndnis 90\/Die Gr\u00fcnen im Hessischen Landtag","isPartOf":{"@id":"https:\/\/www.gruene-hessen.de\/landtag\/#website"},"datePublished":"2021-08-24T09:43:45+00:00","dateModified":"2021-12-13T08:55:35+00:00","breadcrumb":{"@id":"https:\/\/www.gruene-hessen.de\/landtag\/iksp-2025-wo-stehen-wir\/#breadcrumb"},"inLanguage":"de","potentialAction":[{"@type":"ReadAction","target":["https:\/\/www.gruene-hessen.de\/landtag\/iksp-2025-wo-stehen-wir\/"]}]},{"@type":"BreadcrumbList","@id":"https:\/\/www.gruene-hessen.de\/landtag\/iksp-2025-wo-stehen-wir\/#breadcrumb","itemListElement":[{"@type":"ListItem","position":1,"name":"Startseite","item":"https:\/\/www.gruene-hessen.de\/landtag\/"},{"@type":"ListItem","position":2,"name":"IKSP 2025 \u2013 wo stehen wir?"}]},{"@type":"WebSite","@id":"https:\/\/www.gruene-hessen.de\/landtag\/#website","url":"https:\/\/www.gruene-hessen.de\/landtag\/","name":"Fraktion B\u00fcndnis 90\/Die Gr\u00fcnen im Hessischen Landtag","description":"","publisher":{"@id":"https:\/\/www.gruene-hessen.de\/landtag\/#organization"},"potentialAction":[{"@type":"SearchAction","target":{"@type":"EntryPoint","urlTemplate":"https:\/\/www.gruene-hessen.de\/landtag\/?s={search_term_string}"},"query-input":{"@type":"PropertyValueSpecification","valueRequired":true,"valueName":"search_term_string"}}],"inLanguage":"de"},{"@type":"Organization","@id":"https:\/\/www.gruene-hessen.de\/landtag\/#organization","name":"Fraktion B\u00fcndnis 90\/Die Gr\u00fcnen im Hessischen Landtag","url":"https:\/\/www.gruene-hessen.de\/landtag\/","logo":{"@type":"ImageObject","inLanguage":"de","@id":"https:\/\/www.gruene-hessen.de\/landtag\/#\/schema\/logo\/image\/","url":"https:\/\/www.gruene-hessen.de\/landtag\/files\/2023\/03\/Logo-LTF-Hessen-weiss-gruen-Pfade.png","contentUrl":"https:\/\/www.gruene-hessen.de\/landtag\/files\/2023\/03\/Logo-LTF-Hessen-weiss-gruen-Pfade.png","width":1632,"height":1000,"caption":"Fraktion B\u00fcndnis 90\/Die Gr\u00fcnen im Hessischen Landtag"},"image":{"@id":"https:\/\/www.gruene-hessen.de\/landtag\/#\/schema\/logo\/image\/"},"sameAs":["https:\/\/www.facebook.com\/gruenehessen","https:\/\/x.com\/gruenehessen","https:\/\/www.instagram.com\/gruenehessen\/"]}]}},"_links":{"self":[{"href":"https:\/\/www.gruene-hessen.de\/landtag\/wp-json\/wp\/v2\/pages\/29402","targetHints":{"allow":["GET"]}}],"collection":[{"href":"https:\/\/www.gruene-hessen.de\/landtag\/wp-json\/wp\/v2\/pages"}],"about":[{"href":"https:\/\/www.gruene-hessen.de\/landtag\/wp-json\/wp\/v2\/types\/page"}],"author":[{"embeddable":true,"href":"https:\/\/www.gruene-hessen.de\/landtag\/wp-json\/wp\/v2\/users\/3"}],"replies":[{"embeddable":true,"href":"https:\/\/www.gruene-hessen.de\/landtag\/wp-json\/wp\/v2\/comments?post=29402"}],"version-history":[{"count":8,"href":"https:\/\/www.gruene-hessen.de\/landtag\/wp-json\/wp\/v2\/pages\/29402\/revisions"}],"predecessor-version":[{"id":29728,"href":"https:\/\/www.gruene-hessen.de\/landtag\/wp-json\/wp\/v2\/pages\/29402\/revisions\/29728"}],"wp:attachment":[{"href":"https:\/\/www.gruene-hessen.de\/landtag\/wp-json\/wp\/v2\/media?parent=29402"}],"curies":[{"name":"wp","href":"https:\/\/api.w.org\/{rel}","templated":true}]}}