{"id":18744,"date":"2016-09-27T14:14:35","date_gmt":"2016-09-27T12:14:35","guid":{"rendered":"https:\/\/www.gruene-hessen.de\/landtag\/?page_id=18744"},"modified":"2016-09-27T14:14:35","modified_gmt":"2016-09-27T12:14:35","slug":"lehrplan-sexualerziehung","status":"publish","type":"page","link":"https:\/\/www.gruene-hessen.de\/landtag\/lehrplan-sexualerziehung\/","title":{"rendered":"Lehrplan Sexualerziehung"},"content":{"rendered":"<h2>Unterricht soll Realit\u00e4t abbilden und Akzeptanz f\u00fcr alle vermitteln<\/h2>\n<p>F\u00fcr die GR\u00dcNEN im Landtag ist der neue Lehrplan Sexualerziehung, der am 16. September in Kraft getreten ist, ein wichtiger Schritt f\u00fcr eine von Vielfalt und Akzeptanz gepr\u00e4gte Gesellschaft. \u201eDie Koalitionspartner CDU und GR\u00dcNE setzen auch im Lebensumfeld Schule das um, was sie im Koalitionsvertrag vereinbart haben: Jeder Mensch, ungeachtet seiner sexuellen und geschlechtlichen Identit\u00e4t, soll gesellschaftliche Akzeptanz erfahren und sein Leben ohne Benachteiligungen und Diskriminierungen gestalten k\u00f6nnen\u201c, stellt Kai Klose, schwulen- und lesbenpolitischer Sprecher der Fraktion fest. \u201eNat\u00fcrlich ist dies ist auch ein Ziel der Sexualerziehung: Sch\u00fclerinnen und Sch\u00fclern soll ein offenes, diskriminierungsfreies und wertsch\u00e4tzendes Verst\u00e4ndnis f\u00fcr die Verschiedenheit und Vielfalt der partnerschaftlichen Beziehungen, sexuellen Orientierungen und geschlechtlichen Identit\u00e4ten in unserer Gesellschaft vermittelt werden.\u201c<\/p>\n<p>Der neue Lehrplan, der f\u00fcr alle allgemeinen und berufsbildenden Schulen in Hessen verpflichtend ist, ersetzt eine Richtlinie aus dem Jahr 2007. \u201eEr ist eine behutsame Anpassung an die gesellschaftliche Realit\u00e4t. Kinder und Jugendliche kennen aus ihrem Umfeld heterosexuelle ebenso wie gleichgeschlechtliche Paare, Alleinerziehende und Patchworkfamilien. Sie haben heterosexuelle, lesbische und schwule Lehrerinnen und Lehrer, und sie erleben sp\u00e4ter bei ihren Freundinnen und Freunden oder bei sich selbst, dass es unterschiedliche sexuelle Orientierungen gibt\u201c, erkl\u00e4rt Klose. \u201eKinder und Jugendliche sollen in ihrer ganzen Pers\u00f6nlichkeit Wertsch\u00e4tzung und Anerkennung erfahren und in unseren Schulen diskriminierungsfrei aufwachsen k\u00f6nnen. Wir k\u00f6nnen Sch\u00fclerinnen und Sch\u00fcler nur dann vor Mobbing und auch vor Missbrauch sch\u00fctzen, wenn sie sich so akzeptiert f\u00fchlen, wie sie sind. Der neue Lehrplan entstand in diesem Geist einvernehmlich zwischen CDU und GR\u00dcNEN.\u201c<\/p>\n<p>Der Lehrplan im Wortlaut: <a href=\"https:\/\/kultusministerium.hessen.de\/sites\/default\/files\/media\/hkm\/lehrplan_sexualerziehung_formatiert_neu.pdf\">https:\/\/kultusministerium.hessen.de\/sites\/default\/files\/media\/hkm\/lehrplan_sexualerziehung_formatiert_neu.pdf<\/a><\/p>\n","protected":false},"excerpt":{"rendered":"<p>Unterricht soll Realit\u00e4t abbilden und Akzeptanz f\u00fcr alle vermitteln F\u00fcr die GR\u00dcNEN im Landtag ist der neue Lehrplan Sexualerziehung, der am 16. September in Kraft getreten ist, ein wichtiger Schritt f\u00fcr eine von Vielfalt und Akzeptanz gepr\u00e4gte Gesellschaft. \u201eDie Koalitionspartner CDU und GR\u00dcNE setzen auch im Lebensumfeld Schule das um, was sie im Koalitionsvertrag vereinbart [&hellip;]<\/p>\n","protected":false},"author":3,"featured_media":0,"parent":0,"menu_order":0,"comment_status":"closed","ping_status":"closed","template":"","meta":{"_acf_changed":false,"ngg_post_thumbnail":0,"footnotes":""},"class_list":["post-18744","page","type-page","status-publish","hentry"],"acf":[],"yoast_head":"<!-- This site is optimized with the Yoast SEO plugin v27.5 - https:\/\/yoast.com\/product\/yoast-seo-wordpress\/ -->\n<title>Lehrplan Sexualerziehung - Fraktion B\u00fcndnis 90\/Die Gr\u00fcnen im Hessischen Landtag<\/title>\n<meta name=\"robots\" content=\"index, follow, max-snippet:-1, max-image-preview:large, max-video-preview:-1\" \/>\n<link rel=\"canonical\" href=\"https:\/\/www.gruene-hessen.de\/landtag\/lehrplan-sexualerziehung\/\" \/>\n<meta property=\"og:locale\" content=\"de_DE\" \/>\n<meta property=\"og:type\" content=\"article\" \/>\n<meta property=\"og:title\" content=\"Lehrplan Sexualerziehung - Fraktion B\u00fcndnis 90\/Die Gr\u00fcnen im Hessischen Landtag\" \/>\n<meta property=\"og:description\" content=\"Unterricht soll Realit\u00e4t abbilden und Akzeptanz f\u00fcr alle vermitteln F\u00fcr die GR\u00dcNEN im Landtag ist der neue Lehrplan Sexualerziehung, der am 16. September in Kraft getreten ist, ein wichtiger Schritt f\u00fcr eine von Vielfalt und Akzeptanz gepr\u00e4gte Gesellschaft. \u201eDie Koalitionspartner CDU und GR\u00dcNE setzen auch im Lebensumfeld Schule das um, was sie im Koalitionsvertrag vereinbart [&hellip;]\" \/>\n<meta property=\"og:url\" content=\"https:\/\/www.gruene-hessen.de\/landtag\/lehrplan-sexualerziehung\/\" \/>\n<meta property=\"og:site_name\" content=\"Fraktion B\u00fcndnis 90\/Die Gr\u00fcnen im Hessischen Landtag\" \/>\n<meta property=\"article:publisher\" content=\"https:\/\/www.facebook.com\/gruenehessen\" \/>\n<meta name=\"twitter:card\" content=\"summary_large_image\" \/>\n<meta name=\"twitter:site\" content=\"@gruenehessen\" \/>\n<meta name=\"twitter:label1\" content=\"Gesch\u00e4tzte Lesezeit\" \/>\n\t<meta name=\"twitter:data1\" content=\"1\u00a0Minute\" \/>\n<script type=\"application\/ld+json\" class=\"yoast-schema-graph\">{\"@context\":\"https:\\\/\\\/schema.org\",\"@graph\":[{\"@type\":\"WebPage\",\"@id\":\"https:\\\/\\\/www.gruene-hessen.de\\\/landtag\\\/lehrplan-sexualerziehung\\\/\",\"url\":\"https:\\\/\\\/www.gruene-hessen.de\\\/landtag\\\/lehrplan-sexualerziehung\\\/\",\"name\":\"Lehrplan Sexualerziehung - Fraktion B\u00fcndnis 90\\\/Die Gr\u00fcnen im Hessischen Landtag\",\"isPartOf\":{\"@id\":\"https:\\\/\\\/www.gruene-hessen.de\\\/landtag\\\/#website\"},\"datePublished\":\"2016-09-27T12:14:35+00:00\",\"breadcrumb\":{\"@id\":\"https:\\\/\\\/www.gruene-hessen.de\\\/landtag\\\/lehrplan-sexualerziehung\\\/#breadcrumb\"},\"inLanguage\":\"de\",\"potentialAction\":[{\"@type\":\"ReadAction\",\"target\":[\"https:\\\/\\\/www.gruene-hessen.de\\\/landtag\\\/lehrplan-sexualerziehung\\\/\"]}]},{\"@type\":\"BreadcrumbList\",\"@id\":\"https:\\\/\\\/www.gruene-hessen.de\\\/landtag\\\/lehrplan-sexualerziehung\\\/#breadcrumb\",\"itemListElement\":[{\"@type\":\"ListItem\",\"position\":1,\"name\":\"Startseite\",\"item\":\"https:\\\/\\\/www.gruene-hessen.de\\\/landtag\\\/\"},{\"@type\":\"ListItem\",\"position\":2,\"name\":\"Lehrplan Sexualerziehung\"}]},{\"@type\":\"WebSite\",\"@id\":\"https:\\\/\\\/www.gruene-hessen.de\\\/landtag\\\/#website\",\"url\":\"https:\\\/\\\/www.gruene-hessen.de\\\/landtag\\\/\",\"name\":\"Fraktion B\u00fcndnis 90\\\/Die Gr\u00fcnen im Hessischen Landtag\",\"description\":\"\",\"publisher\":{\"@id\":\"https:\\\/\\\/www.gruene-hessen.de\\\/landtag\\\/#organization\"},\"potentialAction\":[{\"@type\":\"SearchAction\",\"target\":{\"@type\":\"EntryPoint\",\"urlTemplate\":\"https:\\\/\\\/www.gruene-hessen.de\\\/landtag\\\/?s={search_term_string}\"},\"query-input\":{\"@type\":\"PropertyValueSpecification\",\"valueRequired\":true,\"valueName\":\"search_term_string\"}}],\"inLanguage\":\"de\"},{\"@type\":\"Organization\",\"@id\":\"https:\\\/\\\/www.gruene-hessen.de\\\/landtag\\\/#organization\",\"name\":\"Fraktion B\u00fcndnis 90\\\/Die Gr\u00fcnen im Hessischen Landtag\",\"url\":\"https:\\\/\\\/www.gruene-hessen.de\\\/landtag\\\/\",\"logo\":{\"@type\":\"ImageObject\",\"inLanguage\":\"de\",\"@id\":\"https:\\\/\\\/www.gruene-hessen.de\\\/landtag\\\/#\\\/schema\\\/logo\\\/image\\\/\",\"url\":\"https:\\\/\\\/www.gruene-hessen.de\\\/landtag\\\/files\\\/2023\\\/03\\\/Logo-LTF-Hessen-weiss-gruen-Pfade.png\",\"contentUrl\":\"https:\\\/\\\/www.gruene-hessen.de\\\/landtag\\\/files\\\/2023\\\/03\\\/Logo-LTF-Hessen-weiss-gruen-Pfade.png\",\"width\":1632,\"height\":1000,\"caption\":\"Fraktion B\u00fcndnis 90\\\/Die Gr\u00fcnen im Hessischen Landtag\"},\"image\":{\"@id\":\"https:\\\/\\\/www.gruene-hessen.de\\\/landtag\\\/#\\\/schema\\\/logo\\\/image\\\/\"},\"sameAs\":[\"https:\\\/\\\/www.facebook.com\\\/gruenehessen\",\"https:\\\/\\\/x.com\\\/gruenehessen\",\"https:\\\/\\\/www.instagram.com\\\/gruenehessen\\\/\"]}]}<\/script>\n<!-- \/ Yoast SEO plugin. -->","yoast_head_json":{"title":"Lehrplan Sexualerziehung - Fraktion B\u00fcndnis 90\/Die Gr\u00fcnen im Hessischen Landtag","robots":{"index":"index","follow":"follow","max-snippet":"max-snippet:-1","max-image-preview":"max-image-preview:large","max-video-preview":"max-video-preview:-1"},"canonical":"https:\/\/www.gruene-hessen.de\/landtag\/lehrplan-sexualerziehung\/","og_locale":"de_DE","og_type":"article","og_title":"Lehrplan Sexualerziehung - Fraktion B\u00fcndnis 90\/Die Gr\u00fcnen im Hessischen Landtag","og_description":"Unterricht soll Realit\u00e4t abbilden und Akzeptanz f\u00fcr alle vermitteln F\u00fcr die GR\u00dcNEN im Landtag ist der neue Lehrplan Sexualerziehung, der am 16. September in Kraft getreten ist, ein wichtiger Schritt f\u00fcr eine von Vielfalt und Akzeptanz gepr\u00e4gte Gesellschaft. \u201eDie Koalitionspartner CDU und GR\u00dcNE setzen auch im Lebensumfeld Schule das um, was sie im Koalitionsvertrag vereinbart [&hellip;]","og_url":"https:\/\/www.gruene-hessen.de\/landtag\/lehrplan-sexualerziehung\/","og_site_name":"Fraktion B\u00fcndnis 90\/Die Gr\u00fcnen im Hessischen Landtag","article_publisher":"https:\/\/www.facebook.com\/gruenehessen","twitter_card":"summary_large_image","twitter_site":"@gruenehessen","twitter_misc":{"Gesch\u00e4tzte Lesezeit":"1\u00a0Minute"},"schema":{"@context":"https:\/\/schema.org","@graph":[{"@type":"WebPage","@id":"https:\/\/www.gruene-hessen.de\/landtag\/lehrplan-sexualerziehung\/","url":"https:\/\/www.gruene-hessen.de\/landtag\/lehrplan-sexualerziehung\/","name":"Lehrplan Sexualerziehung - Fraktion B\u00fcndnis 90\/Die Gr\u00fcnen im Hessischen Landtag","isPartOf":{"@id":"https:\/\/www.gruene-hessen.de\/landtag\/#website"},"datePublished":"2016-09-27T12:14:35+00:00","breadcrumb":{"@id":"https:\/\/www.gruene-hessen.de\/landtag\/lehrplan-sexualerziehung\/#breadcrumb"},"inLanguage":"de","potentialAction":[{"@type":"ReadAction","target":["https:\/\/www.gruene-hessen.de\/landtag\/lehrplan-sexualerziehung\/"]}]},{"@type":"BreadcrumbList","@id":"https:\/\/www.gruene-hessen.de\/landtag\/lehrplan-sexualerziehung\/#breadcrumb","itemListElement":[{"@type":"ListItem","position":1,"name":"Startseite","item":"https:\/\/www.gruene-hessen.de\/landtag\/"},{"@type":"ListItem","position":2,"name":"Lehrplan Sexualerziehung"}]},{"@type":"WebSite","@id":"https:\/\/www.gruene-hessen.de\/landtag\/#website","url":"https:\/\/www.gruene-hessen.de\/landtag\/","name":"Fraktion B\u00fcndnis 90\/Die Gr\u00fcnen im Hessischen Landtag","description":"","publisher":{"@id":"https:\/\/www.gruene-hessen.de\/landtag\/#organization"},"potentialAction":[{"@type":"SearchAction","target":{"@type":"EntryPoint","urlTemplate":"https:\/\/www.gruene-hessen.de\/landtag\/?s={search_term_string}"},"query-input":{"@type":"PropertyValueSpecification","valueRequired":true,"valueName":"search_term_string"}}],"inLanguage":"de"},{"@type":"Organization","@id":"https:\/\/www.gruene-hessen.de\/landtag\/#organization","name":"Fraktion B\u00fcndnis 90\/Die Gr\u00fcnen im Hessischen Landtag","url":"https:\/\/www.gruene-hessen.de\/landtag\/","logo":{"@type":"ImageObject","inLanguage":"de","@id":"https:\/\/www.gruene-hessen.de\/landtag\/#\/schema\/logo\/image\/","url":"https:\/\/www.gruene-hessen.de\/landtag\/files\/2023\/03\/Logo-LTF-Hessen-weiss-gruen-Pfade.png","contentUrl":"https:\/\/www.gruene-hessen.de\/landtag\/files\/2023\/03\/Logo-LTF-Hessen-weiss-gruen-Pfade.png","width":1632,"height":1000,"caption":"Fraktion B\u00fcndnis 90\/Die Gr\u00fcnen im Hessischen Landtag"},"image":{"@id":"https:\/\/www.gruene-hessen.de\/landtag\/#\/schema\/logo\/image\/"},"sameAs":["https:\/\/www.facebook.com\/gruenehessen","https:\/\/x.com\/gruenehessen","https:\/\/www.instagram.com\/gruenehessen\/"]}]}},"_links":{"self":[{"href":"https:\/\/www.gruene-hessen.de\/landtag\/wp-json\/wp\/v2\/pages\/18744","targetHints":{"allow":["GET"]}}],"collection":[{"href":"https:\/\/www.gruene-hessen.de\/landtag\/wp-json\/wp\/v2\/pages"}],"about":[{"href":"https:\/\/www.gruene-hessen.de\/landtag\/wp-json\/wp\/v2\/types\/page"}],"author":[{"embeddable":true,"href":"https:\/\/www.gruene-hessen.de\/landtag\/wp-json\/wp\/v2\/users\/3"}],"replies":[{"embeddable":true,"href":"https:\/\/www.gruene-hessen.de\/landtag\/wp-json\/wp\/v2\/comments?post=18744"}],"version-history":[{"count":0,"href":"https:\/\/www.gruene-hessen.de\/landtag\/wp-json\/wp\/v2\/pages\/18744\/revisions"}],"wp:attachment":[{"href":"https:\/\/www.gruene-hessen.de\/landtag\/wp-json\/wp\/v2\/media?parent=18744"}],"curies":[{"name":"wp","href":"https:\/\/api.w.org\/{rel}","templated":true}]}}