{"id":18416,"date":"2016-07-14T15:56:45","date_gmt":"2016-07-14T13:56:45","guid":{"rendered":"https:\/\/www.gruene-hessen.de\/landtag\/?page_id=18416"},"modified":"2016-07-14T15:56:45","modified_gmt":"2016-07-14T13:56:45","slug":"nahmobilitaet","status":"publish","type":"page","link":"https:\/\/www.gruene-hessen.de\/landtag\/lieblingsprojekte-zweieinhalb-jahren-schwarz-gruen\/nahmobilitaet\/","title":{"rendered":"#Nahmobilit\u00e4t"},"content":{"rendered":"<h2>Die AG Nahmobilit\u00e4t<\/h2>\n<p><strong><img loading=\"lazy\" decoding=\"async\" class=\"alignleft size-thumbnail wp-image-14491\" src=\"https:\/\/www.gruene-hessen.de\/landtag\/files\/2014\/07\/Karin-Mueller-150x150.jpg\" alt=\"Karin-Mueller\" width=\"150\" height=\"150\" srcset=\"https:\/\/www.gruene-hessen.de\/landtag\/wp-content\/blogs.dir\/2\/files\/2014\/07\/Karin-Mueller-150x150.jpg 150w, https:\/\/www.gruene-hessen.de\/landtag\/wp-content\/blogs.dir\/2\/files\/2014\/07\/Karin-Mueller-300x300.jpg 300w, https:\/\/www.gruene-hessen.de\/landtag\/wp-content\/blogs.dir\/2\/files\/2014\/07\/Karin-Mueller-1024x1024.jpg 1024w, https:\/\/www.gruene-hessen.de\/landtag\/wp-content\/blogs.dir\/2\/files\/2014\/07\/Karin-Mueller-160x160.jpg 160w, https:\/\/www.gruene-hessen.de\/landtag\/wp-content\/blogs.dir\/2\/files\/2014\/07\/Karin-Mueller.jpg 1600w\" sizes=\"auto, (max-width: 150px) 100vw, 150px\" \/>Warum die AG Nahmobilit\u00e4t f\u00fcr Karin M\u00fcller ein Herzensprojekt der schwarz-GR\u00dcNEN Koalition ist:<\/strong><\/p>\n<p>\u201eIch selbst bewege mich nur zu Fu\u00df, mit dem Rad und mit Bus und Bahn. Schon als Kind war ich aktiv im Radfahrverein, sp\u00e4ter dann in der Kasseler B\u00fcrgerinitiative zur F\u00f6rderung des Radverkehrs. Selbstverst\u00e4ndlich bin ich seit fast 25 Jahren Mitglied im Allgemeinen Deutschen Fahrrad-Club e.V. (ADFC) und seit einigen Jahren auch im Verkehrsclub Deutschland (VCD). Ich erlebe t\u00e4glich, wie vernachl\u00e4ssigt diese Bereiche des Nahverkehrs sind. Egal, ob es um vern\u00fcnftige Fahrradabstellpl\u00e4tze, gegenseitige R\u00fccksichtnahme oder gute Informationen \u00fcber die Nutzung von Bussen und Bahnen geht: Den besten Weg von A nach B zu finden, ohne auf das Auto angewiesen zu sein, wurde lange stiefm\u00fctterlich behandelt.<\/p>\n<h3>GR\u00dcNER Erfolg der ersten Halbzeit: AG Nahmobilit\u00e4t mit Konzepten f\u00fcr nachhaltigen Verkehr<\/h3>\n<p>Mit der im Fr\u00fchjahr 2016 gestarteten AG Nahmobilit\u00e4t geben wir Experten und Kommunalvertretern die M\u00f6glichkeit, ihre Ideen und Erfahrungen zu vernetzen und auszutauschen, damit der Fu\u00df- und Radverkehr in Hessen gest\u00e4rkt wird. Denn daf\u00fcr gibt es bereits viele schlaue Konzepte \u2013 man muss das Rad nicht jedes Mal neu erfinden. Andere L\u00e4nder haben bereits Arbeitsgemeinschaften f\u00fcr fahrradfreundliche St\u00e4dte. Deren Erfahrung konnten wir nutzen und haben das Thema Radfahren zus\u00e4tzlich um die Aspekte Zufu\u00dfgehen, Barrierefreiheit und integrierte Stadtplanung erweitert.<\/p>\n<h3>Lebensqualit\u00e4t in St\u00e4dten im Blick<\/h3>\n<p>Immer mehr Menschen wohnen in St\u00e4dten. Um das Leben dort lebenswert zu gestalten, m\u00fcssen sie nicht nur auf individuelle, motorisierte Mobilit\u00e4t setzen, sondern eine gute Infrastruktur f\u00fcr Nahmobilit\u00e4t ausbauen. Ebenso wichtig sind aber auch Kampagnen, um deren Vorz\u00fcge aufzuzeigen und um Verst\u00e4ndnis unter den Verkehrsteilnehmern zu werben. Im Kampf um Fl\u00e4chen im Verkehr d\u00fcrfen die Verkehrsteilnehmerinnen und Verkehrsteilnehmer, die zu Rad, zu Fu\u00df, in Bus und Bahn oder eben im Auto unterwegs sind, nicht gegeneinander ausgespielt werden. Deshalb widmet sich die AG Nahmobilit\u00e4t auch diesem Thema, um das Verst\u00e4ndnis der verschiedenen Gruppen untereinander zu f\u00f6rdern und Konflikten vorzubeugen.<\/p>\n<p style=\"text-align: right;\"><em>Karin M\u00fcller, verkehrspolitische Sprecherin der Fraktion B\u00dcNDNIS 90\/DIE GR\u00dcNEN<\/em><\/p>\n<p style=\"text-align: right;\"><img loading=\"lazy\" decoding=\"async\" class=\"aligncenter size-full wp-image-18417\" src=\"https:\/\/www.gruene-hessen.de\/landtag\/files\/2016\/07\/Karin-Nahmobilit\u00e4t-0-00-16-12.jpg\" alt=\"Karin M\u00fcller - Nahmobilit\u00e4t\" width=\"960\" height=\"540\" srcset=\"https:\/\/www.gruene-hessen.de\/landtag\/wp-content\/blogs.dir\/2\/files\/2016\/07\/Karin-Nahmobilit\u00e4t-0-00-16-12.jpg 960w, https:\/\/www.gruene-hessen.de\/landtag\/wp-content\/blogs.dir\/2\/files\/2016\/07\/Karin-Nahmobilit\u00e4t-0-00-16-12-300x169.jpg 300w, https:\/\/www.gruene-hessen.de\/landtag\/wp-content\/blogs.dir\/2\/files\/2016\/07\/Karin-Nahmobilit\u00e4t-0-00-16-12-768x432.jpg 768w, https:\/\/www.gruene-hessen.de\/landtag\/wp-content\/blogs.dir\/2\/files\/2016\/07\/Karin-Nahmobilit\u00e4t-0-00-16-12-160x90.jpg 160w, https:\/\/www.gruene-hessen.de\/landtag\/wp-content\/blogs.dir\/2\/files\/2016\/07\/Karin-Nahmobilit\u00e4t-0-00-16-12-391x220.jpg 391w\" sizes=\"auto, (max-width: 960px) 100vw, 960px\" \/><\/p>\n","protected":false},"excerpt":{"rendered":"<p>Die AG Nahmobilit\u00e4t Warum die AG Nahmobilit\u00e4t f\u00fcr Karin M\u00fcller ein Herzensprojekt der schwarz-GR\u00dcNEN Koalition ist: \u201eIch selbst bewege mich nur zu Fu\u00df, mit dem Rad und mit Bus und Bahn. Schon als Kind war ich aktiv im Radfahrverein, sp\u00e4ter dann in der Kasseler B\u00fcrgerinitiative zur F\u00f6rderung des Radverkehrs. Selbstverst\u00e4ndlich bin ich seit fast 25 [&hellip;]<\/p>\n","protected":false},"author":3,"featured_media":0,"parent":18190,"menu_order":0,"comment_status":"closed","ping_status":"closed","template":"","meta":{"_acf_changed":false,"ngg_post_thumbnail":0,"footnotes":""},"class_list":["post-18416","page","type-page","status-publish","hentry"],"acf":[],"yoast_head":"<!-- This site is optimized with the Yoast SEO plugin v27.4 - https:\/\/yoast.com\/product\/yoast-seo-wordpress\/ -->\n<title>#Nahmobilit\u00e4t - Fraktion B\u00fcndnis 90\/Die Gr\u00fcnen im Hessischen Landtag<\/title>\n<meta name=\"robots\" content=\"index, follow, max-snippet:-1, max-image-preview:large, max-video-preview:-1\" \/>\n<link rel=\"canonical\" href=\"https:\/\/www.gruene-hessen.de\/landtag\/lieblingsprojekte-zweieinhalb-jahren-schwarz-gruen\/nahmobilitaet\/\" \/>\n<meta property=\"og:locale\" content=\"de_DE\" \/>\n<meta property=\"og:type\" content=\"article\" \/>\n<meta property=\"og:title\" content=\"#Nahmobilit\u00e4t - Fraktion B\u00fcndnis 90\/Die Gr\u00fcnen im Hessischen Landtag\" \/>\n<meta property=\"og:description\" content=\"Die AG Nahmobilit\u00e4t Warum die AG Nahmobilit\u00e4t f\u00fcr Karin M\u00fcller ein Herzensprojekt der schwarz-GR\u00dcNEN Koalition ist: \u201eIch selbst bewege mich nur zu Fu\u00df, mit dem Rad und mit Bus und Bahn. Schon als Kind war ich aktiv im Radfahrverein, sp\u00e4ter dann in der Kasseler B\u00fcrgerinitiative zur F\u00f6rderung des Radverkehrs. Selbstverst\u00e4ndlich bin ich seit fast 25 [&hellip;]\" \/>\n<meta property=\"og:url\" content=\"https:\/\/www.gruene-hessen.de\/landtag\/lieblingsprojekte-zweieinhalb-jahren-schwarz-gruen\/nahmobilitaet\/\" \/>\n<meta property=\"og:site_name\" content=\"Fraktion B\u00fcndnis 90\/Die Gr\u00fcnen im Hessischen Landtag\" \/>\n<meta property=\"article:publisher\" content=\"https:\/\/www.facebook.com\/gruenehessen\" \/>\n<meta property=\"og:image\" content=\"https:\/\/www.gruene-hessen.de\/landtag\/files\/2014\/07\/Karin-Mueller-150x150.jpg\" \/>\n<meta name=\"twitter:card\" content=\"summary_large_image\" \/>\n<meta name=\"twitter:site\" content=\"@gruenehessen\" \/>\n<meta name=\"twitter:label1\" content=\"Gesch\u00e4tzte Lesezeit\" \/>\n\t<meta name=\"twitter:data1\" content=\"2\u00a0Minuten\" \/>\n<script type=\"application\/ld+json\" class=\"yoast-schema-graph\">{\"@context\":\"https:\\\/\\\/schema.org\",\"@graph\":[{\"@type\":\"WebPage\",\"@id\":\"https:\\\/\\\/www.gruene-hessen.de\\\/landtag\\\/lieblingsprojekte-zweieinhalb-jahren-schwarz-gruen\\\/nahmobilitaet\\\/\",\"url\":\"https:\\\/\\\/www.gruene-hessen.de\\\/landtag\\\/lieblingsprojekte-zweieinhalb-jahren-schwarz-gruen\\\/nahmobilitaet\\\/\",\"name\":\"#Nahmobilit\u00e4t - Fraktion B\u00fcndnis 90\\\/Die Gr\u00fcnen im Hessischen Landtag\",\"isPartOf\":{\"@id\":\"https:\\\/\\\/www.gruene-hessen.de\\\/landtag\\\/#website\"},\"primaryImageOfPage\":{\"@id\":\"https:\\\/\\\/www.gruene-hessen.de\\\/landtag\\\/lieblingsprojekte-zweieinhalb-jahren-schwarz-gruen\\\/nahmobilitaet\\\/#primaryimage\"},\"image\":{\"@id\":\"https:\\\/\\\/www.gruene-hessen.de\\\/landtag\\\/lieblingsprojekte-zweieinhalb-jahren-schwarz-gruen\\\/nahmobilitaet\\\/#primaryimage\"},\"thumbnailUrl\":\"https:\\\/\\\/www.gruene-hessen.de\\\/landtag\\\/files\\\/2014\\\/07\\\/Karin-Mueller-150x150.jpg\",\"datePublished\":\"2016-07-14T13:56:45+00:00\",\"breadcrumb\":{\"@id\":\"https:\\\/\\\/www.gruene-hessen.de\\\/landtag\\\/lieblingsprojekte-zweieinhalb-jahren-schwarz-gruen\\\/nahmobilitaet\\\/#breadcrumb\"},\"inLanguage\":\"de\",\"potentialAction\":[{\"@type\":\"ReadAction\",\"target\":[\"https:\\\/\\\/www.gruene-hessen.de\\\/landtag\\\/lieblingsprojekte-zweieinhalb-jahren-schwarz-gruen\\\/nahmobilitaet\\\/\"]}]},{\"@type\":\"ImageObject\",\"inLanguage\":\"de\",\"@id\":\"https:\\\/\\\/www.gruene-hessen.de\\\/landtag\\\/lieblingsprojekte-zweieinhalb-jahren-schwarz-gruen\\\/nahmobilitaet\\\/#primaryimage\",\"url\":\"https:\\\/\\\/www.gruene-hessen.de\\\/landtag\\\/wp-content\\\/blogs.dir\\\/2\\\/files\\\/2014\\\/07\\\/Karin-Mueller.jpg\",\"contentUrl\":\"https:\\\/\\\/www.gruene-hessen.de\\\/landtag\\\/wp-content\\\/blogs.dir\\\/2\\\/files\\\/2014\\\/07\\\/Karin-Mueller.jpg\",\"width\":1600,\"height\":1600},{\"@type\":\"BreadcrumbList\",\"@id\":\"https:\\\/\\\/www.gruene-hessen.de\\\/landtag\\\/lieblingsprojekte-zweieinhalb-jahren-schwarz-gruen\\\/nahmobilitaet\\\/#breadcrumb\",\"itemListElement\":[{\"@type\":\"ListItem\",\"position\":1,\"name\":\"Startseite\",\"item\":\"https:\\\/\\\/www.gruene-hessen.de\\\/landtag\\\/\"},{\"@type\":\"ListItem\",\"position\":2,\"name\":\"Lieblingsprojekte aus zweieinhalb Jahren schwarz-gr\u00fcn\",\"item\":\"https:\\\/\\\/www.gruene-hessen.de\\\/landtag\\\/lieblingsprojekte-zweieinhalb-jahren-schwarz-gruen\\\/\"},{\"@type\":\"ListItem\",\"position\":3,\"name\":\"#Nahmobilit\u00e4t\"}]},{\"@type\":\"WebSite\",\"@id\":\"https:\\\/\\\/www.gruene-hessen.de\\\/landtag\\\/#website\",\"url\":\"https:\\\/\\\/www.gruene-hessen.de\\\/landtag\\\/\",\"name\":\"Fraktion B\u00fcndnis 90\\\/Die Gr\u00fcnen im Hessischen Landtag\",\"description\":\"\",\"publisher\":{\"@id\":\"https:\\\/\\\/www.gruene-hessen.de\\\/landtag\\\/#organization\"},\"potentialAction\":[{\"@type\":\"SearchAction\",\"target\":{\"@type\":\"EntryPoint\",\"urlTemplate\":\"https:\\\/\\\/www.gruene-hessen.de\\\/landtag\\\/?s={search_term_string}\"},\"query-input\":{\"@type\":\"PropertyValueSpecification\",\"valueRequired\":true,\"valueName\":\"search_term_string\"}}],\"inLanguage\":\"de\"},{\"@type\":\"Organization\",\"@id\":\"https:\\\/\\\/www.gruene-hessen.de\\\/landtag\\\/#organization\",\"name\":\"Fraktion B\u00fcndnis 90\\\/Die Gr\u00fcnen im Hessischen Landtag\",\"url\":\"https:\\\/\\\/www.gruene-hessen.de\\\/landtag\\\/\",\"logo\":{\"@type\":\"ImageObject\",\"inLanguage\":\"de\",\"@id\":\"https:\\\/\\\/www.gruene-hessen.de\\\/landtag\\\/#\\\/schema\\\/logo\\\/image\\\/\",\"url\":\"https:\\\/\\\/www.gruene-hessen.de\\\/landtag\\\/files\\\/2023\\\/03\\\/Logo-LTF-Hessen-weiss-gruen-Pfade.png\",\"contentUrl\":\"https:\\\/\\\/www.gruene-hessen.de\\\/landtag\\\/files\\\/2023\\\/03\\\/Logo-LTF-Hessen-weiss-gruen-Pfade.png\",\"width\":1632,\"height\":1000,\"caption\":\"Fraktion B\u00fcndnis 90\\\/Die Gr\u00fcnen im Hessischen Landtag\"},\"image\":{\"@id\":\"https:\\\/\\\/www.gruene-hessen.de\\\/landtag\\\/#\\\/schema\\\/logo\\\/image\\\/\"},\"sameAs\":[\"https:\\\/\\\/www.facebook.com\\\/gruenehessen\",\"https:\\\/\\\/x.com\\\/gruenehessen\",\"https:\\\/\\\/www.instagram.com\\\/gruenehessen\\\/\"]}]}<\/script>\n<!-- \/ Yoast SEO plugin. -->","yoast_head_json":{"title":"#Nahmobilit\u00e4t - Fraktion B\u00fcndnis 90\/Die Gr\u00fcnen im Hessischen Landtag","robots":{"index":"index","follow":"follow","max-snippet":"max-snippet:-1","max-image-preview":"max-image-preview:large","max-video-preview":"max-video-preview:-1"},"canonical":"https:\/\/www.gruene-hessen.de\/landtag\/lieblingsprojekte-zweieinhalb-jahren-schwarz-gruen\/nahmobilitaet\/","og_locale":"de_DE","og_type":"article","og_title":"#Nahmobilit\u00e4t - Fraktion B\u00fcndnis 90\/Die Gr\u00fcnen im Hessischen Landtag","og_description":"Die AG Nahmobilit\u00e4t Warum die AG Nahmobilit\u00e4t f\u00fcr Karin M\u00fcller ein Herzensprojekt der schwarz-GR\u00dcNEN Koalition ist: \u201eIch selbst bewege mich nur zu Fu\u00df, mit dem Rad und mit Bus und Bahn. Schon als Kind war ich aktiv im Radfahrverein, sp\u00e4ter dann in der Kasseler B\u00fcrgerinitiative zur F\u00f6rderung des Radverkehrs. Selbstverst\u00e4ndlich bin ich seit fast 25 [&hellip;]","og_url":"https:\/\/www.gruene-hessen.de\/landtag\/lieblingsprojekte-zweieinhalb-jahren-schwarz-gruen\/nahmobilitaet\/","og_site_name":"Fraktion B\u00fcndnis 90\/Die Gr\u00fcnen im Hessischen Landtag","article_publisher":"https:\/\/www.facebook.com\/gruenehessen","og_image":[{"url":"https:\/\/www.gruene-hessen.de\/landtag\/files\/2014\/07\/Karin-Mueller-150x150.jpg","type":"","width":"","height":""}],"twitter_card":"summary_large_image","twitter_site":"@gruenehessen","twitter_misc":{"Gesch\u00e4tzte Lesezeit":"2\u00a0Minuten"},"schema":{"@context":"https:\/\/schema.org","@graph":[{"@type":"WebPage","@id":"https:\/\/www.gruene-hessen.de\/landtag\/lieblingsprojekte-zweieinhalb-jahren-schwarz-gruen\/nahmobilitaet\/","url":"https:\/\/www.gruene-hessen.de\/landtag\/lieblingsprojekte-zweieinhalb-jahren-schwarz-gruen\/nahmobilitaet\/","name":"#Nahmobilit\u00e4t - Fraktion B\u00fcndnis 90\/Die Gr\u00fcnen im Hessischen Landtag","isPartOf":{"@id":"https:\/\/www.gruene-hessen.de\/landtag\/#website"},"primaryImageOfPage":{"@id":"https:\/\/www.gruene-hessen.de\/landtag\/lieblingsprojekte-zweieinhalb-jahren-schwarz-gruen\/nahmobilitaet\/#primaryimage"},"image":{"@id":"https:\/\/www.gruene-hessen.de\/landtag\/lieblingsprojekte-zweieinhalb-jahren-schwarz-gruen\/nahmobilitaet\/#primaryimage"},"thumbnailUrl":"https:\/\/www.gruene-hessen.de\/landtag\/files\/2014\/07\/Karin-Mueller-150x150.jpg","datePublished":"2016-07-14T13:56:45+00:00","breadcrumb":{"@id":"https:\/\/www.gruene-hessen.de\/landtag\/lieblingsprojekte-zweieinhalb-jahren-schwarz-gruen\/nahmobilitaet\/#breadcrumb"},"inLanguage":"de","potentialAction":[{"@type":"ReadAction","target":["https:\/\/www.gruene-hessen.de\/landtag\/lieblingsprojekte-zweieinhalb-jahren-schwarz-gruen\/nahmobilitaet\/"]}]},{"@type":"ImageObject","inLanguage":"de","@id":"https:\/\/www.gruene-hessen.de\/landtag\/lieblingsprojekte-zweieinhalb-jahren-schwarz-gruen\/nahmobilitaet\/#primaryimage","url":"https:\/\/www.gruene-hessen.de\/landtag\/wp-content\/blogs.dir\/2\/files\/2014\/07\/Karin-Mueller.jpg","contentUrl":"https:\/\/www.gruene-hessen.de\/landtag\/wp-content\/blogs.dir\/2\/files\/2014\/07\/Karin-Mueller.jpg","width":1600,"height":1600},{"@type":"BreadcrumbList","@id":"https:\/\/www.gruene-hessen.de\/landtag\/lieblingsprojekte-zweieinhalb-jahren-schwarz-gruen\/nahmobilitaet\/#breadcrumb","itemListElement":[{"@type":"ListItem","position":1,"name":"Startseite","item":"https:\/\/www.gruene-hessen.de\/landtag\/"},{"@type":"ListItem","position":2,"name":"Lieblingsprojekte aus zweieinhalb Jahren schwarz-gr\u00fcn","item":"https:\/\/www.gruene-hessen.de\/landtag\/lieblingsprojekte-zweieinhalb-jahren-schwarz-gruen\/"},{"@type":"ListItem","position":3,"name":"#Nahmobilit\u00e4t"}]},{"@type":"WebSite","@id":"https:\/\/www.gruene-hessen.de\/landtag\/#website","url":"https:\/\/www.gruene-hessen.de\/landtag\/","name":"Fraktion B\u00fcndnis 90\/Die Gr\u00fcnen im Hessischen Landtag","description":"","publisher":{"@id":"https:\/\/www.gruene-hessen.de\/landtag\/#organization"},"potentialAction":[{"@type":"SearchAction","target":{"@type":"EntryPoint","urlTemplate":"https:\/\/www.gruene-hessen.de\/landtag\/?s={search_term_string}"},"query-input":{"@type":"PropertyValueSpecification","valueRequired":true,"valueName":"search_term_string"}}],"inLanguage":"de"},{"@type":"Organization","@id":"https:\/\/www.gruene-hessen.de\/landtag\/#organization","name":"Fraktion B\u00fcndnis 90\/Die Gr\u00fcnen im Hessischen Landtag","url":"https:\/\/www.gruene-hessen.de\/landtag\/","logo":{"@type":"ImageObject","inLanguage":"de","@id":"https:\/\/www.gruene-hessen.de\/landtag\/#\/schema\/logo\/image\/","url":"https:\/\/www.gruene-hessen.de\/landtag\/files\/2023\/03\/Logo-LTF-Hessen-weiss-gruen-Pfade.png","contentUrl":"https:\/\/www.gruene-hessen.de\/landtag\/files\/2023\/03\/Logo-LTF-Hessen-weiss-gruen-Pfade.png","width":1632,"height":1000,"caption":"Fraktion B\u00fcndnis 90\/Die Gr\u00fcnen im Hessischen Landtag"},"image":{"@id":"https:\/\/www.gruene-hessen.de\/landtag\/#\/schema\/logo\/image\/"},"sameAs":["https:\/\/www.facebook.com\/gruenehessen","https:\/\/x.com\/gruenehessen","https:\/\/www.instagram.com\/gruenehessen\/"]}]}},"_links":{"self":[{"href":"https:\/\/www.gruene-hessen.de\/landtag\/wp-json\/wp\/v2\/pages\/18416","targetHints":{"allow":["GET"]}}],"collection":[{"href":"https:\/\/www.gruene-hessen.de\/landtag\/wp-json\/wp\/v2\/pages"}],"about":[{"href":"https:\/\/www.gruene-hessen.de\/landtag\/wp-json\/wp\/v2\/types\/page"}],"author":[{"embeddable":true,"href":"https:\/\/www.gruene-hessen.de\/landtag\/wp-json\/wp\/v2\/users\/3"}],"replies":[{"embeddable":true,"href":"https:\/\/www.gruene-hessen.de\/landtag\/wp-json\/wp\/v2\/comments?post=18416"}],"version-history":[{"count":0,"href":"https:\/\/www.gruene-hessen.de\/landtag\/wp-json\/wp\/v2\/pages\/18416\/revisions"}],"up":[{"embeddable":true,"href":"https:\/\/www.gruene-hessen.de\/landtag\/wp-json\/wp\/v2\/pages\/18190"}],"wp:attachment":[{"href":"https:\/\/www.gruene-hessen.de\/landtag\/wp-json\/wp\/v2\/media?parent=18416"}],"curies":[{"name":"wp","href":"https:\/\/api.w.org\/{rel}","templated":true}]}}