{"id":17359,"date":"2016-01-21T15:13:53","date_gmt":"2016-01-21T14:13:53","guid":{"rendered":"https:\/\/www.gruene-hessen.de\/landtag\/?page_id=17359"},"modified":"2016-01-21T15:19:34","modified_gmt":"2016-01-21T14:19:34","slug":"neue-wege-in-der-oepnv-finanzierung","status":"publish","type":"page","link":"https:\/\/www.gruene-hessen.de\/landtag\/neue-wege-in-der-oepnv-finanzierung\/","title":{"rendered":"Neue Wege in der \u00d6PNV Finanzierung"},"content":{"rendered":"<p>Die Finanzierung des \u00f6ffentlichen Nahverkehrs ist eine dauerhaft komplizierte Angelegenheit. Um die Regionalisierungsmittel, die der Bund an die L\u00e4nder zahlen muss, und um ihre Verteilung gibt es immer wieder Streit. Die Mittel nach dem Gemeindeverkehrsfi nanzierungsgesetz konnten zwar \u00fcber 2019 hinaus verl\u00e4ngert werden, die Zukunft der Entfl echtungsmittel, die f\u00fcr den \u00d6PNV in den Kommunen enorm wichtig sind, ist jedoch ungewiss. Dadurch sind nicht nur die Finanzierung des laufenden Betriebs, sondern auch Investitionen in die Verkehrsinfrastruktur gef\u00e4hrdet. Hinzu kommt, dass die Trassenpreise und Energiekosten weiter steigen. In dieser angespannten Situation m\u00fcssen wir \u00fcber neue Wege bei der Finanzierung des \u00d6PNV nachdenken.<\/p>\n<p>Eine vielversprechende M\u00f6glichkeit ist es, Nutznie\u00dfer an den Kosten f\u00fcr Ausbau und Erhalt des Nahverkehrs zu beteiligen. Von einer guten Verkehrsanbindung profi tieren nicht nur die \u00d6PNV-Nutzer selbst, sondern auch Immobilienbesitzer, Haushalte und Unternehmen. Eine verkehrsg\u00fcnstige Lage und eine gute Erreichbarkeit wirken sich beispielsweise positiv auf die Grundst\u00fcckspreise und die Attraktivit\u00e4t des Arbeitgebers aus. Besonders im Ausland gibt es gute Beispiele daf\u00fcr, wie diese Nutznie\u00dfer an der Finanzierung des \u00d6PNV beteiligt werden. Doch wie k\u00f6nnte ein solches Modell f\u00fcr Deutschland, f\u00fcr Hessen aussehen? Gemeinsam mit Expertinnen und Experten aus Wirtschaft, Wissenschaft und Verwaltung wollen wir genau dar\u00fcber diskutieren.<\/p>\n<p><a href=\"https:\/\/www.gruene-hessen.de\/landtag\/files\/2016\/01\/Einladung-\u00d6PNV-Finanzierung-kl.pdf\">Einladung als pdf <\/a><\/p>\n<p>&nbsp;<\/p>\n<h3>Vortr\u00e4ge:<\/h3>\n<ul>\n<li><a href=\"https:\/\/www.gruene-hessen.de\/landtag\/files\/2016\/01\/Impulsreferat_Gies.pdf\">Impulsvortrag Dr. J\u00fcrgen Gies: &#8222;Nutznie\u00dferfinanzierung: Definition-Argumente-Umsetzung&#8220;<\/a><\/li>\n<li><a href=\"https:\/\/www.gruene-hessen.de\/landtag\/files\/2016\/01\/Vortrag-Lindner.pdf\">Impulsvortrag Peter Lindner: &#8222;Beteiligung der Nutznie\u00dfer des \u00d6PNV an dessen Finanzierung?&#8220;<\/a><\/li>\n<\/ul>\n\n\t\t<style type=\"text\/css\">\n\t\t\t#gallery-1 {\n\t\t\t\tmargin: auto;\n\t\t\t}\n\t\t\t#gallery-1 .gallery-item {\n\t\t\t\tfloat: left;\n\t\t\t\tmargin-top: 10px;\n\t\t\t\ttext-align: center;\n\t\t\t\twidth: 33%;\n\t\t\t}\n\t\t\t#gallery-1 img {\n\t\t\t\tborder: 2px solid #cfcfcf;\n\t\t\t}\n\t\t\t#gallery-1 .gallery-caption {\n\t\t\t\tmargin-left: 0;\n\t\t\t}\n\t\t\t\/* see gallery_shortcode() in wp-includes\/media.php *\/\n\t\t<\/style>\n\t\t<div id='gallery-1' class='gallery galleryid-17359 gallery-columns-3 gallery-size-thumbnail'><dl class='gallery-item'>\n\t\t\t<dt class='gallery-icon landscape'>\n\t\t\t\t<a href='https:\/\/www.gruene-hessen.de\/landtag\/wp-content\/blogs.dir\/2\/files\/2016\/01\/VA-\u00d6PNV-3001.jpg'><img loading=\"lazy\" decoding=\"async\" width=\"150\" height=\"150\" src=\"https:\/\/www.gruene-hessen.de\/landtag\/wp-content\/blogs.dir\/2\/files\/2016\/01\/VA-\u00d6PNV-3001-150x150.jpg\" class=\"attachment-thumbnail size-thumbnail\" alt=\"Mathias Wagner, Fraktionsvorsitzender\" aria-describedby=\"gallery-1-17368\" srcset=\"https:\/\/www.gruene-hessen.de\/landtag\/wp-content\/blogs.dir\/2\/files\/2016\/01\/VA-\u00d6PNV-3001-150x150.jpg 150w, https:\/\/www.gruene-hessen.de\/landtag\/wp-content\/blogs.dir\/2\/files\/2016\/01\/VA-\u00d6PNV-3001-170x170.jpg 170w, https:\/\/www.gruene-hessen.de\/landtag\/wp-content\/blogs.dir\/2\/files\/2016\/01\/VA-\u00d6PNV-3001-35x35.jpg 35w\" sizes=\"auto, (max-width: 150px) 100vw, 150px\" \/><\/a>\n\t\t\t<\/dt>\n\t\t\t\t<dd class='wp-caption-text gallery-caption' id='gallery-1-17368'>\n\t\t\t\tMathias Wagner, Fraktionsvorsitzender\n\t\t\t\t<\/dd><\/dl><dl class='gallery-item'>\n\t\t\t<dt class='gallery-icon landscape'>\n\t\t\t\t<a href='https:\/\/www.gruene-hessen.de\/landtag\/wp-content\/blogs.dir\/2\/files\/2016\/01\/VA-\u00d6PNV-3000.jpg'><img loading=\"lazy\" decoding=\"async\" width=\"150\" height=\"150\" src=\"https:\/\/www.gruene-hessen.de\/landtag\/wp-content\/blogs.dir\/2\/files\/2016\/01\/VA-\u00d6PNV-3000-150x150.jpg\" class=\"attachment-thumbnail size-thumbnail\" alt=\"Podium: Von Links Dr. J\u00fcrgen Gies, Gerda Weigel-Greilich, Peter Lindner und Karin M\u00fcller.\" aria-describedby=\"gallery-1-17367\" srcset=\"https:\/\/www.gruene-hessen.de\/landtag\/wp-content\/blogs.dir\/2\/files\/2016\/01\/VA-\u00d6PNV-3000-150x150.jpg 150w, https:\/\/www.gruene-hessen.de\/landtag\/wp-content\/blogs.dir\/2\/files\/2016\/01\/VA-\u00d6PNV-3000-170x170.jpg 170w, https:\/\/www.gruene-hessen.de\/landtag\/wp-content\/blogs.dir\/2\/files\/2016\/01\/VA-\u00d6PNV-3000-35x35.jpg 35w\" sizes=\"auto, (max-width: 150px) 100vw, 150px\" \/><\/a>\n\t\t\t<\/dt>\n\t\t\t\t<dd class='wp-caption-text gallery-caption' id='gallery-1-17367'>\n\t\t\t\tPodium: Von Links Dr. J\u00fcrgen Gies, Gerda Weigel-Greilich, Peter Lindner und Karin M\u00fcller.\n\t\t\t\t<\/dd><\/dl><dl class='gallery-item'>\n\t\t\t<dt class='gallery-icon landscape'>\n\t\t\t\t<a href='https:\/\/www.gruene-hessen.de\/landtag\/wp-content\/blogs.dir\/2\/files\/2016\/01\/VA-\u00d6PNV-3017.jpg'><img loading=\"lazy\" decoding=\"async\" width=\"150\" height=\"150\" src=\"https:\/\/www.gruene-hessen.de\/landtag\/wp-content\/blogs.dir\/2\/files\/2016\/01\/VA-\u00d6PNV-3017-150x150.jpg\" class=\"attachment-thumbnail size-thumbnail\" alt=\"Karin M\u00fcller, Sprecherin f\u00fcr Verkehr und Mobilit\u00e4t der Landtagsfraktion\" aria-describedby=\"gallery-1-17366\" srcset=\"https:\/\/www.gruene-hessen.de\/landtag\/wp-content\/blogs.dir\/2\/files\/2016\/01\/VA-\u00d6PNV-3017-150x150.jpg 150w, https:\/\/www.gruene-hessen.de\/landtag\/wp-content\/blogs.dir\/2\/files\/2016\/01\/VA-\u00d6PNV-3017-170x170.jpg 170w, https:\/\/www.gruene-hessen.de\/landtag\/wp-content\/blogs.dir\/2\/files\/2016\/01\/VA-\u00d6PNV-3017-35x35.jpg 35w\" sizes=\"auto, (max-width: 150px) 100vw, 150px\" \/><\/a>\n\t\t\t<\/dt>\n\t\t\t\t<dd class='wp-caption-text gallery-caption' id='gallery-1-17366'>\n\t\t\t\tKarin M\u00fcller, Sprecherin f\u00fcr Verkehr und Mobilit\u00e4t der Landtagsfraktion\n\t\t\t\t<\/dd><\/dl><br style=\"clear: both\" \/>\n\t\t<\/div>\n\n","protected":false},"excerpt":{"rendered":"<p>Die Finanzierung des \u00f6ffentlichen Nahverkehrs ist eine dauerhaft komplizierte Angelegenheit. Um die Regionalisierungsmittel, die der Bund an die L\u00e4nder zahlen muss, und um ihre Verteilung gibt es immer wieder Streit. Die Mittel nach dem Gemeindeverkehrsfi nanzierungsgesetz konnten zwar \u00fcber 2019 hinaus verl\u00e4ngert werden, die Zukunft der Entfl echtungsmittel, die f\u00fcr den \u00d6PNV in den Kommunen [&hellip;]<\/p>\n","protected":false},"author":3,"featured_media":0,"parent":0,"menu_order":0,"comment_status":"closed","ping_status":"closed","template":"","meta":{"_acf_changed":false,"ngg_post_thumbnail":0,"footnotes":""},"class_list":["post-17359","page","type-page","status-publish","hentry"],"acf":[],"yoast_head":"<!-- This site is optimized with the Yoast SEO plugin v27.4 - https:\/\/yoast.com\/product\/yoast-seo-wordpress\/ -->\n<title>Neue Wege in der \u00d6PNV Finanzierung - Fraktion B\u00fcndnis 90\/Die Gr\u00fcnen im Hessischen Landtag<\/title>\n<meta name=\"robots\" content=\"index, follow, max-snippet:-1, max-image-preview:large, max-video-preview:-1\" \/>\n<link rel=\"canonical\" href=\"https:\/\/www.gruene-hessen.de\/landtag\/neue-wege-in-der-oepnv-finanzierung\/\" \/>\n<meta property=\"og:locale\" content=\"de_DE\" \/>\n<meta property=\"og:type\" content=\"article\" \/>\n<meta property=\"og:title\" content=\"Neue Wege in der \u00d6PNV Finanzierung - Fraktion B\u00fcndnis 90\/Die Gr\u00fcnen im Hessischen Landtag\" \/>\n<meta property=\"og:description\" content=\"Die Finanzierung des \u00f6ffentlichen Nahverkehrs ist eine dauerhaft komplizierte Angelegenheit. Um die Regionalisierungsmittel, die der Bund an die L\u00e4nder zahlen muss, und um ihre Verteilung gibt es immer wieder Streit. Die Mittel nach dem Gemeindeverkehrsfi nanzierungsgesetz konnten zwar \u00fcber 2019 hinaus verl\u00e4ngert werden, die Zukunft der Entfl echtungsmittel, die f\u00fcr den \u00d6PNV in den Kommunen [&hellip;]\" \/>\n<meta property=\"og:url\" content=\"https:\/\/www.gruene-hessen.de\/landtag\/neue-wege-in-der-oepnv-finanzierung\/\" \/>\n<meta property=\"og:site_name\" content=\"Fraktion B\u00fcndnis 90\/Die Gr\u00fcnen im Hessischen Landtag\" \/>\n<meta property=\"article:publisher\" content=\"https:\/\/www.facebook.com\/gruenehessen\" \/>\n<meta property=\"article:modified_time\" content=\"2016-01-21T14:19:34+00:00\" \/>\n<meta property=\"og:image\" content=\"https:\/\/www.gruene-hessen.de\/landtag\/files\/2016\/01\/VA-\u00d6PNV-3001-150x150.jpg\" \/>\n<meta name=\"twitter:card\" content=\"summary_large_image\" \/>\n<meta name=\"twitter:site\" content=\"@gruenehessen\" \/>\n<meta name=\"twitter:label1\" content=\"Gesch\u00e4tzte Lesezeit\" \/>\n\t<meta name=\"twitter:data1\" content=\"1\u00a0Minute\" \/>\n<script type=\"application\/ld+json\" class=\"yoast-schema-graph\">{\"@context\":\"https:\\\/\\\/schema.org\",\"@graph\":[{\"@type\":\"WebPage\",\"@id\":\"https:\\\/\\\/www.gruene-hessen.de\\\/landtag\\\/neue-wege-in-der-oepnv-finanzierung\\\/\",\"url\":\"https:\\\/\\\/www.gruene-hessen.de\\\/landtag\\\/neue-wege-in-der-oepnv-finanzierung\\\/\",\"name\":\"Neue Wege in der \u00d6PNV Finanzierung - Fraktion B\u00fcndnis 90\\\/Die Gr\u00fcnen im Hessischen Landtag\",\"isPartOf\":{\"@id\":\"https:\\\/\\\/www.gruene-hessen.de\\\/landtag\\\/#website\"},\"datePublished\":\"2016-01-21T14:13:53+00:00\",\"dateModified\":\"2016-01-21T14:19:34+00:00\",\"breadcrumb\":{\"@id\":\"https:\\\/\\\/www.gruene-hessen.de\\\/landtag\\\/neue-wege-in-der-oepnv-finanzierung\\\/#breadcrumb\"},\"inLanguage\":\"de\",\"potentialAction\":[{\"@type\":\"ReadAction\",\"target\":[\"https:\\\/\\\/www.gruene-hessen.de\\\/landtag\\\/neue-wege-in-der-oepnv-finanzierung\\\/\"]}]},{\"@type\":\"BreadcrumbList\",\"@id\":\"https:\\\/\\\/www.gruene-hessen.de\\\/landtag\\\/neue-wege-in-der-oepnv-finanzierung\\\/#breadcrumb\",\"itemListElement\":[{\"@type\":\"ListItem\",\"position\":1,\"name\":\"Startseite\",\"item\":\"https:\\\/\\\/www.gruene-hessen.de\\\/landtag\\\/\"},{\"@type\":\"ListItem\",\"position\":2,\"name\":\"Neue Wege in der \u00d6PNV Finanzierung\"}]},{\"@type\":\"WebSite\",\"@id\":\"https:\\\/\\\/www.gruene-hessen.de\\\/landtag\\\/#website\",\"url\":\"https:\\\/\\\/www.gruene-hessen.de\\\/landtag\\\/\",\"name\":\"Fraktion B\u00fcndnis 90\\\/Die Gr\u00fcnen im Hessischen Landtag\",\"description\":\"\",\"publisher\":{\"@id\":\"https:\\\/\\\/www.gruene-hessen.de\\\/landtag\\\/#organization\"},\"potentialAction\":[{\"@type\":\"SearchAction\",\"target\":{\"@type\":\"EntryPoint\",\"urlTemplate\":\"https:\\\/\\\/www.gruene-hessen.de\\\/landtag\\\/?s={search_term_string}\"},\"query-input\":{\"@type\":\"PropertyValueSpecification\",\"valueRequired\":true,\"valueName\":\"search_term_string\"}}],\"inLanguage\":\"de\"},{\"@type\":\"Organization\",\"@id\":\"https:\\\/\\\/www.gruene-hessen.de\\\/landtag\\\/#organization\",\"name\":\"Fraktion B\u00fcndnis 90\\\/Die Gr\u00fcnen im Hessischen Landtag\",\"url\":\"https:\\\/\\\/www.gruene-hessen.de\\\/landtag\\\/\",\"logo\":{\"@type\":\"ImageObject\",\"inLanguage\":\"de\",\"@id\":\"https:\\\/\\\/www.gruene-hessen.de\\\/landtag\\\/#\\\/schema\\\/logo\\\/image\\\/\",\"url\":\"https:\\\/\\\/www.gruene-hessen.de\\\/landtag\\\/files\\\/2023\\\/03\\\/Logo-LTF-Hessen-weiss-gruen-Pfade.png\",\"contentUrl\":\"https:\\\/\\\/www.gruene-hessen.de\\\/landtag\\\/files\\\/2023\\\/03\\\/Logo-LTF-Hessen-weiss-gruen-Pfade.png\",\"width\":1632,\"height\":1000,\"caption\":\"Fraktion B\u00fcndnis 90\\\/Die Gr\u00fcnen im Hessischen Landtag\"},\"image\":{\"@id\":\"https:\\\/\\\/www.gruene-hessen.de\\\/landtag\\\/#\\\/schema\\\/logo\\\/image\\\/\"},\"sameAs\":[\"https:\\\/\\\/www.facebook.com\\\/gruenehessen\",\"https:\\\/\\\/x.com\\\/gruenehessen\",\"https:\\\/\\\/www.instagram.com\\\/gruenehessen\\\/\"]}]}<\/script>\n<!-- \/ Yoast SEO plugin. -->","yoast_head_json":{"title":"Neue Wege in der \u00d6PNV Finanzierung - Fraktion B\u00fcndnis 90\/Die Gr\u00fcnen im Hessischen Landtag","robots":{"index":"index","follow":"follow","max-snippet":"max-snippet:-1","max-image-preview":"max-image-preview:large","max-video-preview":"max-video-preview:-1"},"canonical":"https:\/\/www.gruene-hessen.de\/landtag\/neue-wege-in-der-oepnv-finanzierung\/","og_locale":"de_DE","og_type":"article","og_title":"Neue Wege in der \u00d6PNV Finanzierung - Fraktion B\u00fcndnis 90\/Die Gr\u00fcnen im Hessischen Landtag","og_description":"Die Finanzierung des \u00f6ffentlichen Nahverkehrs ist eine dauerhaft komplizierte Angelegenheit. Um die Regionalisierungsmittel, die der Bund an die L\u00e4nder zahlen muss, und um ihre Verteilung gibt es immer wieder Streit. Die Mittel nach dem Gemeindeverkehrsfi nanzierungsgesetz konnten zwar \u00fcber 2019 hinaus verl\u00e4ngert werden, die Zukunft der Entfl echtungsmittel, die f\u00fcr den \u00d6PNV in den Kommunen [&hellip;]","og_url":"https:\/\/www.gruene-hessen.de\/landtag\/neue-wege-in-der-oepnv-finanzierung\/","og_site_name":"Fraktion B\u00fcndnis 90\/Die Gr\u00fcnen im Hessischen Landtag","article_publisher":"https:\/\/www.facebook.com\/gruenehessen","article_modified_time":"2016-01-21T14:19:34+00:00","og_image":[{"url":"https:\/\/www.gruene-hessen.de\/landtag\/files\/2016\/01\/VA-\u00d6PNV-3001-150x150.jpg","type":"","width":"","height":""}],"twitter_card":"summary_large_image","twitter_site":"@gruenehessen","twitter_misc":{"Gesch\u00e4tzte Lesezeit":"1\u00a0Minute"},"schema":{"@context":"https:\/\/schema.org","@graph":[{"@type":"WebPage","@id":"https:\/\/www.gruene-hessen.de\/landtag\/neue-wege-in-der-oepnv-finanzierung\/","url":"https:\/\/www.gruene-hessen.de\/landtag\/neue-wege-in-der-oepnv-finanzierung\/","name":"Neue Wege in der \u00d6PNV Finanzierung - Fraktion B\u00fcndnis 90\/Die Gr\u00fcnen im Hessischen Landtag","isPartOf":{"@id":"https:\/\/www.gruene-hessen.de\/landtag\/#website"},"datePublished":"2016-01-21T14:13:53+00:00","dateModified":"2016-01-21T14:19:34+00:00","breadcrumb":{"@id":"https:\/\/www.gruene-hessen.de\/landtag\/neue-wege-in-der-oepnv-finanzierung\/#breadcrumb"},"inLanguage":"de","potentialAction":[{"@type":"ReadAction","target":["https:\/\/www.gruene-hessen.de\/landtag\/neue-wege-in-der-oepnv-finanzierung\/"]}]},{"@type":"BreadcrumbList","@id":"https:\/\/www.gruene-hessen.de\/landtag\/neue-wege-in-der-oepnv-finanzierung\/#breadcrumb","itemListElement":[{"@type":"ListItem","position":1,"name":"Startseite","item":"https:\/\/www.gruene-hessen.de\/landtag\/"},{"@type":"ListItem","position":2,"name":"Neue Wege in der \u00d6PNV Finanzierung"}]},{"@type":"WebSite","@id":"https:\/\/www.gruene-hessen.de\/landtag\/#website","url":"https:\/\/www.gruene-hessen.de\/landtag\/","name":"Fraktion B\u00fcndnis 90\/Die Gr\u00fcnen im Hessischen Landtag","description":"","publisher":{"@id":"https:\/\/www.gruene-hessen.de\/landtag\/#organization"},"potentialAction":[{"@type":"SearchAction","target":{"@type":"EntryPoint","urlTemplate":"https:\/\/www.gruene-hessen.de\/landtag\/?s={search_term_string}"},"query-input":{"@type":"PropertyValueSpecification","valueRequired":true,"valueName":"search_term_string"}}],"inLanguage":"de"},{"@type":"Organization","@id":"https:\/\/www.gruene-hessen.de\/landtag\/#organization","name":"Fraktion B\u00fcndnis 90\/Die Gr\u00fcnen im Hessischen Landtag","url":"https:\/\/www.gruene-hessen.de\/landtag\/","logo":{"@type":"ImageObject","inLanguage":"de","@id":"https:\/\/www.gruene-hessen.de\/landtag\/#\/schema\/logo\/image\/","url":"https:\/\/www.gruene-hessen.de\/landtag\/files\/2023\/03\/Logo-LTF-Hessen-weiss-gruen-Pfade.png","contentUrl":"https:\/\/www.gruene-hessen.de\/landtag\/files\/2023\/03\/Logo-LTF-Hessen-weiss-gruen-Pfade.png","width":1632,"height":1000,"caption":"Fraktion B\u00fcndnis 90\/Die Gr\u00fcnen im Hessischen Landtag"},"image":{"@id":"https:\/\/www.gruene-hessen.de\/landtag\/#\/schema\/logo\/image\/"},"sameAs":["https:\/\/www.facebook.com\/gruenehessen","https:\/\/x.com\/gruenehessen","https:\/\/www.instagram.com\/gruenehessen\/"]}]}},"_links":{"self":[{"href":"https:\/\/www.gruene-hessen.de\/landtag\/wp-json\/wp\/v2\/pages\/17359","targetHints":{"allow":["GET"]}}],"collection":[{"href":"https:\/\/www.gruene-hessen.de\/landtag\/wp-json\/wp\/v2\/pages"}],"about":[{"href":"https:\/\/www.gruene-hessen.de\/landtag\/wp-json\/wp\/v2\/types\/page"}],"author":[{"embeddable":true,"href":"https:\/\/www.gruene-hessen.de\/landtag\/wp-json\/wp\/v2\/users\/3"}],"replies":[{"embeddable":true,"href":"https:\/\/www.gruene-hessen.de\/landtag\/wp-json\/wp\/v2\/comments?post=17359"}],"version-history":[{"count":0,"href":"https:\/\/www.gruene-hessen.de\/landtag\/wp-json\/wp\/v2\/pages\/17359\/revisions"}],"wp:attachment":[{"href":"https:\/\/www.gruene-hessen.de\/landtag\/wp-json\/wp\/v2\/media?parent=17359"}],"curies":[{"name":"wp","href":"https:\/\/api.w.org\/{rel}","templated":true}]}}