{"id":15473,"date":"2015-02-18T11:07:08","date_gmt":"2015-02-18T10:07:08","guid":{"rendered":"https:\/\/www.gruene-hessen.de\/landtag\/?page_id=15473"},"modified":"2015-02-18T11:09:34","modified_gmt":"2015-02-18T10:09:34","slug":"frauenempfang-2015","status":"publish","type":"page","link":"https:\/\/www.gruene-hessen.de\/landtag\/frauenempfang-2015\/","title":{"rendered":"Frauenempfang 2015"},"content":{"rendered":"<p>Liebe Frauen,<\/p>\n<p>anl\u00e4sslich des Internationalen Frauentags l\u00e4dt die Landtagsfraktion von B\u00dcNDNIS 90\/DIE GR\u00dcNEN Euch herzlich zu unserem diesj\u00e4hrigen Empfang<\/p>\n<p>am <strong>10. Februar um 18 Uhr<\/strong> im Landtag in Wiesbaden<\/p>\n<p>ein.<\/p>\n<p>Im Anschluss an ein Podiumsgespr\u00e4ch mit interessanten Frauen in F\u00fchrungspositionen besteht die M\u00f6glichkeit zu Gespr\u00e4chen bei einem kleinen Imbiss.<\/p>\n<p>Wir w\u00fcrden uns sehr \u00fcber Eure Teilnahme freuen.<br \/>\nZur Anmeldung schickt bitte eine E-Mail an: <a href=\"mailto:a.wosnitza@ltg.hessen.de\">a.wosnitza@ltg.hessen.de<\/a><\/p>\n<p>&nbsp;<\/p>\n<p>Herzliche Gr\u00fc\u00dfe<\/p>\n<p>Sigrid Erfurth<br \/>\nFrauenpolitische Sprecherin von B\u00dcNDNIS 90\/DIE GR\u00dcNEN im Landtag<\/p>\n","protected":false},"excerpt":{"rendered":"<p>Liebe Frauen, anl\u00e4sslich des Internationalen Frauentags l\u00e4dt die Landtagsfraktion von B\u00dcNDNIS 90\/DIE GR\u00dcNEN Euch herzlich zu unserem diesj\u00e4hrigen Empfang am 10. Februar um 18 Uhr im Landtag in Wiesbaden ein. Im Anschluss an ein Podiumsgespr\u00e4ch mit interessanten Frauen in F\u00fchrungspositionen besteht die M\u00f6glichkeit zu Gespr\u00e4chen bei einem kleinen Imbiss. Wir w\u00fcrden uns sehr \u00fcber Eure [&hellip;]<\/p>\n","protected":false},"author":11,"featured_media":0,"parent":0,"menu_order":0,"comment_status":"closed","ping_status":"closed","template":"","meta":{"_acf_changed":false,"ngg_post_thumbnail":0,"footnotes":""},"class_list":["post-15473","page","type-page","status-publish","hentry"],"acf":[],"yoast_head":"<!-- This site is optimized with the Yoast SEO plugin v27.6 - https:\/\/yoast.com\/product\/yoast-seo-wordpress\/ -->\n<title>Frauenempfang 2015 - Fraktion B\u00fcndnis 90\/Die Gr\u00fcnen im Hessischen Landtag<\/title>\n<meta name=\"robots\" content=\"index, follow, max-snippet:-1, max-image-preview:large, max-video-preview:-1\" \/>\n<link rel=\"canonical\" href=\"https:\/\/www.gruene-hessen.de\/landtag\/frauenempfang-2015\/\" \/>\n<meta property=\"og:locale\" content=\"de_DE\" \/>\n<meta property=\"og:type\" content=\"article\" \/>\n<meta property=\"og:title\" content=\"Frauenempfang 2015 - Fraktion B\u00fcndnis 90\/Die Gr\u00fcnen im Hessischen Landtag\" \/>\n<meta property=\"og:description\" content=\"Liebe Frauen, anl\u00e4sslich des Internationalen Frauentags l\u00e4dt die Landtagsfraktion von B\u00dcNDNIS 90\/DIE GR\u00dcNEN Euch herzlich zu unserem diesj\u00e4hrigen Empfang am 10. Februar um 18 Uhr im Landtag in Wiesbaden ein. Im Anschluss an ein Podiumsgespr\u00e4ch mit interessanten Frauen in F\u00fchrungspositionen besteht die M\u00f6glichkeit zu Gespr\u00e4chen bei einem kleinen Imbiss. Wir w\u00fcrden uns sehr \u00fcber Eure [&hellip;]\" \/>\n<meta property=\"og:url\" content=\"https:\/\/www.gruene-hessen.de\/landtag\/frauenempfang-2015\/\" \/>\n<meta property=\"og:site_name\" content=\"Fraktion B\u00fcndnis 90\/Die Gr\u00fcnen im Hessischen Landtag\" \/>\n<meta property=\"article:publisher\" content=\"https:\/\/www.facebook.com\/gruenehessen\" \/>\n<meta property=\"article:modified_time\" content=\"2015-02-18T10:09:34+00:00\" \/>\n<meta name=\"twitter:card\" content=\"summary_large_image\" \/>\n<meta name=\"twitter:site\" content=\"@gruenehessen\" \/>\n<script type=\"application\/ld+json\" class=\"yoast-schema-graph\">{\"@context\":\"https:\\\/\\\/schema.org\",\"@graph\":[{\"@type\":\"WebPage\",\"@id\":\"https:\\\/\\\/www.gruene-hessen.de\\\/landtag\\\/frauenempfang-2015\\\/\",\"url\":\"https:\\\/\\\/www.gruene-hessen.de\\\/landtag\\\/frauenempfang-2015\\\/\",\"name\":\"Frauenempfang 2015 - Fraktion B\u00fcndnis 90\\\/Die Gr\u00fcnen im Hessischen Landtag\",\"isPartOf\":{\"@id\":\"https:\\\/\\\/www.gruene-hessen.de\\\/landtag\\\/#website\"},\"datePublished\":\"2015-02-18T10:07:08+00:00\",\"dateModified\":\"2015-02-18T10:09:34+00:00\",\"breadcrumb\":{\"@id\":\"https:\\\/\\\/www.gruene-hessen.de\\\/landtag\\\/frauenempfang-2015\\\/#breadcrumb\"},\"inLanguage\":\"de\",\"potentialAction\":[{\"@type\":\"ReadAction\",\"target\":[\"https:\\\/\\\/www.gruene-hessen.de\\\/landtag\\\/frauenempfang-2015\\\/\"]}]},{\"@type\":\"BreadcrumbList\",\"@id\":\"https:\\\/\\\/www.gruene-hessen.de\\\/landtag\\\/frauenempfang-2015\\\/#breadcrumb\",\"itemListElement\":[{\"@type\":\"ListItem\",\"position\":1,\"name\":\"Startseite\",\"item\":\"https:\\\/\\\/www.gruene-hessen.de\\\/landtag\\\/\"},{\"@type\":\"ListItem\",\"position\":2,\"name\":\"Frauenempfang 2015\"}]},{\"@type\":\"WebSite\",\"@id\":\"https:\\\/\\\/www.gruene-hessen.de\\\/landtag\\\/#website\",\"url\":\"https:\\\/\\\/www.gruene-hessen.de\\\/landtag\\\/\",\"name\":\"Fraktion B\u00fcndnis 90\\\/Die Gr\u00fcnen im Hessischen Landtag\",\"description\":\"\",\"publisher\":{\"@id\":\"https:\\\/\\\/www.gruene-hessen.de\\\/landtag\\\/#organization\"},\"potentialAction\":[{\"@type\":\"SearchAction\",\"target\":{\"@type\":\"EntryPoint\",\"urlTemplate\":\"https:\\\/\\\/www.gruene-hessen.de\\\/landtag\\\/?s={search_term_string}\"},\"query-input\":{\"@type\":\"PropertyValueSpecification\",\"valueRequired\":true,\"valueName\":\"search_term_string\"}}],\"inLanguage\":\"de\"},{\"@type\":\"Organization\",\"@id\":\"https:\\\/\\\/www.gruene-hessen.de\\\/landtag\\\/#organization\",\"name\":\"Fraktion B\u00fcndnis 90\\\/Die Gr\u00fcnen im Hessischen Landtag\",\"url\":\"https:\\\/\\\/www.gruene-hessen.de\\\/landtag\\\/\",\"logo\":{\"@type\":\"ImageObject\",\"inLanguage\":\"de\",\"@id\":\"https:\\\/\\\/www.gruene-hessen.de\\\/landtag\\\/#\\\/schema\\\/logo\\\/image\\\/\",\"url\":\"https:\\\/\\\/www.gruene-hessen.de\\\/landtag\\\/files\\\/2023\\\/03\\\/Logo-LTF-Hessen-weiss-gruen-Pfade.png\",\"contentUrl\":\"https:\\\/\\\/www.gruene-hessen.de\\\/landtag\\\/files\\\/2023\\\/03\\\/Logo-LTF-Hessen-weiss-gruen-Pfade.png\",\"width\":1632,\"height\":1000,\"caption\":\"Fraktion B\u00fcndnis 90\\\/Die Gr\u00fcnen im Hessischen Landtag\"},\"image\":{\"@id\":\"https:\\\/\\\/www.gruene-hessen.de\\\/landtag\\\/#\\\/schema\\\/logo\\\/image\\\/\"},\"sameAs\":[\"https:\\\/\\\/www.facebook.com\\\/gruenehessen\",\"https:\\\/\\\/x.com\\\/gruenehessen\",\"https:\\\/\\\/www.instagram.com\\\/gruenehessen\\\/\"]}]}<\/script>\n<!-- \/ Yoast SEO plugin. -->","yoast_head_json":{"title":"Frauenempfang 2015 - Fraktion B\u00fcndnis 90\/Die Gr\u00fcnen im Hessischen Landtag","robots":{"index":"index","follow":"follow","max-snippet":"max-snippet:-1","max-image-preview":"max-image-preview:large","max-video-preview":"max-video-preview:-1"},"canonical":"https:\/\/www.gruene-hessen.de\/landtag\/frauenempfang-2015\/","og_locale":"de_DE","og_type":"article","og_title":"Frauenempfang 2015 - Fraktion B\u00fcndnis 90\/Die Gr\u00fcnen im Hessischen Landtag","og_description":"Liebe Frauen, anl\u00e4sslich des Internationalen Frauentags l\u00e4dt die Landtagsfraktion von B\u00dcNDNIS 90\/DIE GR\u00dcNEN Euch herzlich zu unserem diesj\u00e4hrigen Empfang am 10. Februar um 18 Uhr im Landtag in Wiesbaden ein. Im Anschluss an ein Podiumsgespr\u00e4ch mit interessanten Frauen in F\u00fchrungspositionen besteht die M\u00f6glichkeit zu Gespr\u00e4chen bei einem kleinen Imbiss. Wir w\u00fcrden uns sehr \u00fcber Eure [&hellip;]","og_url":"https:\/\/www.gruene-hessen.de\/landtag\/frauenempfang-2015\/","og_site_name":"Fraktion B\u00fcndnis 90\/Die Gr\u00fcnen im Hessischen Landtag","article_publisher":"https:\/\/www.facebook.com\/gruenehessen","article_modified_time":"2015-02-18T10:09:34+00:00","twitter_card":"summary_large_image","twitter_site":"@gruenehessen","schema":{"@context":"https:\/\/schema.org","@graph":[{"@type":"WebPage","@id":"https:\/\/www.gruene-hessen.de\/landtag\/frauenempfang-2015\/","url":"https:\/\/www.gruene-hessen.de\/landtag\/frauenempfang-2015\/","name":"Frauenempfang 2015 - Fraktion B\u00fcndnis 90\/Die Gr\u00fcnen im Hessischen Landtag","isPartOf":{"@id":"https:\/\/www.gruene-hessen.de\/landtag\/#website"},"datePublished":"2015-02-18T10:07:08+00:00","dateModified":"2015-02-18T10:09:34+00:00","breadcrumb":{"@id":"https:\/\/www.gruene-hessen.de\/landtag\/frauenempfang-2015\/#breadcrumb"},"inLanguage":"de","potentialAction":[{"@type":"ReadAction","target":["https:\/\/www.gruene-hessen.de\/landtag\/frauenempfang-2015\/"]}]},{"@type":"BreadcrumbList","@id":"https:\/\/www.gruene-hessen.de\/landtag\/frauenempfang-2015\/#breadcrumb","itemListElement":[{"@type":"ListItem","position":1,"name":"Startseite","item":"https:\/\/www.gruene-hessen.de\/landtag\/"},{"@type":"ListItem","position":2,"name":"Frauenempfang 2015"}]},{"@type":"WebSite","@id":"https:\/\/www.gruene-hessen.de\/landtag\/#website","url":"https:\/\/www.gruene-hessen.de\/landtag\/","name":"Fraktion B\u00fcndnis 90\/Die Gr\u00fcnen im Hessischen Landtag","description":"","publisher":{"@id":"https:\/\/www.gruene-hessen.de\/landtag\/#organization"},"potentialAction":[{"@type":"SearchAction","target":{"@type":"EntryPoint","urlTemplate":"https:\/\/www.gruene-hessen.de\/landtag\/?s={search_term_string}"},"query-input":{"@type":"PropertyValueSpecification","valueRequired":true,"valueName":"search_term_string"}}],"inLanguage":"de"},{"@type":"Organization","@id":"https:\/\/www.gruene-hessen.de\/landtag\/#organization","name":"Fraktion B\u00fcndnis 90\/Die Gr\u00fcnen im Hessischen Landtag","url":"https:\/\/www.gruene-hessen.de\/landtag\/","logo":{"@type":"ImageObject","inLanguage":"de","@id":"https:\/\/www.gruene-hessen.de\/landtag\/#\/schema\/logo\/image\/","url":"https:\/\/www.gruene-hessen.de\/landtag\/files\/2023\/03\/Logo-LTF-Hessen-weiss-gruen-Pfade.png","contentUrl":"https:\/\/www.gruene-hessen.de\/landtag\/files\/2023\/03\/Logo-LTF-Hessen-weiss-gruen-Pfade.png","width":1632,"height":1000,"caption":"Fraktion B\u00fcndnis 90\/Die Gr\u00fcnen im Hessischen Landtag"},"image":{"@id":"https:\/\/www.gruene-hessen.de\/landtag\/#\/schema\/logo\/image\/"},"sameAs":["https:\/\/www.facebook.com\/gruenehessen","https:\/\/x.com\/gruenehessen","https:\/\/www.instagram.com\/gruenehessen\/"]}]}},"_links":{"self":[{"href":"https:\/\/www.gruene-hessen.de\/landtag\/wp-json\/wp\/v2\/pages\/15473","targetHints":{"allow":["GET"]}}],"collection":[{"href":"https:\/\/www.gruene-hessen.de\/landtag\/wp-json\/wp\/v2\/pages"}],"about":[{"href":"https:\/\/www.gruene-hessen.de\/landtag\/wp-json\/wp\/v2\/types\/page"}],"author":[{"embeddable":true,"href":"https:\/\/www.gruene-hessen.de\/landtag\/wp-json\/wp\/v2\/users\/11"}],"replies":[{"embeddable":true,"href":"https:\/\/www.gruene-hessen.de\/landtag\/wp-json\/wp\/v2\/comments?post=15473"}],"version-history":[{"count":0,"href":"https:\/\/www.gruene-hessen.de\/landtag\/wp-json\/wp\/v2\/pages\/15473\/revisions"}],"wp:attachment":[{"href":"https:\/\/www.gruene-hessen.de\/landtag\/wp-json\/wp\/v2\/media?parent=15473"}],"curies":[{"name":"wp","href":"https:\/\/api.w.org\/{rel}","templated":true}]}}